{"id":1013,"date":"2014-04-14T15:04:38","date_gmt":"2014-04-14T15:04:38","guid":{"rendered":"http:\/\/prueba.asociacioncomerciantesdepetrer.es\/?page_id=1013"},"modified":"2025-03-25T18:04:40","modified_gmt":"2025-03-25T18:04:40","slug":"unete","status":"publish","type":"page","link":"https:\/\/asociacioncomerciantesdepetrer.es\/index.php\/unete\/","title":{"rendered":""},"content":{"rendered":"<h3>\u00bfPor qu\u00e9 asociarse?<\/h3>\n<p>La Asociaci\u00f3n de Comerciantes de Petrer, que ha crecido exponencialmente en n\u00famero de asociados en los \u00faltimos a\u00f1os, ha nacido bajo la idea central de unidad y ha dado muestras de su utilidad desde entonces. La Asociaci\u00f3n ha \u00a0realizado campa\u00f1as promocionales tem\u00e1ticas y estacionarias (desde San Valent\u00edn hasta\u00a0 promover una alimentaci\u00f3n saludable), organiza con gran \u00e9xito una Gala del Comercio Anual en el Teatro Cervantes de la localidad, ofrece regalos y descuentos a sus clientes, organiza jornadas de puertas abiertas y actividades l\u00fadicas, y se ha erigido como el interlocutor v\u00e1lido del comercio de la zona con los agentes pol\u00edticos y sociales de la localidad.<\/p>\n<p>Por capacidad de trabajo y organizativa, por su vocaci\u00f3n grupal y de servicio tanto a clientes como a negocios, y por su un\u00edvoca intenci\u00f3n de ser un elemento \u00fatil y dinamizador en las relaciones comerciales de la localidad, no hay ninguna raz\u00f3n l\u00f3gica que desaconseje formar parte de esta gran familia.La m\u00e1xima de la uni\u00f3n hace la fuerza es hoy m\u00e1s cierta que nunca en el mundo comercial. Agrupados los comercios en una misma asociaci\u00f3n que act\u00faa como paraguas y salvaguarda de los intereses de todos los asociados, las posibilidades de acci\u00f3n del colectivo multiplican las de cualquier negocio singular, y pr\u00e1cticamente gratuito con los descuentos exclusivos de combustible para los asociados.<\/p>\n<p>A la hora de hablar de la Asociaci\u00f3n, no es s\u00f3lo qu\u00e9 se ha hecho, sino tambi\u00e9n todo lo que est\u00e1 por lograrse. En momentos cr\u00edticos econ\u00f3micamente, la Asociaci\u00f3n es un foro libre de ideas y propuestas capaz de, con su unidad de acci\u00f3n y de aunar voluntades, influir e incluso revertir la suerte de los comercios y sectores. Una de las \u00faltimas acciones del colectivo ha sido la creaci\u00f3n de la web <a href=\"https:\/\/comerciopetrer.es\/\">comerciopetrer.es<\/a> y una aplicaci\u00f3n m\u00f3vil, disponible en <a href=\"https:\/\/play.google.com\/store\/apps\/details?id=com.nocodebuilder.apps62b72658c7a88&amp;hl=en-us\" target=\"_blank\" rel=\"noopener\">Android<\/a> e <a href=\"https:\/\/apps.apple.com\/es\/app\/asociaci%C3%B3n-comercio-petrer\/id6448929237\" target=\"_blank\" rel=\"noopener\">IOS<\/a> (Busca en la tienda de aplicaciones de tu sistema \u00abAsociacion comerciantes de Petrer\u00bb) que ha de establecerse como plataformas grupales que recojan las novedades y oportunidades que a los clientes y vecinos ofrece a diario el tejido comercial del municipio. M\u00e1s acciones y propuestas vienen en camino. Es hora de unirse.<\/p>\n\n\n<h2 class=\"wp-block-heading\">FICHA DE AFILIACI\u00d3N<\/h2>\n\n\n\n<h3 class=\"wp-block-heading\">Una vez rellenado este formulario, un representante de la Asociaci\u00f3n se pondr\u00e1 en contacto con usted para validar y firmar la afiliaci\u00f3n.<\/h3>\n\n\n\n<hr class=\"wp-block-separator has-alpha-channel-opacity\"\/>\n\n\n<style id=\"wpforms-css-vars-root\">\n\t\t\t\t:root {\n\t\t\t\t\t--wpforms-field-border-radius: 3px;\n--wpforms-field-background-color: #ffffff;\n--wpforms-field-border-color: rgba( 0, 0, 0, 0.25 );\n--wpforms-field-text-color: rgba( 0, 0, 0, 0.7 );\n--wpforms-label-color: rgba( 0, 0, 0, 0.85 );\n--wpforms-label-sublabel-color: rgba( 0, 0, 0, 0.55 );\n--wpforms-label-error-color: #d63637;\n--wpforms-button-border-radius: 3px;\n--wpforms-button-background-color: #066aab;\n--wpforms-button-text-color: #ffffff;\n--wpforms-field-size-input-height: 43px;\n--wpforms-field-size-input-spacing: 15px;\n--wpforms-field-size-font-size: 16px;\n--wpforms-field-size-line-height: 19px;\n--wpforms-field-size-padding-h: 14px;\n--wpforms-field-size-checkbox-size: 16px;\n--wpforms-field-size-sublabel-spacing: 5px;\n--wpforms-field-size-icon-size: 1;\n--wpforms-label-size-font-size: 16px;\n--wpforms-label-size-line-height: 19px;\n--wpforms-label-size-sublabel-font-size: 14px;\n--wpforms-label-size-sublabel-line-height: 17px;\n--wpforms-button-size-font-size: 17px;\n--wpforms-button-size-height: 41px;\n--wpforms-button-size-padding-h: 15px;\n--wpforms-button-size-margin-top: 10px;\n\n\t\t\t\t}\n\t\t\t<\/style><div class=\"wpforms-container wpforms-container-full wpforms-block wpforms-block-c097b58a-f788-4637-b3e7-3b075396fc20 wpforms-render-modern\" id=\"wpforms-4089\"><form id=\"wpforms-form-4089\" class=\"wpforms-validate wpforms-form wpforms-ajax-form\" data-formid=\"4089\" method=\"post\" enctype=\"multipart\/form-data\" action=\"\/index.php\/wp-json\/wp\/v2\/pages\/1013\" data-token=\"adfdd8aaa0f9168e30dd2abba68a17b1\"><noscript class=\"wpforms-error-noscript\">Por favor, activa JavaScript en tu navegador para completar este formulario.<\/noscript><div class=\"wpforms-hidden\" id=\"wpforms-error-noscript\">Por favor, activa JavaScript en tu navegador para completar este formulario.<\/div><div class=\"wpforms-field-container\"><div id=\"wpforms-4089-field_3-container\" class=\"wpforms-field wpforms-field-text\" data-field-id=\"3\"><label class=\"wpforms-field-label\" for=\"wpforms-4089-field_3\">Actividad Comercial <span class=\"wpforms-required-label\" aria-hidden=\"true\">*<\/span><\/label><input type=\"text\" id=\"wpforms-4089-field_3\" class=\"wpforms-field-medium wpforms-field-required\" name=\"wpforms[fields][3]\" aria-errormessage=\"wpforms-4089-field_3-error\" required><\/div><div id=\"wpforms-4089-field_4-container\" class=\"wpforms-field wpforms-field-text\" data-field-id=\"4\"><label class=\"wpforms-field-label\" for=\"wpforms-4089-field_4\">Nombre del Comercio <span class=\"wpforms-required-label\" aria-hidden=\"true\">*<\/span><\/label><input type=\"text\" id=\"wpforms-4089-field_4\" class=\"wpforms-field-medium wpforms-field-required\" name=\"wpforms[fields][4]\" aria-errormessage=\"wpforms-4089-field_4-error\" required><\/div><div id=\"wpforms-4089-field_0-container\" class=\"wpforms-field wpforms-field-name\" data-field-id=\"0\"><fieldset><legend class=\"wpforms-field-label\">Nombre del Representante <span class=\"wpforms-required-label\" aria-hidden=\"true\">*<\/span><\/legend><div class=\"wpforms-field-row wpforms-field-medium\"><div class=\"wpforms-field-row-block wpforms-first wpforms-one-half\"><input type=\"text\" id=\"wpforms-4089-field_0\" class=\"wpforms-field-name-first wpforms-field-required\" name=\"wpforms[fields][0][first]\" aria-errormessage=\"wpforms-4089-field_0-error\" required><label for=\"wpforms-4089-field_0\" class=\"wpforms-field-sublabel after \">Nombre<\/label><\/div><div class=\"wpforms-field-row-block wpforms-one-half\"><input type=\"text\" id=\"wpforms-4089-field_0-last\" class=\"wpforms-field-name-last wpforms-field-required\" name=\"wpforms[fields][0][last]\" aria-errormessage=\"wpforms-4089-field_0-last-error\" required><label for=\"wpforms-4089-field_0-last\" class=\"wpforms-field-sublabel after \">Apellidos<\/label><\/div><\/div><\/fieldset><\/div><div id=\"wpforms-4089-field_5-container\" class=\"wpforms-field wpforms-field-address\" data-field-id=\"5\"><fieldset><legend class=\"wpforms-field-label\">Domicilio social <span class=\"wpforms-required-label\" aria-hidden=\"true\">*<\/span><\/legend><div class=\"wpforms-field-row wpforms-field-medium\"><div ><input type=\"text\" id=\"wpforms-4089-field_5\" class=\"wpforms-field-address-address1 wpforms-field-required\" name=\"wpforms[fields][5][address1]\" aria-errormessage=\"wpforms-4089-field_5-error\" required><label for=\"wpforms-4089-field_5\" class=\"wpforms-field-sublabel after \">Direcci\u00f3n (l\u00ednea 1)<\/label><\/div><\/div><div class=\"wpforms-field-row wpforms-field-medium\"><div ><input type=\"text\" id=\"wpforms-4089-field_5-address2\" class=\"wpforms-field-address-address2\" name=\"wpforms[fields][5][address2]\" aria-errormessage=\"wpforms-4089-field_5-address2-error\" ><label for=\"wpforms-4089-field_5-address2\" class=\"wpforms-field-sublabel after \">Direcci\u00f3n 2<\/label><\/div><\/div><div class=\"wpforms-field-row wpforms-field-medium\"><div class=\"wpforms-field-row-block wpforms-one-half wpforms-first\"><input type=\"text\" id=\"wpforms-4089-field_5-city\" class=\"wpforms-field-address-city wpforms-field-required\" name=\"wpforms[fields][5][city]\" aria-errormessage=\"wpforms-4089-field_5-city-error\" required><label for=\"wpforms-4089-field_5-city\" class=\"wpforms-field-sublabel after \">Ciudad<\/label><\/div><div class=\"wpforms-field-row-block wpforms-one-half\"><select id=\"wpforms-4089-field_5-state\" class=\"wpforms-field-address-state wpforms-field-required\" name=\"wpforms[fields][5][state]\" aria-errormessage=\"wpforms-4089-field_5-state-error\" required><option value=\"AL\" >Alabama<\/option><option value=\"AK\" >Alaska<\/option><option value=\"AZ\" >Arizona<\/option><option value=\"AR\" >Arkansas<\/option><option value=\"CA\" >California<\/option><option value=\"CO\" >Colorado<\/option><option value=\"CT\" >Connecticut<\/option><option value=\"DE\" >Delaware<\/option><option value=\"DC\" >Distrito de Columbia<\/option><option value=\"FL\" >Florida<\/option><option value=\"GA\" >Georgia<\/option><option value=\"HI\" >Hawai<\/option><option value=\"ID\" >Idaho<\/option><option value=\"IL\" >Illinois<\/option><option value=\"IN\" >Indiana<\/option><option value=\"IA\" >Iowa<\/option><option value=\"KS\" >Kansas<\/option><option value=\"KY\" >Kentucky<\/option><option value=\"LA\" >Luisiana<\/option><option value=\"ME\" >Maine<\/option><option value=\"MD\" >Maryland<\/option><option value=\"MA\" >Massachusetts<\/option><option value=\"MI\" >M\u00edchigan<\/option><option value=\"MN\" >Minnesota<\/option><option value=\"MS\" >Misisip\u00ed<\/option><option value=\"MO\" >Misuri<\/option><option value=\"MT\" >Montana<\/option><option value=\"NE\" >Nebraska<\/option><option value=\"NV\" >Nevada<\/option><option value=\"NH\" >Nuevo Hampshire<\/option><option value=\"NJ\" >Nueva Jersey<\/option><option value=\"NM\" >Nuevo M\u00e9xico<\/option><option value=\"NY\" >Nueva York<\/option><option value=\"NC\" >Carolina del norte<\/option><option value=\"ND\" >Dakota del norte<\/option><option value=\"OH\" >Ohio<\/option><option value=\"OK\" >Oklahoma<\/option><option value=\"OR\" >Oreg\u00f3n<\/option><option value=\"PA\" >Pensilvania<\/option><option value=\"RI\" >Rhode Island<\/option><option value=\"SC\" >Carolina del Sur<\/option><option value=\"SD\" >Dakota del Sur<\/option><option value=\"TN\" >Tennessee<\/option><option value=\"TX\" >Texas<\/option><option value=\"UT\" >Utah<\/option><option value=\"VT\" >Vermont<\/option><option value=\"VA\" >Virginia<\/option><option value=\"WA\" >Washington<\/option><option value=\"WV\" >Virginia Occidental<\/option><option value=\"WI\" >Wisconsin<\/option><option value=\"WY\" >Wyoming<\/option><\/select><label for=\"wpforms-4089-field_5-state\" class=\"wpforms-field-sublabel after \">Provincia<\/label><\/div><\/div><div class=\"wpforms-field-row wpforms-field-medium\"><div class=\"wpforms-field-row-block wpforms-one-half wpforms-first\"><input type=\"text\" id=\"wpforms-4089-field_5-postal\" class=\"wpforms-field-address-postal wpforms-field-required wpforms-masked-input\" data-inputmask-mask=\"(99999)|(99999-9999)\" data-inputmask-keepstatic=\"true\" data-rule-inputmask-incomplete=\"1\" name=\"wpforms[fields][5][postal]\" aria-errormessage=\"wpforms-4089-field_5-postal-error\" required><label for=\"wpforms-4089-field_5-postal\" class=\"wpforms-field-sublabel after \">C\u00f3digo Postal<\/label><\/div><\/div><\/fieldset><\/div><div id=\"wpforms-4089-field_6-container\" class=\"wpforms-field wpforms-field-phone\" data-field-id=\"6\"><label class=\"wpforms-field-label\" for=\"wpforms-4089-field_6\">Tel\u00e9fono <span class=\"wpforms-required-label\" aria-hidden=\"true\">*<\/span><\/label><input type=\"tel\" id=\"wpforms-4089-field_6\" class=\"wpforms-field-medium wpforms-field-required wpforms-smart-phone-field\" data-rule-smart-phone-field=\"true\" name=\"wpforms[fields][6]\" aria-errormessage=\"wpforms-4089-field_6-error\" required><\/div><div id=\"wpforms-4089-field_1-container\" class=\"wpforms-field wpforms-field-email\" data-field-id=\"1\"><label class=\"wpforms-field-label\" for=\"wpforms-4089-field_1\">Correo electr\u00f3nico <span class=\"wpforms-required-label\" aria-hidden=\"true\">*<\/span><\/label><input type=\"email\" id=\"wpforms-4089-field_1\" class=\"wpforms-field-medium wpforms-field-required\" name=\"wpforms[fields][1]\" spellcheck=\"false\" aria-errormessage=\"wpforms-4089-field_1-error\" required><\/div><div id=\"wpforms-4089-field_2-container\" class=\"wpforms-field wpforms-field-textarea\" data-field-id=\"2\"><label class=\"wpforms-field-label\" for=\"wpforms-4089-field_2\">Comentario o mensaje<\/label><textarea id=\"wpforms-4089-field_2\" class=\"wpforms-field-medium\" name=\"wpforms[fields][2]\" aria-errormessage=\"wpforms-4089-field_2-error\" ><\/textarea><\/div><\/div><!-- .wpforms-field-container --><div class=\"wpforms-submit-container\" ><input type=\"hidden\" name=\"wpforms[id]\" value=\"4089\"><input type=\"hidden\" name=\"wpforms[author]\" value=\"2\"><button type=\"submit\" name=\"wpforms[submit]\" id=\"wpforms-submit-4089\" class=\"wpforms-submit\" data-alt-text=\"Enviando...\" data-submit-text=\"Enviar\" aria-live=\"assertive\" value=\"wpforms-submit\">Enviar<\/button><img loading=\"lazy\" decoding=\"async\" src=\"https:\/\/asociacioncomerciantesdepetrer.es\/wp-content\/plugins\/wpforms\/assets\/images\/submit-spin.svg\" class=\"wpforms-submit-spinner\" style=\"display: none;\" width=\"26\" height=\"26\" alt=\"Cargando\"><\/div><\/form><\/div>  <!-- .wpforms-container -->","protected":false},"excerpt":{"rendered":"<p>\u00bfPor qu\u00e9 asociarse? La Asociaci\u00f3n de Comerciantes de Petrer, que ha crecido exponencialmente en n\u00famero de asociados en los \u00faltimos a\u00f1os, ha nacido bajo la idea central de unidad y ha dado muestras de su utilidad desde entonces. La Asociaci\u00f3n ha \u00a0realizado campa\u00f1as promocionales tem\u00e1ticas y estacionarias (desde San Valent\u00edn hasta\u00a0 promover una alimentaci\u00f3n saludable), [&hellip;]<\/p>\n","protected":false},"author":2,"featured_media":0,"parent":0,"menu_order":0,"comment_status":"closed","ping_status":"closed","template":"","meta":{"footnotes":""},"class_list":["post-1013","page","type-page","status-publish","czr-hentry"],"_links":{"self":[{"href":"https:\/\/asociacioncomerciantesdepetrer.es\/index.php\/wp-json\/wp\/v2\/pages\/1013","targetHints":{"allow":["GET"]}}],"collection":[{"href":"https:\/\/asociacioncomerciantesdepetrer.es\/index.php\/wp-json\/wp\/v2\/pages"}],"about":[{"href":"https:\/\/asociacioncomerciantesdepetrer.es\/index.php\/wp-json\/wp\/v2\/types\/page"}],"author":[{"embeddable":true,"href":"https:\/\/asociacioncomerciantesdepetrer.es\/index.php\/wp-json\/wp\/v2\/users\/2"}],"replies":[{"embeddable":true,"href":"https:\/\/asociacioncomerciantesdepetrer.es\/index.php\/wp-json\/wp\/v2\/comments?post=1013"}],"version-history":[{"count":12,"href":"https:\/\/asociacioncomerciantesdepetrer.es\/index.php\/wp-json\/wp\/v2\/pages\/1013\/revisions"}],"predecessor-version":[{"id":4322,"href":"https:\/\/asociacioncomerciantesdepetrer.es\/index.php\/wp-json\/wp\/v2\/pages\/1013\/revisions\/4322"}],"wp:attachment":[{"href":"https:\/\/asociacioncomerciantesdepetrer.es\/index.php\/wp-json\/wp\/v2\/media?parent=1013"}],"curies":[{"name":"wp","href":"https:\/\/api.w.org\/{rel}","templated":true}]}}