{"id":1081,"date":"2014-04-14T15:49:43","date_gmt":"2014-04-14T15:49:43","guid":{"rendered":"http:\/\/prueba.asociacioncomerciantesdepetrer.es\/?page_id=1081"},"modified":"2023-11-20T19:08:45","modified_gmt":"2023-11-20T19:08:45","slug":"contacto","status":"publish","type":"page","link":"https:\/\/asociacioncomerciantesdepetrer.es\/index.php\/contacto\/","title":{"rendered":"Contacto"},"content":{"rendered":"<p>Para contactar con la Asociaci\u00f3n de Comerciantes de Petrer pueden ponerse en contacto con nosotros v\u00eda mail: asociacioncomerciantesdepetrer@gmail.com o bien visitando su sede social en la Biblioteca Enrique Amat situada en la Plaza Paco L\u00f3pez Pina n\u00ba 4 el primer y tercer lunes de cada mes de 15:45 a 17:00. (Si es festivo la reuni\u00f3n se realiza al d\u00eda siguiente).<\/p>\n<p>Tambi\u00e9n pueden dirigirse personalmente a cualquier miembro de la directiva si lo desean:<\/p>\n<p><strong>Ana<\/strong> &#8211; Electrodom\u00e9sticos EURONICS. Calle Comparsa Moros Nuevos, 2.<\/p>\n<p><strong>Pedro<\/strong> &#8211; Taller Joyero 18 KILATES. Jard\u00edn Rey Juan Carlos I, 10.<\/p>\n<p><strong>Jos\u00e9<\/strong> &#8211; Muebles YAGO&#8217;S. C\/Valencia, 6.<\/p>\n<p><strong>Fernando<\/strong> &#8211; ALEGR\u00cdA Tu Regalo Diferente. Calle Zurbar\u00e1n, 19\u00a0 \u00a0 \u00a0 \u00a0 \u00a0 \u00a0 \u00a0 \u00a0 \u00a0 \u00a0 \u00a0 \u00a0 <a href=\"https:\/\/asociacioncomerciantesdepetrer.es\/wp-content\/uploads\/2023\/11\/Imagen-de-WhatsApp-2023-11-20-a-las-17.53.58_ccaa39e9.jpg\"><img loading=\"lazy\" decoding=\"async\" class=\" wp-image-4135 alignright\" src=\"https:\/\/asociacioncomerciantesdepetrer.es\/wp-content\/uploads\/2023\/11\/Imagen-de-WhatsApp-2023-11-20-a-las-17.53.58_ccaa39e9-300x205.jpg\" alt=\"\" width=\"419\" height=\"286\" srcset=\"https:\/\/asociacioncomerciantesdepetrer.es\/wp-content\/uploads\/2023\/11\/Imagen-de-WhatsApp-2023-11-20-a-las-17.53.58_ccaa39e9-300x205.jpg 300w, https:\/\/asociacioncomerciantesdepetrer.es\/wp-content\/uploads\/2023\/11\/Imagen-de-WhatsApp-2023-11-20-a-las-17.53.58_ccaa39e9.jpg 750w\" sizes=\"auto, (max-width: 419px) 100vw, 419px\" \/><\/a><\/p>\n<p><strong>Pedro<\/strong> &#8211; Kiosko LAURA. Calle Reyes Cat\u00f3licos, 8<\/p>\n<p><strong>Jos\u00e9 Migue<\/strong>l y Mari Carmen- MI MASCOTA. Avenida de Elda, 48<\/p>\n<p><strong>M\u00aa Carmen<\/strong> &#8211; Papeler\u00eda E\u00d1E. Avenida Reina Sof\u00eda, 49.<\/p>\n<p><strong>Nieves<\/strong> &#8211; Lencer\u00eda EL S\u00d3TANO. Calle La Explanada, 13.<\/p>\n<p><strong>Pilar<\/strong> &#8211; Viajes MOREMARC. Calle Fil\u00f3logo Sanchiz Guarner, 18.<\/p>\n<p><strong>Paqui<\/strong> &#8211; Florister\u00eda NATURALEZA TROPICAL. Calle Gabriel Pay\u00e1, 32.<\/p>\n<p><strong>Esther<\/strong> &#8211; Bazar PLAZA DE ESPA\u00d1A. Calle Leopoldo Pardines, 46.<\/p>\n<p><strong>Dori<\/strong> &#8211; SASHA COMPLEMENTOS BISUTER\u00cdA. Avenida de Elda, 72.<\/p>\n<p><strong>Ana<\/strong> &#8211; Herbolario VIDA SANA. Avenida de Madrid, 34.<\/p>\n","protected":false},"excerpt":{"rendered":"<p>Para contactar con la Asociaci\u00f3n de Comerciantes de Petrer pueden ponerse en contacto con nosotros v\u00eda mail: asociacioncomerciantesdepetrer@gmail.com o bien visitando su sede social en la Biblioteca Enrique Amat situada en la Plaza Paco L\u00f3pez Pina n\u00ba 4 el primer y tercer lunes de cada mes de 15:45 a 17:00. (Si es festivo la reuni\u00f3n [&hellip;]<\/p>\n","protected":false},"author":2,"featured_media":4135,"parent":0,"menu_order":0,"comment_status":"closed","ping_status":"closed","template":"","meta":{"footnotes":""},"class_list":["post-1081","page","type-page","status-publish","has-post-thumbnail","czr-hentry"],"_links":{"self":[{"href":"https:\/\/asociacioncomerciantesdepetrer.es\/index.php\/wp-json\/wp\/v2\/pages\/1081","targetHints":{"allow":["GET"]}}],"collection":[{"href":"https:\/\/asociacioncomerciantesdepetrer.es\/index.php\/wp-json\/wp\/v2\/pages"}],"about":[{"href":"https:\/\/asociacioncomerciantesdepetrer.es\/index.php\/wp-json\/wp\/v2\/types\/page"}],"author":[{"embeddable":true,"href":"https:\/\/asociacioncomerciantesdepetrer.es\/index.php\/wp-json\/wp\/v2\/users\/2"}],"replies":[{"embeddable":true,"href":"https:\/\/asociacioncomerciantesdepetrer.es\/index.php\/wp-json\/wp\/v2\/comments?post=1081"}],"version-history":[{"count":9,"href":"https:\/\/asociacioncomerciantesdepetrer.es\/index.php\/wp-json\/wp\/v2\/pages\/1081\/revisions"}],"predecessor-version":[{"id":4138,"href":"https:\/\/asociacioncomerciantesdepetrer.es\/index.php\/wp-json\/wp\/v2\/pages\/1081\/revisions\/4138"}],"wp:featuredmedia":[{"embeddable":true,"href":"https:\/\/asociacioncomerciantesdepetrer.es\/index.php\/wp-json\/wp\/v2\/media\/4135"}],"wp:attachment":[{"href":"https:\/\/asociacioncomerciantesdepetrer.es\/index.php\/wp-json\/wp\/v2\/media?parent=1081"}],"curies":[{"name":"wp","href":"https:\/\/api.w.org\/{rel}","templated":true}]}}