{"id":122,"date":"2014-04-11T10:34:05","date_gmt":"2014-04-11T10:34:05","guid":{"rendered":"http:\/\/prueba.asociacioncomerciantesdepetrer.es\/?page_id=122"},"modified":"2014-04-11T10:34:05","modified_gmt":"2014-04-11T10:34:05","slug":"la-jijonenca-cafeteria-heladeria","status":"publish","type":"page","link":"https:\/\/asociacioncomerciantesdepetrer.es\/index.php\/la-jijonenca-cafeteria-heladeria\/","title":{"rendered":"LA JIJONENCA &#8211; CAFETER\u00cdA &#8211; HELADER\u00cdA"},"content":{"rendered":"<p>La Jijonenca Cafeter\u00eda Helader\u00eda. Estamos en\u00a0C\/ MOROS NUEVOS, \u00a02. Tel\u00e9fono de contacto:\u00a0965 37 04 99.<\/p>\n<p><img loading=\"lazy\" decoding=\"async\" class=\" size-full wp-image-121\" src=\"http:\/\/asociacioncomerciantesdepetrer.es\/wp-content\/uploads\/2014\/04\/jijonenca.jpg\" border=\"0\" width=\"433\" height=\"265\" \/><\/p>\n","protected":false},"excerpt":{"rendered":"<p>La Jijonenca Cafeter\u00eda Helader\u00eda. Estamos en\u00a0C\/ MOROS NUEVOS, \u00a02. Tel\u00e9fono de contacto:\u00a0965 37 04 99.<\/p>\n","protected":false},"author":2,"featured_media":121,"parent":0,"menu_order":315,"comment_status":"closed","ping_status":"closed","template":"","meta":{"footnotes":""},"class_list":["post-122","page","type-page","status-publish","has-post-thumbnail","czr-hentry"],"_links":{"self":[{"href":"https:\/\/asociacioncomerciantesdepetrer.es\/index.php\/wp-json\/wp\/v2\/pages\/122","targetHints":{"allow":["GET"]}}],"collection":[{"href":"https:\/\/asociacioncomerciantesdepetrer.es\/index.php\/wp-json\/wp\/v2\/pages"}],"about":[{"href":"https:\/\/asociacioncomerciantesdepetrer.es\/index.php\/wp-json\/wp\/v2\/types\/page"}],"author":[{"embeddable":true,"href":"https:\/\/asociacioncomerciantesdepetrer.es\/index.php\/wp-json\/wp\/v2\/users\/2"}],"replies":[{"embeddable":true,"href":"https:\/\/asociacioncomerciantesdepetrer.es\/index.php\/wp-json\/wp\/v2\/comments?post=122"}],"version-history":[{"count":0,"href":"https:\/\/asociacioncomerciantesdepetrer.es\/index.php\/wp-json\/wp\/v2\/pages\/122\/revisions"}],"wp:featuredmedia":[{"embeddable":true,"href":"https:\/\/asociacioncomerciantesdepetrer.es\/index.php\/wp-json\/wp\/v2\/media\/121"}],"wp:attachment":[{"href":"https:\/\/asociacioncomerciantesdepetrer.es\/index.php\/wp-json\/wp\/v2\/media?parent=122"}],"curies":[{"name":"wp","href":"https:\/\/api.w.org\/{rel}","templated":true}]}}