{"id":1243,"date":"2017-01-13T15:07:10","date_gmt":"2017-01-13T15:07:10","guid":{"rendered":"http:\/\/prueba.asociacioncomerciantesdepetrer.es\/?page_id=1243"},"modified":"2017-01-13T15:07:10","modified_gmt":"2017-01-13T15:07:10","slug":"david-joyeria-y-relojeria","status":"publish","type":"page","link":"https:\/\/asociacioncomerciantesdepetrer.es\/index.php\/david-joyeria-y-relojeria\/","title":{"rendered":"David, joyer\u00eda y relojer\u00eda"},"content":{"rendered":"<p><img loading=\"lazy\" decoding=\"async\" class=\" size-full wp-image-1241\" src=\"http:\/\/asociacioncomerciantesdepetrer.es\/wp-content\/uploads\/2017\/01\/David-joyeria-logo.jpg\" border=\"0\" alt=\"\" width=\"608\" height=\"270\" \/><\/p>\n<p><iframe loading=\"lazy\" src=\"https:\/\/www.youtube.com\/embed\/xj9IPwr5xHQ\" frameborder=\"0\" width=\"560\" height=\"315\"><\/iframe><\/p>\n<p style=\"border: 0px; font-family: Lato, sans-serif; font-size: 16px; margin: 0px 0px 24px; outline: 0px; padding: 0px; vertical-align: baseline; color: #2b2b2b;\">\u00a0<\/p>\n<p style=\"border: 0px; font-family: Lato, sans-serif; font-size: 16px; margin: 0px 0px 24px; outline: 0px; padding: 0px; vertical-align: baseline; color: #2b2b2b;\">S\u00f3lo hay que asomarse al escaparate de \u00abJoyer\u00eda y relojer\u00eda David\u00bb, en el Mercado de La Frontera, para ver que van bien surtidos, con relojes de todo tipo (ni\u00f1os, se\u00f1ora, caballero, de comuni\u00f3n, deportivos, etc.), y joyas de todas las variedades (brazaletes, ca\u00f1as, pulseras, etc,) en oro, plata y acero. \u201cLa gama de precios es igualmente variada, desde 15 euros hasta lo que te quieras gastar\u201d, destaca el propio David.<\/p>\n<p style=\"border: 0px; font-family: Lato, sans-serif; font-size: 16px; margin: 0px 0px 24px; outline: 0px; padding: 0px; vertical-align: baseline; color: #2b2b2b;\">En nuestros minutos con \u00e9l, por ejemplo, nos detuvimos contemplando un exclusivo reloj, inspirado en el motorista Marc M\u00e1rquez, con todo lujo de detalles y del que s\u00f3lo se han hecho 500 unidades. \u00a0Nos mostr\u00f3 tambi\u00e9n una pareja (se\u00f1ora y caballero) de relojes Festina, y una gran colecci\u00f3n de relojes de marca Jaguar, ciertamente vistosos. \u201cY despu\u00e9s tenemos tambi\u00e9n relojes inteligentes, con gps integrado e incluso\u00a0<em style=\"border: 0px; font-family: inherit; font-weight: inherit; margin: 0px; outline: 0px; padding: 0px; vertical-align: baseline;\">personal trainer<\/em>, que te se\u00f1ala el deporte realizado y los tiempos de recuperaci\u00f3n que debes seguir. Es un producto nuevo que no le puede faltar a ning\u00fan deportista, y que tenemos en gama de precios desde los 200 hasta los 500 euros\u201d.<\/p>\n<p style=\"border: 0px; font-family: Lato, sans-serif; font-size: 16px; margin: 0px 0px 24px; outline: 0px; padding: 0px; vertical-align: baseline; color: #2b2b2b;\">Y mientras David atiende a una clienta que viene buscando un colgante, nosotros nos quedamos contemplando los infinitos detalles que tiene pr\u00e1cticamente cualquier pieza de su expositor\u2026<\/p>\n<p style=\"border: 0px; font-family: Lato, sans-serif; font-size: 16px; margin: 0px 0px 24px; outline: 0px; padding: 0px; vertical-align: baseline; color: #2b2b2b;\"><img loading=\"lazy\" decoding=\"async\" class=\" size-full wp-image-1242\" src=\"http:\/\/asociacioncomerciantesdepetrer.es\/wp-content\/uploads\/2017\/01\/david-joyeria.jpg\" border=\"0\" alt=\"\" width=\"550\" height=\"413\" \/><\/p>\n<p style=\"border: 0px; font-family: Lato, sans-serif; font-size: 16px; margin: 0px 0px 24px; outline: 0px; padding: 0px; vertical-align: baseline; color: #2b2b2b; text-align: center;\"><strong>Ven a conocernos, en el Camino Viejo de Elda, 20, puesto 58 -Mercado de La Frontera, Petrer-.<\/strong><\/p>\n<p style=\"border: 0px; font-family: Lato, sans-serif; font-size: 16px; margin: 0px 0px 24px; outline: 0px; padding: 0px; vertical-align: baseline; color: #2b2b2b; text-align: center;\"><strong><a href=\"https:\/\/www.facebook.com\/joyeriarelojeriadavid\/?fref=ts\">S\u00edguenos en Facebook<\/a>\u00a0&#8211; <a href=\"http:\/\/www.joyeriarelojeriadavid.com\/\">WEB<\/a> &#8211; Tel\u00e9fono:\u00a0<span style=\"color: #1d2129; font-family: Helvetica, Arial, sans-serif; font-size: 14px;\">966 95 61 89<\/span><\/strong><\/p>\n","protected":false},"excerpt":{"rendered":"<p>\u00a0 S\u00f3lo hay que asomarse al escaparate de \u00abJoyer\u00eda y relojer\u00eda David\u00bb, en el Mercado de La Frontera, para ver que van bien surtidos, con relojes de todo tipo (ni\u00f1os, se\u00f1ora, caballero, de comuni\u00f3n, deportivos, etc.), y joyas de todas las variedades (brazaletes, ca\u00f1as, pulseras, etc,) en oro, plata y acero. \u201cLa gama de precios [&hellip;]<\/p>\n","protected":false},"author":2,"featured_media":1241,"parent":0,"menu_order":60,"comment_status":"closed","ping_status":"closed","template":"","meta":{"footnotes":""},"class_list":["post-1243","page","type-page","status-publish","has-post-thumbnail","czr-hentry"],"_links":{"self":[{"href":"https:\/\/asociacioncomerciantesdepetrer.es\/index.php\/wp-json\/wp\/v2\/pages\/1243","targetHints":{"allow":["GET"]}}],"collection":[{"href":"https:\/\/asociacioncomerciantesdepetrer.es\/index.php\/wp-json\/wp\/v2\/pages"}],"about":[{"href":"https:\/\/asociacioncomerciantesdepetrer.es\/index.php\/wp-json\/wp\/v2\/types\/page"}],"author":[{"embeddable":true,"href":"https:\/\/asociacioncomerciantesdepetrer.es\/index.php\/wp-json\/wp\/v2\/users\/2"}],"replies":[{"embeddable":true,"href":"https:\/\/asociacioncomerciantesdepetrer.es\/index.php\/wp-json\/wp\/v2\/comments?post=1243"}],"version-history":[{"count":0,"href":"https:\/\/asociacioncomerciantesdepetrer.es\/index.php\/wp-json\/wp\/v2\/pages\/1243\/revisions"}],"wp:featuredmedia":[{"embeddable":true,"href":"https:\/\/asociacioncomerciantesdepetrer.es\/index.php\/wp-json\/"}],"wp:attachment":[{"href":"https:\/\/asociacioncomerciantesdepetrer.es\/index.php\/wp-json\/wp\/v2\/media?parent=1243"}],"curies":[{"name":"wp","href":"https:\/\/api.w.org\/{rel}","templated":true}]}}