{"id":126,"date":"2014-04-11T10:34:43","date_gmt":"2014-04-11T10:34:43","guid":{"rendered":"http:\/\/prueba.asociacioncomerciantesdepetrer.es\/?page_id=126"},"modified":"2014-04-11T10:34:43","modified_gmt":"2014-04-11T10:34:43","slug":"gregori-cafeteria-pasteleria","status":"publish","type":"page","link":"https:\/\/asociacioncomerciantesdepetrer.es\/index.php\/gregori-cafeteria-pasteleria\/","title":{"rendered":"GREGORI &#8211; CAFETER\u00cdA-PASTELER\u00efA"},"content":{"rendered":"<p>Gregori Cafeter\u00eda Pasteler\u00eda. Estamos en\u00a0AVDA. REINA SOF\u00cdA, 2. Tel\u00e9fono de contacto:\u00a0965 37 28 26.<\/p>\n<p><img loading=\"lazy\" decoding=\"async\" class=\" size-full wp-image-125\" src=\"http:\/\/asociacioncomerciantesdepetrer.es\/wp-content\/uploads\/2014\/04\/gregori.jpg\" border=\"0\" width=\"490\" height=\"284\" \/><\/p>\n","protected":false},"excerpt":{"rendered":"<p>Gregori Cafeter\u00eda Pasteler\u00eda. Estamos en\u00a0AVDA. REINA SOF\u00cdA, 2. Tel\u00e9fono de contacto:\u00a0965 37 28 26.<\/p>\n","protected":false},"author":2,"featured_media":125,"parent":0,"menu_order":313,"comment_status":"closed","ping_status":"closed","template":"","meta":{"footnotes":""},"class_list":["post-126","page","type-page","status-publish","has-post-thumbnail","czr-hentry"],"_links":{"self":[{"href":"https:\/\/asociacioncomerciantesdepetrer.es\/index.php\/wp-json\/wp\/v2\/pages\/126","targetHints":{"allow":["GET"]}}],"collection":[{"href":"https:\/\/asociacioncomerciantesdepetrer.es\/index.php\/wp-json\/wp\/v2\/pages"}],"about":[{"href":"https:\/\/asociacioncomerciantesdepetrer.es\/index.php\/wp-json\/wp\/v2\/types\/page"}],"author":[{"embeddable":true,"href":"https:\/\/asociacioncomerciantesdepetrer.es\/index.php\/wp-json\/wp\/v2\/users\/2"}],"replies":[{"embeddable":true,"href":"https:\/\/asociacioncomerciantesdepetrer.es\/index.php\/wp-json\/wp\/v2\/comments?post=126"}],"version-history":[{"count":0,"href":"https:\/\/asociacioncomerciantesdepetrer.es\/index.php\/wp-json\/wp\/v2\/pages\/126\/revisions"}],"wp:featuredmedia":[{"embeddable":true,"href":"https:\/\/asociacioncomerciantesdepetrer.es\/index.php\/wp-json\/wp\/v2\/media\/125"}],"wp:attachment":[{"href":"https:\/\/asociacioncomerciantesdepetrer.es\/index.php\/wp-json\/wp\/v2\/media?parent=126"}],"curies":[{"name":"wp","href":"https:\/\/api.w.org\/{rel}","templated":true}]}}