{"id":1261,"date":"2017-01-13T18:04:08","date_gmt":"2017-01-13T18:04:08","guid":{"rendered":"http:\/\/prueba.asociacioncomerciantesdepetrer.es\/?page_id=1261"},"modified":"2017-01-13T18:04:08","modified_gmt":"2017-01-13T18:04:08","slug":"gruas-y-maquinaria-petrel","status":"publish","type":"page","link":"https:\/\/asociacioncomerciantesdepetrer.es\/index.php\/gruas-y-maquinaria-petrel\/","title":{"rendered":"Gr\u00faas y maquinaria Petrel"},"content":{"rendered":"<p>\u00a0<\/p>\n<p><span style=\"color: #1d2129; font-family: Helvetica, Arial, sans-serif; font-size: 14px;\"><img loading=\"lazy\" decoding=\"async\" class=\" size-full wp-image-1257\" src=\"http:\/\/asociacioncomerciantesdepetrer.es\/wp-content\/uploads\/2017\/01\/gruas-petrel-logo.jpg\" border=\"0\" alt=\"\" width=\"960\" height=\"636\" \/><\/span><\/p>\n<p style=\"text-align: center;\"><span style=\"font-size: 18pt; font-family: Tahoma, sans-serif;\">Somos una empresa dedicada a transportes y servicios de elevaci\u00f3n de cargas por medio de gr\u00faas autocargantes para la carga y descarga del material transportado en la propia caja<\/p>\n<p> <\/span><\/p>\n<p style=\"text-align: center;\"><span style=\"font-size: 18pt; font-family: Tahoma, sans-serif;\">Realizamos todo tipos de transporte, movimiento de maquinaria, materiales de construcci\u00f3n y mercanc\u00edas varias<\/p>\n<p> <\/span><\/p>\n<p style=\"text-align: center;\"><span style=\"font-size: 18pt; font-family: Tahoma, sans-serif;\">Prestamos servicio en Alicante y toda Espa\u00f1a<\/span><\/p>\n<p style=\"text-align: center;\"><span style=\"font-size: 18pt; font-family: Tahoma, sans-serif;\">\u00a0<\/span><\/p>\n<p style=\"text-align: center;\"><span style=\"font-size: 18pt; font-family: Tahoma, sans-serif;\">&#8212;<br \/> Nuestro cami\u00f3n gr\u00faa es perfecto para transporte de maquinaria, materiales o trabajos de construcci\u00f3n<\/span><\/p>\n<p style=\"text-align: center;\">\u00a0<\/p>\n<p style=\"text-align: center;\"><span style=\"font-size: 18pt; font-family: Tahoma, sans-serif;\">Nuestros veh\u00edculos son id\u00f3neos para entrar en sitios de dif\u00edcil acceso gracias a su tama\u00f1o y tracci\u00f3n<\/span><\/p>\n<p style=\"text-align: center;\">\u00a0&#8211;<\/p>\n<p><img loading=\"lazy\" decoding=\"async\" class=\" size-full wp-image-1258\" src=\"http:\/\/asociacioncomerciantesdepetrer.es\/wp-content\/uploads\/2017\/01\/gruas-petrel-1.jpg\" border=\"0\" alt=\"\" width=\"960\" height=\"720\" \/><\/p>\n<p>\u00a0<\/p>\n<p><span style=\"font-size: 18pt; font-family: Tahoma, sans-serif;\"><img loading=\"lazy\" decoding=\"async\" class=\" size-full wp-image-1259\" src=\"http:\/\/asociacioncomerciantesdepetrer.es\/wp-content\/uploads\/2017\/01\/gruas-petrel-2.jpg\" border=\"0\" alt=\"\" width=\"960\" height=\"720\" \/><\/span><\/p>\n<p style=\"text-align: center;\">\u00a0<\/p>\n<p style=\"text-align: center;\">\u00a0<\/p>\n<p style=\"text-align: center;\"><span style=\"font-size: 18pt; font-family: Tahoma, sans-serif;\">No dude en visitarnos o contactar con nosotros, muchos clientes satisfechos avalan nuestro trabajo\u00a0<\/p>\n<p> Puede solicitar un presupuesto sin ning\u00fan tipo de compromiso, y le responderemos en breve<\/span><\/p>\n<p><span style=\"font-size: 18pt; font-family: Tahoma, sans-serif;\">\u00a0<\/span><\/p>\n<p style=\"text-align: center;\"><strong>\u00a0<\/strong><\/p>\n<p style=\"text-align: center;\"><strong><span style=\"font-size: 18pt; font-family: Tahoma, sans-serif;\">Tlf: 655 82 50 63 &#8211; <span style=\"text-decoration: underline;\"><a href=\"http:\/\/gruasymaquinariapetrel.com\/\">WEB<\/a><\/span> &#8211; <span style=\"text-decoration: underline;\"><a href=\"https:\/\/www.facebook.com\/gruasymaquinariapetrel\/\">Facebook<\/a><\/span><\/span><\/strong><\/p>\n<p>\u00a0<\/p>\n<p><span style=\"font-size: 18pt; font-family: Tahoma, sans-serif;\"><img loading=\"lazy\" decoding=\"async\" class=\" size-full wp-image-1260\" src=\"http:\/\/asociacioncomerciantesdepetrer.es\/wp-content\/uploads\/2017\/01\/gruas-petrel-3.jpg\" border=\"0\" alt=\"\" width=\"720\" height=\"960\" \/><\/span><\/p>\n","protected":false},"excerpt":{"rendered":"<p>\u00a0 Somos una empresa dedicada a transportes y servicios de elevaci\u00f3n de cargas por medio de gr\u00faas autocargantes para la carga y descarga del material transportado en la propia caja Realizamos todo tipos de transporte, movimiento de maquinaria, materiales de construcci\u00f3n y mercanc\u00edas varias Prestamos servicio en Alicante y toda Espa\u00f1a \u00a0 &#8212; Nuestro cami\u00f3n [&hellip;]<\/p>\n","protected":false},"author":2,"featured_media":1257,"parent":0,"menu_order":56,"comment_status":"closed","ping_status":"closed","template":"","meta":{"footnotes":""},"class_list":["post-1261","page","type-page","status-publish","has-post-thumbnail","czr-hentry"],"_links":{"self":[{"href":"https:\/\/asociacioncomerciantesdepetrer.es\/index.php\/wp-json\/wp\/v2\/pages\/1261","targetHints":{"allow":["GET"]}}],"collection":[{"href":"https:\/\/asociacioncomerciantesdepetrer.es\/index.php\/wp-json\/wp\/v2\/pages"}],"about":[{"href":"https:\/\/asociacioncomerciantesdepetrer.es\/index.php\/wp-json\/wp\/v2\/types\/page"}],"author":[{"embeddable":true,"href":"https:\/\/asociacioncomerciantesdepetrer.es\/index.php\/wp-json\/wp\/v2\/users\/2"}],"replies":[{"embeddable":true,"href":"https:\/\/asociacioncomerciantesdepetrer.es\/index.php\/wp-json\/wp\/v2\/comments?post=1261"}],"version-history":[{"count":0,"href":"https:\/\/asociacioncomerciantesdepetrer.es\/index.php\/wp-json\/wp\/v2\/pages\/1261\/revisions"}],"wp:featuredmedia":[{"embeddable":true,"href":"https:\/\/asociacioncomerciantesdepetrer.es\/index.php\/wp-json\/"}],"wp:attachment":[{"href":"https:\/\/asociacioncomerciantesdepetrer.es\/index.php\/wp-json\/wp\/v2\/media?parent=1261"}],"curies":[{"name":"wp","href":"https:\/\/api.w.org\/{rel}","templated":true}]}}