{"id":1288,"date":"2017-06-05T08:32:06","date_gmt":"2017-06-05T08:32:06","guid":{"rendered":"http:\/\/prueba.asociacioncomerciantesdepetrer.es\/?page_id=1288"},"modified":"2017-06-05T08:32:06","modified_gmt":"2017-06-05T08:32:06","slug":"floristeria-feyma","status":"publish","type":"page","link":"https:\/\/asociacioncomerciantesdepetrer.es\/index.php\/floristeria-feyma\/","title":{"rendered":"Florister\u00eda Feyma"},"content":{"rendered":"<p><img loading=\"lazy\" decoding=\"async\" class=\" size-full wp-image-1286\" src=\"http:\/\/asociacioncomerciantesdepetrer.es\/wp-content\/uploads\/2017\/06\/floristeria-logo-completo.jpg\" border=\"0\" alt=\"\" width=\"960\" height=\"447\" \/><\/p>\n<p class=\"MsoNormal\">\u00a0<\/p>\n<p class=\"MsoNormal\"><span style=\"font-size: 14.0pt; line-height: 115%; mso-bidi-font-family: Calibri; mso-bidi-theme-font: minor-latin;\">En Florister\u00eda Feyma preparamos todo tipo de ramos, centros, coronas y arreglos florales. Tenemos plantas naturales interior y exterior. Tambi\u00e9n flores artificiales, art\u00edculos de regalo y mucho m\u00e1s. <\/span><\/p>\n<p>\u00a0<\/p>\n<p><span style=\"font-size: 18.6667px;\">Disponemos de puestos en el Mercado de Petrer los mi\u00e9rcoles y viernes y tambi\u00e9n en el Mercado Central de Elda (puesto 61,62,63). Servicio a domicilio.<\/span><\/p>\n<p>\u00a0<\/p>\n<p><img loading=\"lazy\" decoding=\"async\" class=\" size-full wp-image-1287\" src=\"http:\/\/asociacioncomerciantesdepetrer.es\/wp-content\/uploads\/2017\/06\/feyma-flores.jpg\" border=\"0\" alt=\"\" width=\"960\" height=\"720\" \/><\/p>\n<p class=\"MsoNormal\">\u00a0<\/p>\n<p class=\"MsoNormal\">\u00a0<\/p>\n<p class=\"MsoNormal\" style=\"text-align: center;\"><span style=\"font-size: 14pt; line-height: 115%; background-image: initial; background-position: initial; background-size: initial; background-repeat: initial; background-attachment: initial; background-origin: initial; background-clip: initial;\">Estamos en Calle Toledo, 45 &#8211;\u00a0 Tlf. 965371734 &#8211; S\u00edguenos en <a href=\"https:\/\/www.facebook.com\/floristeriafeyma\/\">Facebook<\/a> e <a href=\"https:\/\/www.instagram.com\/floristeriafeyma\/\">Instagram<\/a><\/span><\/p>\n","protected":false},"excerpt":{"rendered":"<p>\u00a0 En Florister\u00eda Feyma preparamos todo tipo de ramos, centros, coronas y arreglos florales. Tenemos plantas naturales interior y exterior. Tambi\u00e9n flores artificiales, art\u00edculos de regalo y mucho m\u00e1s. \u00a0 Disponemos de puestos en el Mercado de Petrer los mi\u00e9rcoles y viernes y tambi\u00e9n en el Mercado Central de Elda (puesto 61,62,63). Servicio a domicilio. [&hellip;]<\/p>\n","protected":false},"author":2,"featured_media":1286,"parent":0,"menu_order":54,"comment_status":"closed","ping_status":"closed","template":"","meta":{"footnotes":""},"class_list":["post-1288","page","type-page","status-publish","has-post-thumbnail","czr-hentry"],"_links":{"self":[{"href":"https:\/\/asociacioncomerciantesdepetrer.es\/index.php\/wp-json\/wp\/v2\/pages\/1288","targetHints":{"allow":["GET"]}}],"collection":[{"href":"https:\/\/asociacioncomerciantesdepetrer.es\/index.php\/wp-json\/wp\/v2\/pages"}],"about":[{"href":"https:\/\/asociacioncomerciantesdepetrer.es\/index.php\/wp-json\/wp\/v2\/types\/page"}],"author":[{"embeddable":true,"href":"https:\/\/asociacioncomerciantesdepetrer.es\/index.php\/wp-json\/wp\/v2\/users\/2"}],"replies":[{"embeddable":true,"href":"https:\/\/asociacioncomerciantesdepetrer.es\/index.php\/wp-json\/wp\/v2\/comments?post=1288"}],"version-history":[{"count":0,"href":"https:\/\/asociacioncomerciantesdepetrer.es\/index.php\/wp-json\/wp\/v2\/pages\/1288\/revisions"}],"wp:featuredmedia":[{"embeddable":true,"href":"https:\/\/asociacioncomerciantesdepetrer.es\/index.php\/wp-json\/"}],"wp:attachment":[{"href":"https:\/\/asociacioncomerciantesdepetrer.es\/index.php\/wp-json\/wp\/v2\/media?parent=1288"}],"curies":[{"name":"wp","href":"https:\/\/api.w.org\/{rel}","templated":true}]}}