{"id":1563,"date":"2018-11-28T13:55:15","date_gmt":"2018-11-28T13:55:15","guid":{"rendered":"http:\/\/prueba.asociacioncomerciantesdepetrer.es\/?page_id=1563"},"modified":"2018-11-28T13:55:15","modified_gmt":"2018-11-28T13:55:15","slug":"miguel-caballero-caballer","status":"publish","type":"page","link":"https:\/\/asociacioncomerciantesdepetrer.es\/index.php\/miguel-caballero-caballer\/","title":{"rendered":"Miguel Caballero Caballer"},"content":{"rendered":"<p>\u00a0<\/p>\n<p style=\"text-align: center;\"><img loading=\"lazy\" decoding=\"async\" class=\" size-full wp-image-1561\" src=\"http:\/\/asociacioncomerciantesdepetrer.es\/wp-content\/uploads\/2018\/11\/miguel-caballer-13.jpg\" border=\"0\" alt=\"\" width=\"635\" height=\"195\" \/><\/p>\n<p style=\"text-align: center;\" align=\"center\">\u00a0<\/p>\n<p style=\"text-align: center;\" align=\"center\"><strong><span class=\"textexposedshow\"><span style=\"font-size: 14pt;\">Alba\u00f1iler\u00eda y peque\u00f1os trabajos de construcci\u00f3n en general<br \/><\/span><\/span><\/strong><\/p>\n<p style=\"text-align: center;\" align=\"center\">\u00a0<\/p>\n<p style=\"text-align: center;\" align=\"center\"><strong><span class=\"textexposedshow\"><span style=\"font-size: 14pt;\">Tambi\u00e9n fontaner\u00eda y electricidad<\/span><\/span><\/strong><\/p>\n<p style=\"text-align: center;\" align=\"center\">\u00a0<\/p>\n<p style=\"text-align: center;\" align=\"center\"><strong><span class=\"textexposedshow\"><span style=\"font-size: 14pt;\">Antes de hacer una reforma, ll\u00e1manos. Presupuestos sin compromiso y trato personalizado<\/span><\/span><\/strong><\/p>\n<p style=\"text-align: center;\" align=\"center\">\u00a0<\/p>\n<p style=\"text-align: center;\" align=\"center\"><strong><span class=\"textexposedshow\"><span style=\"font-size: 14pt;\">Tlf: <\/span><\/span><\/strong><strong><span class=\"textexposedshow\"><span style=\"font-size: 14pt;\"><span class=\"pg-3fc1 pg-3sc0\">6<\/span><span class=\"pg-3fc1 pg-3sc0\">3<\/span><span class=\"pg-3fc1 pg-3sc0\">0<\/span><span class=\"pg-3fc1 pg-3sc0\">5<\/span><span class=\"pg-3fc1 pg-3sc0\">2<\/span><span class=\"pg-3fc1 pg-3sc0\">9<\/span><span class=\"pg-3fc1 pg-3sc0\">2<\/span><span class=\"pg-3fc1 pg-3sc0\">9<\/span><span class=\"pg-3fc1 pg-3sc0\">5 &#8211; C\/Elche, n\u00ba 7 (Petrer)<br \/><\/span><\/span><\/span><\/strong><\/p>\n<p style=\"text-align: center;\" align=\"center\">\u00a0<\/p>\n<p style=\"text-align: center;\" align=\"center\"><strong><span class=\"textexposedshow\"><span style=\"font-size: 14pt;\"><img loading=\"lazy\" decoding=\"async\" class=\" size-full wp-image-1562\" src=\"http:\/\/asociacioncomerciantesdepetrer.es\/wp-content\/uploads\/2018\/11\/miguel-caballer.jpg\" border=\"0\" alt=\"\" width=\"605\" height=\"403\" \/><\/span><\/span><\/strong><\/p>\n<p>\u00a0<\/p>\n<p style=\"text-align: center;\" align=\"center\">\u00a0<\/p>\n<p>\u00a0<\/p>\n<p>\u00a0<\/p>\n","protected":false},"excerpt":{"rendered":"<p>\u00a0 \u00a0 Alba\u00f1iler\u00eda y peque\u00f1os trabajos de construcci\u00f3n en general \u00a0 Tambi\u00e9n fontaner\u00eda y electricidad \u00a0 Antes de hacer una reforma, ll\u00e1manos. Presupuestos sin compromiso y trato personalizado \u00a0 Tlf: 630529295 &#8211; C\/Elche, n\u00ba 7 (Petrer) \u00a0 \u00a0 \u00a0 \u00a0 \u00a0<\/p>\n","protected":false},"author":2,"featured_media":1561,"parent":0,"menu_order":2,"comment_status":"closed","ping_status":"closed","template":"","meta":{"footnotes":""},"class_list":["post-1563","page","type-page","status-publish","has-post-thumbnail","czr-hentry"],"_links":{"self":[{"href":"https:\/\/asociacioncomerciantesdepetrer.es\/index.php\/wp-json\/wp\/v2\/pages\/1563","targetHints":{"allow":["GET"]}}],"collection":[{"href":"https:\/\/asociacioncomerciantesdepetrer.es\/index.php\/wp-json\/wp\/v2\/pages"}],"about":[{"href":"https:\/\/asociacioncomerciantesdepetrer.es\/index.php\/wp-json\/wp\/v2\/types\/page"}],"author":[{"embeddable":true,"href":"https:\/\/asociacioncomerciantesdepetrer.es\/index.php\/wp-json\/wp\/v2\/users\/2"}],"replies":[{"embeddable":true,"href":"https:\/\/asociacioncomerciantesdepetrer.es\/index.php\/wp-json\/wp\/v2\/comments?post=1563"}],"version-history":[{"count":0,"href":"https:\/\/asociacioncomerciantesdepetrer.es\/index.php\/wp-json\/wp\/v2\/pages\/1563\/revisions"}],"wp:featuredmedia":[{"embeddable":true,"href":"https:\/\/asociacioncomerciantesdepetrer.es\/index.php\/wp-json\/"}],"wp:attachment":[{"href":"https:\/\/asociacioncomerciantesdepetrer.es\/index.php\/wp-json\/wp\/v2\/media?parent=1563"}],"curies":[{"name":"wp","href":"https:\/\/api.w.org\/{rel}","templated":true}]}}