{"id":1567,"date":"2018-11-28T22:31:28","date_gmt":"2018-11-28T22:31:28","guid":{"rendered":"http:\/\/prueba.asociacioncomerciantesdepetrer.es\/?page_id=1567"},"modified":"2018-11-28T22:31:28","modified_gmt":"2018-11-28T22:31:28","slug":"petrer-papeleria-y-kiosko","status":"publish","type":"page","link":"https:\/\/asociacioncomerciantesdepetrer.es\/index.php\/petrer-papeleria-y-kiosko\/","title":{"rendered":"Petrer Papeler\u00eda y Kiosko"},"content":{"rendered":"<p>\u00a0<\/p>\n<p style=\"text-align: center;\" align=\"center\"><strong><span class=\"textexposedshow\"><span style=\"font-size: 14pt;\"><img loading=\"lazy\" decoding=\"async\" class=\" size-full wp-image-1564\" src=\"http:\/\/asociacioncomerciantesdepetrer.es\/wp-content\/uploads\/2018\/11\/papeleria-petrer-logo.jpg\" border=\"0\" alt=\"\" width=\"198\" height=\"198\" \/><\/span><\/span><\/strong><\/p>\n<p style=\"text-align: center;\" align=\"center\"><strong><span class=\"textexposedshow\"><span style=\"font-size: 14pt;\">Todo lo que buscas en papeler\u00eda y librer\u00eda<\/span><\/span><\/strong><\/p>\n<p style=\"text-align: center;\" align=\"center\">\u00a0<\/p>\n<p style=\"text-align: center;\" align=\"center\"><strong><span class=\"textexposedshow\"><span style=\"font-size: 14pt;\">Material escolar &#8211; Diarios, revistas y libros &#8211; Encuadernaci\u00f3n de apuntes y documentos &#8211; Subrayadores &#8211; <\/span><\/span><\/strong><\/p>\n<p style=\"text-align: center;\" align=\"center\"><strong><span class=\"textexposedshow\"><span style=\"font-size: 14pt;\">Sellos de caucho &#8211; Pi\u00f1atas para comuniones y bautizos &#8211; Recarga de m\u00f3vil<br \/><\/span><\/span><\/strong><\/p>\n<p>\u00a0<\/p>\n<p style=\"text-align: center;\" align=\"center\">\u00a0<\/p>\n<p style=\"text-align: center;\" align=\"center\"><img loading=\"lazy\" decoding=\"async\" class=\" size-full wp-image-1565\" src=\"http:\/\/asociacioncomerciantesdepetrer.es\/wp-content\/uploads\/2018\/11\/papeleria-petrer-1.jpg\" border=\"0\" alt=\"\" width=\"684\" height=\"456\" \/><\/p>\n<p style=\"text-align: center;\" align=\"center\">\u00a0<\/p>\n<p style=\"text-align: center;\" align=\"center\"><img loading=\"lazy\" decoding=\"async\" class=\" size-full wp-image-1566\" src=\"http:\/\/asociacioncomerciantesdepetrer.es\/wp-content\/uploads\/2018\/11\/papeleria-petrer-2.jpg\" border=\"0\" alt=\"\" width=\"684\" height=\"456\" \/><\/p>\n<p>\u00a0<\/p>\n<p>\u00a0<\/p>\n<p style=\"text-align: center;\" align=\"center\"><strong><span class=\"textexposedshow\"><span style=\"font-size: 14pt;\">Estamos en C\/Antonio Torres &#8211; Tlf: <\/span><\/span><\/strong><strong><span class=\"textexposedshow\"><span style=\"font-size: 14pt;\"><span class=\"pg-6fc1 pg-6sc0\">9<\/span><span class=\"pg-6fc1 pg-6sc0\">6<\/span><span class=\"pg-6fc1 pg-6sc0\">6<\/span><span class=\"pg-6fc1 pg-6sc0\">9<\/span><span class=\"pg-6fc1 pg-6sc0\">5<\/span><span class=\"pg-6fc1 pg-6sc0\">2<\/span><span class=\"pg-6fc1 pg-6sc0\">6<\/span><span class=\"pg-6fc1 pg-6sc0\">1<\/span><span class=\"pg-6fc1 pg-6sc0\">7<\/span> &#8211; <a href=\"https:\/\/www.facebook.com\/profile.php?id=100022731723694\"><span style=\"text-decoration: underline;\">FACEBOOK<\/span><\/a><br \/><\/span><\/span><\/strong><\/p>\n","protected":false},"excerpt":{"rendered":"<p>\u00a0 Todo lo que buscas en papeler\u00eda y librer\u00eda \u00a0 Material escolar &#8211; Diarios, revistas y libros &#8211; Encuadernaci\u00f3n de apuntes y documentos &#8211; Subrayadores &#8211; Sellos de caucho &#8211; Pi\u00f1atas para comuniones y bautizos &#8211; Recarga de m\u00f3vil \u00a0 \u00a0 \u00a0 \u00a0 \u00a0 Estamos en C\/Antonio Torres &#8211; Tlf: 966952617 &#8211; FACEBOOK<\/p>\n","protected":false},"author":2,"featured_media":1564,"parent":0,"menu_order":1,"comment_status":"closed","ping_status":"closed","template":"","meta":{"footnotes":""},"class_list":["post-1567","page","type-page","status-publish","has-post-thumbnail","czr-hentry"],"_links":{"self":[{"href":"https:\/\/asociacioncomerciantesdepetrer.es\/index.php\/wp-json\/wp\/v2\/pages\/1567","targetHints":{"allow":["GET"]}}],"collection":[{"href":"https:\/\/asociacioncomerciantesdepetrer.es\/index.php\/wp-json\/wp\/v2\/pages"}],"about":[{"href":"https:\/\/asociacioncomerciantesdepetrer.es\/index.php\/wp-json\/wp\/v2\/types\/page"}],"author":[{"embeddable":true,"href":"https:\/\/asociacioncomerciantesdepetrer.es\/index.php\/wp-json\/wp\/v2\/users\/2"}],"replies":[{"embeddable":true,"href":"https:\/\/asociacioncomerciantesdepetrer.es\/index.php\/wp-json\/wp\/v2\/comments?post=1567"}],"version-history":[{"count":0,"href":"https:\/\/asociacioncomerciantesdepetrer.es\/index.php\/wp-json\/wp\/v2\/pages\/1567\/revisions"}],"wp:featuredmedia":[{"embeddable":true,"href":"https:\/\/asociacioncomerciantesdepetrer.es\/index.php\/wp-json\/"}],"wp:attachment":[{"href":"https:\/\/asociacioncomerciantesdepetrer.es\/index.php\/wp-json\/wp\/v2\/media?parent=1567"}],"curies":[{"name":"wp","href":"https:\/\/api.w.org\/{rel}","templated":true}]}}