{"id":173,"date":"2014-04-11T10:41:50","date_gmt":"2014-04-11T10:41:50","guid":{"rendered":"http:\/\/prueba.asociacioncomerciantesdepetrer.es\/?page_id=173"},"modified":"2014-04-11T10:41:50","modified_gmt":"2014-04-11T10:41:50","slug":"mascotas-dama","status":"publish","type":"page","link":"https:\/\/asociacioncomerciantesdepetrer.es\/index.php\/mascotas-dama\/","title":{"rendered":"Mascotas Dama"},"content":{"rendered":"<p style=\"text-align: justify;\">\u00a0<\/p>\n<p style=\"text-align: justify;\"><strong>Somos una tienda fisica y online de mascotas con una amplia gama de productos de alimentaci\u00f3n y complementos para t\u00fa mascota con el mejor trato. Ven y desc\u00fabrenos. registrate y conoce mensual mente nuestras ofertas. Tambi\u00e9n sevicio de peluquer\u00eda canina en Petrer y Elda.<\/strong><\/p>\n<p style=\"text-align: justify;\">\u00a0<\/p>\n<p style=\"text-align: justify;\"><strong>Estamos en calle Fil\u00f3logo Sanchis Guarner, N\u00ba10 (Petrer, Alicante). Tlf: 965374772 <\/strong><\/p>\n<p style=\"text-align: justify;\">\u00a0<\/p>\n<p><a href=\"http:\/\/www.mascotasdama.com\/\"><img loading=\"lazy\" decoding=\"async\" class=\" size-full wp-image-172\" src=\"http:\/\/asociacioncomerciantesdepetrer.es\/wp-content\/uploads\/2014\/04\/mascotas-dama-mascota.jpg\" border=\"0\" width=\"576\" height=\"883\" \/><\/a><\/p>\n<p>\u00a0<\/p>\n<p><a href=\"https:\/\/www.facebook.com\/mascotasdama.tienda\"><img loading=\"lazy\" decoding=\"async\" class=\" size-full wp-image-14\" src=\"http:\/\/asociacioncomerciantesdepetrer.es\/wp-content\/uploads\/2014\/04\/siguenos-facebook.jpg\" border=\"0\" width=\"200\" height=\"60\" \/><\/a><\/p>\n<p><a href=\"https:\/\/twitter.com\/mascotasdama\"><img loading=\"lazy\" decoding=\"async\" class=\" size-full wp-image-15\" src=\"http:\/\/asociacioncomerciantesdepetrer.es\/wp-content\/uploads\/2014\/04\/siguenos-twitter.jpg\" border=\"0\" width=\"200\" height=\"60\" \/><\/a><\/p>\n<p>\u00a0<\/p>\n<p><iframe loading=\"lazy\" src=\"http:\/\/maps.google.es\/maps?f=q&amp;source=s_q&amp;hl=es&amp;geocode=&amp;q=mascotas+dama&amp;aq=&amp;sll=39.316312,-0.416137&amp;sspn=4.81849,10.821533&amp;ie=UTF8&amp;hq=mascotas+dama&amp;hnear=&amp;ll=38.480923,-0.782378&amp;spn=0.001191,0.002642&amp;t=m&amp;z=14&amp;iwloc=A&amp;cid=10136231687809245884&amp;output=embed\" frameborder=\"0\" marginwidth=\"0\" marginheight=\"0\" scrolling=\"no\" width=\"425\" height=\"350\"><\/iframe><br \/><small><a href=\"http:\/\/maps.google.es\/maps?f=q&amp;source=embed&amp;hl=es&amp;geocode=&amp;q=mascotas+dama&amp;aq=&amp;sll=39.316312,-0.416137&amp;sspn=4.81849,10.821533&amp;ie=UTF8&amp;hq=mascotas+dama&amp;hnear=&amp;ll=38.480923,-0.782378&amp;spn=0.001191,0.002642&amp;t=m&amp;z=14&amp;iwloc=A&amp;cid=10136231687809245884\" style=\"color: #0000ff; text-align: left;\">Ver mapa m\u00e1s grande<\/a><\/small><\/p>\n","protected":false},"excerpt":{"rendered":"<p>\u00a0 Somos una tienda fisica y online de mascotas con una amplia gama de productos de alimentaci\u00f3n y complementos para t\u00fa mascota con el mejor trato. Ven y desc\u00fabrenos. registrate y conoce mensual mente nuestras ofertas. Tambi\u00e9n sevicio de peluquer\u00eda canina en Petrer y Elda. \u00a0 Estamos en calle Fil\u00f3logo Sanchis Guarner, N\u00ba10 (Petrer, Alicante). [&hellip;]<\/p>\n","protected":false},"author":2,"featured_media":172,"parent":0,"menu_order":293,"comment_status":"closed","ping_status":"closed","template":"","meta":{"footnotes":""},"class_list":["post-173","page","type-page","status-publish","has-post-thumbnail","czr-hentry"],"_links":{"self":[{"href":"https:\/\/asociacioncomerciantesdepetrer.es\/index.php\/wp-json\/wp\/v2\/pages\/173","targetHints":{"allow":["GET"]}}],"collection":[{"href":"https:\/\/asociacioncomerciantesdepetrer.es\/index.php\/wp-json\/wp\/v2\/pages"}],"about":[{"href":"https:\/\/asociacioncomerciantesdepetrer.es\/index.php\/wp-json\/wp\/v2\/types\/page"}],"author":[{"embeddable":true,"href":"https:\/\/asociacioncomerciantesdepetrer.es\/index.php\/wp-json\/wp\/v2\/users\/2"}],"replies":[{"embeddable":true,"href":"https:\/\/asociacioncomerciantesdepetrer.es\/index.php\/wp-json\/wp\/v2\/comments?post=173"}],"version-history":[{"count":0,"href":"https:\/\/asociacioncomerciantesdepetrer.es\/index.php\/wp-json\/wp\/v2\/pages\/173\/revisions"}],"wp:featuredmedia":[{"embeddable":true,"href":"https:\/\/asociacioncomerciantesdepetrer.es\/index.php\/wp-json\/wp\/v2\/media\/172"}],"wp:attachment":[{"href":"https:\/\/asociacioncomerciantesdepetrer.es\/index.php\/wp-json\/wp\/v2\/media?parent=173"}],"curies":[{"name":"wp","href":"https:\/\/api.w.org\/{rel}","templated":true}]}}