{"id":214,"date":"2014-04-11T10:47:04","date_gmt":"2014-04-11T10:47:04","guid":{"rendered":"http:\/\/prueba.asociacioncomerciantesdepetrer.es\/?page_id=214"},"modified":"2014-04-11T10:47:04","modified_gmt":"2014-04-11T10:47:04","slug":"18-kilates","status":"publish","type":"page","link":"https:\/\/asociacioncomerciantesdepetrer.es\/index.php\/18-kilates\/","title":{"rendered":"18 Kilates"},"content":{"rendered":"<p><img loading=\"lazy\" decoding=\"async\" class=\" size-full wp-image-211\" src=\"http:\/\/asociacioncomerciantesdepetrer.es\/wp-content\/uploads\/2014\/04\/taller18kilates1.jpg\" border=\"0\" width=\"576\" height=\"147\" \/><\/p>\n<p><span style=\"line-height: 1.3em;\">Nuestra fabricaci\u00f3n y reparaciones son totalmente artesanales \u00a0ya que todos los procesos son realizados a mano que cuida cada detalle para conseguir \u00a0la pieza a su gusto.<\/span><\/p>\n<p><img loading=\"lazy\" decoding=\"async\" class=\" size-full wp-image-212\" src=\"http:\/\/asociacioncomerciantesdepetrer.es\/wp-content\/uploads\/2014\/04\/taller18kilates2.jpg\" border=\"0\" width=\"576\" height=\"147\" \/><\/p>\n<p><span style=\"line-height: 1.3em;\">El tener una buena \u00a0joya esta muy bien; pero si adem\u00e1s te la dise\u00f1as y te hacemos a tu gusto es mejor. <\/span><\/p>\n<p>Despu\u00e9s de mucho esfuerzo, trabajo e ilusi\u00f3n podemos decir que en Taller de Joyer\u00eda 18 kilates, disponemos de la \u00faltima novedad y la que venias buscando tanto sea como en alianzas, pulsera, sortijas, colgantes etc. En oro o en plata, porque te la realizamos a tu gusto y con exclusividad si lo deseas. Podemos darte presupuesto al instante y sin compromiso, porque hablar\u00e1s directamente con la persona que realizara tus encargos de fabricaci\u00f3n o reparaci\u00f3n.<\/p>\n<p><img loading=\"lazy\" decoding=\"async\" class=\" size-full wp-image-213\" src=\"http:\/\/asociacioncomerciantesdepetrer.es\/wp-content\/uploads\/2014\/04\/18kilatesbase.jpg\" border=\"0\" width=\"576\" height=\"883\" \/><\/p>\n<p class=\"MsoNormal\">\u00a0<\/p>\n<p>\u00a0<\/p>\n<p> <iframe loading=\"lazy\" width=\"576\" height=\"576\" frameborder=\"0\" scrolling=\"no\" marginheight=\"0\" marginwidth=\"0\" src=\"https:\/\/maps.google.es\/maps\/ms?msa=0&amp;msid=210805952194766788181.0004ba09b2bfecf9a98ac&amp;hl=es&amp;ie=UTF8&amp;t=m&amp;source=embed&amp;ll=38.481213,-0.783355&amp;spn=0.001209,0.001542&amp;z=19&amp;iwloc=lyrftr:msid:210805952194766788181.0004ba09b2bfecf9a98ac,0004baaaacc14ac731b8c,38.4811,-0.783294,0,-36&amp;output=embed\"><\/iframe><br \/><small>Ver <a href=\"https:\/\/maps.google.es\/maps\/ms?msa=0&amp;msid=210805952194766788181.0004ba09b2bfecf9a98ac&amp;hl=es&amp;ie=UTF8&amp;t=m&amp;source=embed&amp;ll=38.481213,-0.783355&amp;spn=0.001209,0.001542&amp;z=19&amp;iwloc=lyrftr:msid:210805952194766788181.0004ba09b2bfecf9a98ac,0004baaaacc14ac731b8c,38.4811,-0.783294,0,-36\" style=\"color:#0000FF;text-align:left\">Mapa de asociados<\/a> en un mapa m\u00e1s grande<\/small><\/p>\n","protected":false},"excerpt":{"rendered":"<p>Nuestra fabricaci\u00f3n y reparaciones son totalmente artesanales \u00a0ya que todos los procesos son realizados a mano que cuida cada detalle para conseguir \u00a0la pieza a su gusto. El tener una buena \u00a0joya esta muy bien; pero si adem\u00e1s te la dise\u00f1as y te hacemos a tu gusto es mejor. Despu\u00e9s de mucho esfuerzo, trabajo e [&hellip;]<\/p>\n","protected":false},"author":2,"featured_media":211,"parent":0,"menu_order":279,"comment_status":"closed","ping_status":"closed","template":"","meta":{"footnotes":""},"class_list":["post-214","page","type-page","status-publish","has-post-thumbnail","czr-hentry"],"_links":{"self":[{"href":"https:\/\/asociacioncomerciantesdepetrer.es\/index.php\/wp-json\/wp\/v2\/pages\/214","targetHints":{"allow":["GET"]}}],"collection":[{"href":"https:\/\/asociacioncomerciantesdepetrer.es\/index.php\/wp-json\/wp\/v2\/pages"}],"about":[{"href":"https:\/\/asociacioncomerciantesdepetrer.es\/index.php\/wp-json\/wp\/v2\/types\/page"}],"author":[{"embeddable":true,"href":"https:\/\/asociacioncomerciantesdepetrer.es\/index.php\/wp-json\/wp\/v2\/users\/2"}],"replies":[{"embeddable":true,"href":"https:\/\/asociacioncomerciantesdepetrer.es\/index.php\/wp-json\/wp\/v2\/comments?post=214"}],"version-history":[{"count":0,"href":"https:\/\/asociacioncomerciantesdepetrer.es\/index.php\/wp-json\/wp\/v2\/pages\/214\/revisions"}],"wp:featuredmedia":[{"embeddable":true,"href":"https:\/\/asociacioncomerciantesdepetrer.es\/index.php\/wp-json\/wp\/v2\/media\/211"}],"wp:attachment":[{"href":"https:\/\/asociacioncomerciantesdepetrer.es\/index.php\/wp-json\/wp\/v2\/media?parent=214"}],"curies":[{"name":"wp","href":"https:\/\/api.w.org\/{rel}","templated":true}]}}