{"id":240,"date":"2014-04-11T10:50:42","date_gmt":"2014-04-11T10:50:42","guid":{"rendered":"http:\/\/prueba.asociacioncomerciantesdepetrer.es\/?page_id=240"},"modified":"2014-04-11T10:50:42","modified_gmt":"2014-04-11T10:50:42","slug":"ferreteria-salinetas","status":"publish","type":"page","link":"https:\/\/asociacioncomerciantesdepetrer.es\/index.php\/ferreteria-salinetas\/","title":{"rendered":"Ferreter\u00eda Salinetas"},"content":{"rendered":"<p>Ferreter\u00eda Salinetas. Estamos en C\/ D\u00e1maso Navarro, N\u00ba 6.<\/p>\n<p><img loading=\"lazy\" decoding=\"async\" class=\" size-full wp-image-239\" src=\"http:\/\/asociacioncomerciantesdepetrer.es\/wp-content\/uploads\/2014\/04\/ferreteria-salinetas.jpg\" border=\"0\" width=\"576\" height=\"883\" \/><\/p>\n<p class=\"MsoNormal\">Realizamos todo tipo de servicios que pueda imaginar: venta,colocaci\u00f3n y reparaci\u00f3n de toldos, persianas, cortinas, estores, mosquiteras, etc. Ofrecemos servicio de cerrajer\u00eda, fontaner\u00eda, electricidad, mantenimiento de comunidades, montaje de estanter\u00edas y mucho m\u00e1s.<\/p>\n<p>\u00a0<\/p>\n<p class=\"MsoNormal\">Telf : 966310875 &#8211;\u00a0Urgencias y servicios : 637587060<\/p>\n<p>email:ferreteriasalinetas@hotmail.com<\/p>\n<p><a href=\"https:\/\/www.facebook.com\/Ferreteriasalinetas\"><img loading=\"lazy\" decoding=\"async\" class=\" size-full wp-image-14\" src=\"http:\/\/asociacioncomerciantesdepetrer.es\/wp-content\/uploads\/2014\/04\/siguenos-facebook.jpg\" border=\"0\" width=\"200\" height=\"60\" \/><\/a> <a href=\"https:\/\/twitter.com\/SALINETAS\"><img loading=\"lazy\" decoding=\"async\" class=\" size-full wp-image-15\" src=\"http:\/\/asociacioncomerciantesdepetrer.es\/wp-content\/uploads\/2014\/04\/siguenos-twitter.jpg\" border=\"0\" width=\"200\" height=\"60\" \/><\/a><\/p>\n<p class=\"MsoNormal\">\u00a0<\/p>\n<p> <iframe loading=\"lazy\" width=\"425\" height=\"350\" frameborder=\"0\" scrolling=\"no\" marginheight=\"0\" marginwidth=\"0\" src=\"http:\/\/maps.google.es\/maps?f=q&amp;source=s_q&amp;hl=es&amp;geocode=&amp;q=+Ferreter%C3%ADa+Salinetas&amp;aq=&amp;sll=39.316312,-0.416137&amp;sspn=4.81849,10.821533&amp;ie=UTF8&amp;hq=Ferreter%C3%ADa+Salinetas&amp;hnear=&amp;ll=38.478927,-0.772308&amp;spn=0.001191,0.002642&amp;t=m&amp;z=14&amp;iwloc=A&amp;cid=9570054778546949182&amp;output=embed\"><\/iframe><br \/><small><a href=\"http:\/\/maps.google.es\/maps?f=q&amp;source=embed&amp;hl=es&amp;geocode=&amp;q=+Ferreter%C3%ADa+Salinetas&amp;aq=&amp;sll=39.316312,-0.416137&amp;sspn=4.81849,10.821533&amp;ie=UTF8&amp;hq=Ferreter%C3%ADa+Salinetas&amp;hnear=&amp;ll=38.478927,-0.772308&amp;spn=0.001191,0.002642&amp;t=m&amp;z=14&amp;iwloc=A&amp;cid=9570054778546949182\" style=\"color:#0000FF;text-align:left\">Ver mapa m\u00e1s grande<\/a><\/small><\/p>\n","protected":false},"excerpt":{"rendered":"<p>Ferreter\u00eda Salinetas. Estamos en C\/ D\u00e1maso Navarro, N\u00ba 6. Realizamos todo tipo de servicios que pueda imaginar: venta,colocaci\u00f3n y reparaci\u00f3n de toldos, persianas, cortinas, estores, mosquiteras, etc. Ofrecemos servicio de cerrajer\u00eda, fontaner\u00eda, electricidad, mantenimiento de comunidades, montaje de estanter\u00edas y mucho m\u00e1s. \u00a0 Telf : 966310875 &#8211;\u00a0Urgencias y servicios : 637587060 email:ferreteriasalinetas@hotmail.com \u00a0 Ver mapa [&hellip;]<\/p>\n","protected":false},"author":2,"featured_media":239,"parent":0,"menu_order":271,"comment_status":"closed","ping_status":"closed","template":"","meta":{"footnotes":""},"class_list":["post-240","page","type-page","status-publish","has-post-thumbnail","czr-hentry"],"_links":{"self":[{"href":"https:\/\/asociacioncomerciantesdepetrer.es\/index.php\/wp-json\/wp\/v2\/pages\/240","targetHints":{"allow":["GET"]}}],"collection":[{"href":"https:\/\/asociacioncomerciantesdepetrer.es\/index.php\/wp-json\/wp\/v2\/pages"}],"about":[{"href":"https:\/\/asociacioncomerciantesdepetrer.es\/index.php\/wp-json\/wp\/v2\/types\/page"}],"author":[{"embeddable":true,"href":"https:\/\/asociacioncomerciantesdepetrer.es\/index.php\/wp-json\/wp\/v2\/users\/2"}],"replies":[{"embeddable":true,"href":"https:\/\/asociacioncomerciantesdepetrer.es\/index.php\/wp-json\/wp\/v2\/comments?post=240"}],"version-history":[{"count":0,"href":"https:\/\/asociacioncomerciantesdepetrer.es\/index.php\/wp-json\/wp\/v2\/pages\/240\/revisions"}],"wp:featuredmedia":[{"embeddable":true,"href":"https:\/\/asociacioncomerciantesdepetrer.es\/index.php\/wp-json\/wp\/v2\/media\/239"}],"wp:attachment":[{"href":"https:\/\/asociacioncomerciantesdepetrer.es\/index.php\/wp-json\/wp\/v2\/media?parent=240"}],"curies":[{"name":"wp","href":"https:\/\/api.w.org\/{rel}","templated":true}]}}