{"id":255,"date":"2014-04-11T10:52:03","date_gmt":"2014-04-11T10:52:03","guid":{"rendered":"http:\/\/prueba.asociacioncomerciantesdepetrer.es\/?page_id=255"},"modified":"2014-04-11T10:52:03","modified_gmt":"2014-04-11T10:52:03","slug":"primera-opticos","status":"publish","type":"page","link":"https:\/\/asociacioncomerciantesdepetrer.es\/index.php\/primera-opticos\/","title":{"rendered":"Primera \u00d3pticos"},"content":{"rendered":"<p>Desde siempre, en Primera \u00d3pticos Petrer, estamos trabajando para ofrecerte las \u00faltimas tendencias en moda y los productos m\u00e1s innovadores. Siempre a la vanguardia de las \u00faltimas tecnolog\u00edas.<\/p>\n<p><p><a href=\"http:\/\/www.primeraopticospetrer.blogspot.com.es\/\"><img decoding=\"async\" class=\" size-full wp-image-253 size-full wp-image-254 size-full wp-image-14\" src=\"http:\/\/asociacioncomerciantesdepetrer.es\/wp-content\/uploads\/2014\/04\/primera-imagen.jpg\" alt=\"\" style=\"border: 1px solid black;\" \/><\/p>\n<p><a href=\"http:\/\/www.primeraopticos.net\/opticapetrer\/empresa.php\"><img decoding=\"async\" src=\"http:\/\/asociacioncomerciantesdepetrer.es\/wp-content\/uploads\/2014\/04\/primera-opticos-mascota.jpg\" alt=\"\" style=\"border: 1px solid black;\" \/><\/p>\n<p><a href=\"https:\/\/www.facebook.com\/pages\/Primera-%C3%93pticos-Petrer-Centro-%C3%93ptico-Petrer\/176043199091565\"><img loading=\"lazy\" decoding=\"async\" src=\"http:\/\/asociacioncomerciantesdepetrer.es\/wp-content\/uploads\/2014\/04\/siguenos-facebook.jpg\" border=\"0\" width=\"576\" height=\"223\" \/><\/a><\/p>\n<p><a href=\"https:\/\/twitter.com\/PrimeraOpticosP\"><img loading=\"lazy\" decoding=\"async\" class=\" size-full wp-image-15\" src=\"http:\/\/asociacioncomerciantesdepetrer.es\/wp-content\/uploads\/2014\/04\/siguenos-twitter.jpg\" border=\"0\" width=\"200\" height=\"60\" \/><\/a><\/p>\n<p>\u00a0<\/p>\n<p> <iframe loading=\"lazy\" width=\"576\" height=\"350\" frameborder=\"0\" scrolling=\"no\" marginheight=\"0\" marginwidth=\"0\" src=\"http:\/\/maps.google.es\/maps?q=primera+opticos+petrer&amp;oe=utf-8&amp;client=firefox-a&amp;ie=UTF8&amp;hl=es&amp;hq=primera+opticos&amp;hnear=Petrer,+Alicante,+Comunidad+Valenciana&amp;source=embed&amp;t=m&amp;cid=4027594088833909407&amp;ll=38.484434,-0.773506&amp;spn=0.023515,0.049438&amp;z=14&amp;iwloc=A&amp;output=embed\"><\/iframe><br \/><small><a href=\"http:\/\/maps.google.es\/maps?q=primera+opticos+petrer&amp;oe=utf-8&amp;client=firefox-a&amp;ie=UTF8&amp;hl=es&amp;hq=primera+opticos&amp;hnear=Petrer,+Alicante,+Comunidad+Valenciana&amp;source=embed&amp;t=m&amp;cid=4027594088833909407&amp;ll=38.484434,-0.773506&amp;spn=0.023515,0.049438&amp;z=14&amp;iwloc=A\" style=\"color:#0000FF;text-align:left\">Ver mapa m\u00e1s grande<\/a><\/small><\/p>\n","protected":false},"excerpt":{"rendered":"<p>Desde siempre, en Primera \u00d3pticos Petrer, estamos trabajando para ofrecerte las \u00faltimas tendencias en moda y los productos m\u00e1s innovadores. Siempre a la vanguardia de las \u00faltimas tecnolog\u00edas. \u00a0 Ver mapa m\u00e1s grande<\/p>\n","protected":false},"author":2,"featured_media":253,"parent":0,"menu_order":267,"comment_status":"closed","ping_status":"closed","template":"","meta":{"footnotes":""},"class_list":["post-255","page","type-page","status-publish","has-post-thumbnail","czr-hentry"],"_links":{"self":[{"href":"https:\/\/asociacioncomerciantesdepetrer.es\/index.php\/wp-json\/wp\/v2\/pages\/255","targetHints":{"allow":["GET"]}}],"collection":[{"href":"https:\/\/asociacioncomerciantesdepetrer.es\/index.php\/wp-json\/wp\/v2\/pages"}],"about":[{"href":"https:\/\/asociacioncomerciantesdepetrer.es\/index.php\/wp-json\/wp\/v2\/types\/page"}],"author":[{"embeddable":true,"href":"https:\/\/asociacioncomerciantesdepetrer.es\/index.php\/wp-json\/wp\/v2\/users\/2"}],"replies":[{"embeddable":true,"href":"https:\/\/asociacioncomerciantesdepetrer.es\/index.php\/wp-json\/wp\/v2\/comments?post=255"}],"version-history":[{"count":0,"href":"https:\/\/asociacioncomerciantesdepetrer.es\/index.php\/wp-json\/wp\/v2\/pages\/255\/revisions"}],"wp:featuredmedia":[{"embeddable":true,"href":"https:\/\/asociacioncomerciantesdepetrer.es\/index.php\/wp-json\/wp\/v2\/media\/253"}],"wp:attachment":[{"href":"https:\/\/asociacioncomerciantesdepetrer.es\/index.php\/wp-json\/wp\/v2\/media?parent=255"}],"curies":[{"name":"wp","href":"https:\/\/api.w.org\/{rel}","templated":true}]}}