{"id":3167,"date":"2019-03-04T12:25:18","date_gmt":"2019-03-04T12:25:18","guid":{"rendered":"http:\/\/asociacioncomerciantesdepetrer.es\/?page_id=3167"},"modified":"2019-03-04T13:18:42","modified_gmt":"2019-03-04T13:18:42","slug":"dynos-informatica","status":"publish","type":"page","link":"https:\/\/asociacioncomerciantesdepetrer.es\/index.php\/dynos-informatica\/","title":{"rendered":"Dynos inform\u00e1tica"},"content":{"rendered":"<h2><img loading=\"lazy\" decoding=\"async\" class=\"alignnone size-large wp-image-3169\" src=\"http:\/\/asociacioncomerciantesdepetrer.es\/wp-content\/uploads\/2019\/03\/tienda-exterior-1024x576.jpg\" alt=\"\" width=\"1024\" height=\"576\" srcset=\"https:\/\/asociacioncomerciantesdepetrer.es\/wp-content\/uploads\/2019\/03\/tienda-exterior-1024x576.jpg 1024w, https:\/\/asociacioncomerciantesdepetrer.es\/wp-content\/uploads\/2019\/03\/tienda-exterior-300x169.jpg 300w, https:\/\/asociacioncomerciantesdepetrer.es\/wp-content\/uploads\/2019\/03\/tienda-exterior-768x432.jpg 768w, https:\/\/asociacioncomerciantesdepetrer.es\/wp-content\/uploads\/2019\/03\/tienda-exterior-528x297.jpg 528w, https:\/\/asociacioncomerciantesdepetrer.es\/wp-content\/uploads\/2019\/03\/tienda-exterior.jpg 1080w\" sizes=\"auto, (max-width: 1024px) 100vw, 1024px\" \/><\/h2>\n<h3 style=\"text-align: center;\">Toda clase de soluciones inform\u00e1ticas en hardware y componentes<\/h3>\n<h3 style=\"text-align: center;\">Software a medida y servicio pymes<\/h3>\n<h3 style=\"text-align: center;\">Tambi\u00e9n somos expertos en Aerograf\u00eda, modelismo y radiocontrol<\/h3>\n<h3 style=\"text-align: center;\">+10 a\u00f1os de experiencia<\/h3>\n<p><img loading=\"lazy\" decoding=\"async\" class=\"alignnone size-large wp-image-3168\" src=\"http:\/\/asociacioncomerciantesdepetrer.es\/wp-content\/uploads\/2019\/03\/dynos-informatica-1024x269.jpg\" alt=\"\" width=\"1024\" height=\"269\" srcset=\"https:\/\/asociacioncomerciantesdepetrer.es\/wp-content\/uploads\/2019\/03\/dynos-informatica-1024x269.jpg 1024w, https:\/\/asociacioncomerciantesdepetrer.es\/wp-content\/uploads\/2019\/03\/dynos-informatica-300x79.jpg 300w, https:\/\/asociacioncomerciantesdepetrer.es\/wp-content\/uploads\/2019\/03\/dynos-informatica-768x202.jpg 768w, https:\/\/asociacioncomerciantesdepetrer.es\/wp-content\/uploads\/2019\/03\/dynos-informatica.jpg 1280w\" sizes=\"auto, (max-width: 1024px) 100vw, 1024px\" \/><\/p>\n<h3 style=\"text-align: center;\">Nos encontramos en C\/Fil\u00f3logo S\u00e1nchis Guarner, 2<\/h3>\n<h3 style=\"text-align: center;\">\u00a0Tlf: 966 98 04 52 &#8211; <a href=\"https:\/\/dynos-informatica-petrer.business.site\/\">Web<\/a> &#8211; <a href=\"https:\/\/www.facebook.com\/dynos.elda\/\">Facebook<\/a><\/h3>\n","protected":false},"excerpt":{"rendered":"<p>Toda clase de soluciones inform\u00e1ticas en hardware y componentes Software a medida y servicio pymes Tambi\u00e9n somos expertos en Aerograf\u00eda, modelismo y radiocontrol +10 a\u00f1os de experiencia Nos encontramos en C\/Fil\u00f3logo S\u00e1nchis Guarner, 2 \u00a0Tlf: 966 98 04 52 &#8211; Web &#8211; Facebook<\/p>\n","protected":false},"author":2,"featured_media":3168,"parent":0,"menu_order":0,"comment_status":"closed","ping_status":"closed","template":"","meta":{"footnotes":""},"class_list":["post-3167","page","type-page","status-publish","has-post-thumbnail","czr-hentry"],"_links":{"self":[{"href":"https:\/\/asociacioncomerciantesdepetrer.es\/index.php\/wp-json\/wp\/v2\/pages\/3167","targetHints":{"allow":["GET"]}}],"collection":[{"href":"https:\/\/asociacioncomerciantesdepetrer.es\/index.php\/wp-json\/wp\/v2\/pages"}],"about":[{"href":"https:\/\/asociacioncomerciantesdepetrer.es\/index.php\/wp-json\/wp\/v2\/types\/page"}],"author":[{"embeddable":true,"href":"https:\/\/asociacioncomerciantesdepetrer.es\/index.php\/wp-json\/wp\/v2\/users\/2"}],"replies":[{"embeddable":true,"href":"https:\/\/asociacioncomerciantesdepetrer.es\/index.php\/wp-json\/wp\/v2\/comments?post=3167"}],"version-history":[{"count":2,"href":"https:\/\/asociacioncomerciantesdepetrer.es\/index.php\/wp-json\/wp\/v2\/pages\/3167\/revisions"}],"predecessor-version":[{"id":3175,"href":"https:\/\/asociacioncomerciantesdepetrer.es\/index.php\/wp-json\/wp\/v2\/pages\/3167\/revisions\/3175"}],"wp:featuredmedia":[{"embeddable":true,"href":"https:\/\/asociacioncomerciantesdepetrer.es\/index.php\/wp-json\/wp\/v2\/media\/3168"}],"wp:attachment":[{"href":"https:\/\/asociacioncomerciantesdepetrer.es\/index.php\/wp-json\/wp\/v2\/media?parent=3167"}],"curies":[{"name":"wp","href":"https:\/\/api.w.org\/{rel}","templated":true}]}}