{"id":3296,"date":"2019-11-10T18:07:31","date_gmt":"2019-11-10T18:07:31","guid":{"rendered":"http:\/\/asociacioncomerciantesdepetrer.es\/?page_id=3296"},"modified":"2019-11-10T18:07:32","modified_gmt":"2019-11-10T18:07:32","slug":"fincamar-inmobiliaria","status":"publish","type":"page","link":"https:\/\/asociacioncomerciantesdepetrer.es\/index.php\/fincamar-inmobiliaria\/","title":{"rendered":"Fincamar Inmobiliaria"},"content":{"rendered":"<p><img loading=\"lazy\" decoding=\"async\" class=\"alignnone size-full wp-image-3278\" src=\"http:\/\/asociacioncomerciantesdepetrer.es\/wp-content\/uploads\/2019\/11\/fincamar-inmobiliaria-petrer.jpg\" alt=\"\" width=\"1238\" height=\"434\" srcset=\"https:\/\/asociacioncomerciantesdepetrer.es\/wp-content\/uploads\/2019\/11\/fincamar-inmobiliaria-petrer.jpg 1238w, https:\/\/asociacioncomerciantesdepetrer.es\/wp-content\/uploads\/2019\/11\/fincamar-inmobiliaria-petrer-300x105.jpg 300w, https:\/\/asociacioncomerciantesdepetrer.es\/wp-content\/uploads\/2019\/11\/fincamar-inmobiliaria-petrer-768x269.jpg 768w, https:\/\/asociacioncomerciantesdepetrer.es\/wp-content\/uploads\/2019\/11\/fincamar-inmobiliaria-petrer-1024x359.jpg 1024w\" sizes=\"auto, (max-width: 1238px) 100vw, 1238px\" \/><\/p>\n<p style=\"text-align: center;\"><strong>Nuestra empresa est\u00e1 formada por un equipo profesional Joven y Din\u00e1mico con un objetivo com\u00fan: Satisfacer las demandas de nuestros Clientes.<\/strong><\/p>\n<p><strong>La sociedad tiene por objeto: la Promocion, Compra, Venta y Construcci\u00f3n de toda clase de Bienes Inmuebles Urbanos y R\u00fasticos.<\/strong><\/p>\n<p><strong>Una agencia joven con profesionales expertos y din\u00e1micos.<\/strong><\/p>\n<p><strong>Disponemos de una amplia oferta inmobiliaria de Viviendas Nuevas y 2\u00aa Mano, Chalets y Fincas por toda la provincia, Alquileres y Traspasos, todo ello con las mejores garant\u00edas econ\u00f3micas del mercado hasta el 100% de un Credito e Hipoteca para que usted pueda adquirirlos.<\/strong><\/p>\n<p><img loading=\"lazy\" decoding=\"async\" class=\"alignnone size-full wp-image-3279\" src=\"http:\/\/asociacioncomerciantesdepetrer.es\/wp-content\/uploads\/2019\/11\/fincamar-inmobiliaria-petrer-2.jpg\" alt=\"\" width=\"1364\" height=\"749\" srcset=\"https:\/\/asociacioncomerciantesdepetrer.es\/wp-content\/uploads\/2019\/11\/fincamar-inmobiliaria-petrer-2.jpg 1364w, https:\/\/asociacioncomerciantesdepetrer.es\/wp-content\/uploads\/2019\/11\/fincamar-inmobiliaria-petrer-2-300x165.jpg 300w, https:\/\/asociacioncomerciantesdepetrer.es\/wp-content\/uploads\/2019\/11\/fincamar-inmobiliaria-petrer-2-768x422.jpg 768w, https:\/\/asociacioncomerciantesdepetrer.es\/wp-content\/uploads\/2019\/11\/fincamar-inmobiliaria-petrer-2-1024x562.jpg 1024w\" sizes=\"auto, (max-width: 1364px) 100vw, 1364px\" \/><\/p>\n<p style=\"text-align: center;\"><strong>Estamos en C\/Comparsa Moros Nuevos, n\u00ba 2 &#8211; 03610 Petrer (Alicante)<\/strong><\/p>\n<p style=\"text-align: center;\"><strong>Tlf: 966 18 71 96 &#8211; <a href=\"https:\/\/www.fincamar.es\/index.php\">P\u00e1gina web<\/a> &#8211;&nbsp;<a href=\"https:\/\/www.facebook.com\/fincamar.es\/\"> Facebook<\/a><\/strong><\/p>\n","protected":false},"excerpt":{"rendered":"<p>Nuestra empresa est\u00e1 formada por un equipo profesional Joven y Din\u00e1mico con un objetivo com\u00fan: Satisfacer las demandas de nuestros Clientes. La sociedad tiene por objeto: la Promocion, Compra, Venta y Construcci\u00f3n de toda clase de Bienes Inmuebles Urbanos y R\u00fasticos. Una agencia joven con profesionales expertos y din\u00e1micos. Disponemos de una amplia oferta inmobiliaria [&hellip;]<\/p>\n","protected":false},"author":2,"featured_media":3278,"parent":0,"menu_order":0,"comment_status":"closed","ping_status":"closed","template":"","meta":{"footnotes":""},"class_list":["post-3296","page","type-page","status-publish","has-post-thumbnail","czr-hentry"],"_links":{"self":[{"href":"https:\/\/asociacioncomerciantesdepetrer.es\/index.php\/wp-json\/wp\/v2\/pages\/3296","targetHints":{"allow":["GET"]}}],"collection":[{"href":"https:\/\/asociacioncomerciantesdepetrer.es\/index.php\/wp-json\/wp\/v2\/pages"}],"about":[{"href":"https:\/\/asociacioncomerciantesdepetrer.es\/index.php\/wp-json\/wp\/v2\/types\/page"}],"author":[{"embeddable":true,"href":"https:\/\/asociacioncomerciantesdepetrer.es\/index.php\/wp-json\/wp\/v2\/users\/2"}],"replies":[{"embeddable":true,"href":"https:\/\/asociacioncomerciantesdepetrer.es\/index.php\/wp-json\/wp\/v2\/comments?post=3296"}],"version-history":[{"count":1,"href":"https:\/\/asociacioncomerciantesdepetrer.es\/index.php\/wp-json\/wp\/v2\/pages\/3296\/revisions"}],"predecessor-version":[{"id":3298,"href":"https:\/\/asociacioncomerciantesdepetrer.es\/index.php\/wp-json\/wp\/v2\/pages\/3296\/revisions\/3298"}],"wp:featuredmedia":[{"embeddable":true,"href":"https:\/\/asociacioncomerciantesdepetrer.es\/index.php\/wp-json\/wp\/v2\/media\/3278"}],"wp:attachment":[{"href":"https:\/\/asociacioncomerciantesdepetrer.es\/index.php\/wp-json\/wp\/v2\/media?parent=3296"}],"curies":[{"name":"wp","href":"https:\/\/api.w.org\/{rel}","templated":true}]}}