{"id":3308,"date":"2019-11-10T18:17:51","date_gmt":"2019-11-10T18:17:51","guid":{"rendered":"http:\/\/asociacioncomerciantesdepetrer.es\/?page_id=3308"},"modified":"2020-01-24T12:58:27","modified_gmt":"2020-01-24T12:58:27","slug":"el-rincon-de-noel-cerveceria-taperia","status":"publish","type":"page","link":"https:\/\/asociacioncomerciantesdepetrer.es\/index.php\/el-rincon-de-noel-cerveceria-taperia\/","title":{"rendered":"El Rinc\u00f3n de Noel &#8211; Cervecer\u00eda Taper\u00eda"},"content":{"rendered":"<h2><img loading=\"lazy\" decoding=\"async\" class=\"size-full wp-image-3263 aligncenter\" src=\"http:\/\/asociacioncomerciantesdepetrer.es\/wp-content\/uploads\/2019\/11\/rinc\u00f3n-de-noel-petrer-2-1.jpg\" alt=\"\" width=\"534\" height=\"299\" srcset=\"https:\/\/asociacioncomerciantesdepetrer.es\/wp-content\/uploads\/2019\/11\/rinc\u00f3n-de-noel-petrer-2-1.jpg 534w, https:\/\/asociacioncomerciantesdepetrer.es\/wp-content\/uploads\/2019\/11\/rinc\u00f3n-de-noel-petrer-2-1-300x168.jpg 300w, https:\/\/asociacioncomerciantesdepetrer.es\/wp-content\/uploads\/2019\/11\/rinc\u00f3n-de-noel-petrer-2-1-528x297.jpg 528w\" sizes=\"auto, (max-width: 534px) 100vw, 534px\" \/><\/h2>\n<h2 style=\"text-align: center;\">CERVERCER\u00cdA &#8211; TAPER\u00cdA<\/h2>\n<h3 style=\"text-align: center;\">Ven a conocernos, gran trato y grandes tapas<\/h3>\n<p><img loading=\"lazy\" decoding=\"async\" class=\"size-full wp-image-3261 aligncenter\" src=\"http:\/\/asociacioncomerciantesdepetrer.es\/wp-content\/uploads\/2019\/11\/rinc\u00f3n-de-noel-petrer-4.jpg\" alt=\"\" width=\"960\" height=\"720\" srcset=\"https:\/\/asociacioncomerciantesdepetrer.es\/wp-content\/uploads\/2019\/11\/rinc\u00f3n-de-noel-petrer-4.jpg 960w, https:\/\/asociacioncomerciantesdepetrer.es\/wp-content\/uploads\/2019\/11\/rinc\u00f3n-de-noel-petrer-4-300x225.jpg 300w, https:\/\/asociacioncomerciantesdepetrer.es\/wp-content\/uploads\/2019\/11\/rinc\u00f3n-de-noel-petrer-4-768x576.jpg 768w\" sizes=\"auto, (max-width: 960px) 100vw, 960px\" \/> <img loading=\"lazy\" decoding=\"async\" class=\"size-full wp-image-3260 aligncenter\" src=\"http:\/\/asociacioncomerciantesdepetrer.es\/wp-content\/uploads\/2019\/11\/rinc\u00f3n-de-noel-petrer-3.jpg\" alt=\"\" width=\"720\" height=\"960\" srcset=\"https:\/\/asociacioncomerciantesdepetrer.es\/wp-content\/uploads\/2019\/11\/rinc\u00f3n-de-noel-petrer-3.jpg 720w, https:\/\/asociacioncomerciantesdepetrer.es\/wp-content\/uploads\/2019\/11\/rinc\u00f3n-de-noel-petrer-3-225x300.jpg 225w\" sizes=\"auto, (max-width: 720px) 100vw, 720px\" \/><\/p>\n<p><img loading=\"lazy\" decoding=\"async\" class=\"size-full wp-image-3258 aligncenter\" src=\"http:\/\/asociacioncomerciantesdepetrer.es\/wp-content\/uploads\/2019\/11\/rinc\u00f3n-de-noel-petrer-1.jpg\" alt=\"\" width=\"960\" height=\"959\" srcset=\"https:\/\/asociacioncomerciantesdepetrer.es\/wp-content\/uploads\/2019\/11\/rinc\u00f3n-de-noel-petrer-1.jpg 960w, https:\/\/asociacioncomerciantesdepetrer.es\/wp-content\/uploads\/2019\/11\/rinc\u00f3n-de-noel-petrer-1-150x150.jpg 150w, https:\/\/asociacioncomerciantesdepetrer.es\/wp-content\/uploads\/2019\/11\/rinc\u00f3n-de-noel-petrer-1-300x300.jpg 300w, https:\/\/asociacioncomerciantesdepetrer.es\/wp-content\/uploads\/2019\/11\/rinc\u00f3n-de-noel-petrer-1-768x767.jpg 768w, https:\/\/asociacioncomerciantesdepetrer.es\/wp-content\/uploads\/2019\/11\/rinc\u00f3n-de-noel-petrer-1-510x510.jpg 510w\" sizes=\"auto, (max-width: 960px) 100vw, 960px\" \/><\/p>\n<h5 style=\"text-align: center;\">Nos encontrar\u00e1s en Avenida Reina Sof\u00eda, n\u00ba 4 &#8211; 03610 Petrer, Alicante<\/h5>\n<h5 style=\"text-align: center;\">Tlf: 966 09 66 66<\/h5>\n<h2><img loading=\"lazy\" decoding=\"async\" class=\"size-full wp-image-3262 aligncenter\" src=\"http:\/\/asociacioncomerciantesdepetrer.es\/wp-content\/uploads\/2019\/11\/rincon-de-noel-petrer-5.jpg\" alt=\"\" width=\"675\" height=\"1200\" srcset=\"https:\/\/asociacioncomerciantesdepetrer.es\/wp-content\/uploads\/2019\/11\/rincon-de-noel-petrer-5.jpg 675w, https:\/\/asociacioncomerciantesdepetrer.es\/wp-content\/uploads\/2019\/11\/rincon-de-noel-petrer-5-169x300.jpg 169w, https:\/\/asociacioncomerciantesdepetrer.es\/wp-content\/uploads\/2019\/11\/rincon-de-noel-petrer-5-576x1024.jpg 576w\" sizes=\"auto, (max-width: 675px) 100vw, 675px\" \/><\/h2>\n<h2><\/h2>\n","protected":false},"excerpt":{"rendered":"<p>CERVERCER\u00cdA &#8211; TAPER\u00cdA Ven a conocernos, gran trato y grandes tapas Nos encontrar\u00e1s en Avenida Reina Sof\u00eda, n\u00ba 4 &#8211; 03610 Petrer, Alicante Tlf: 966 09 66 66<\/p>\n","protected":false},"author":2,"featured_media":3263,"parent":0,"menu_order":0,"comment_status":"closed","ping_status":"closed","template":"","meta":{"footnotes":""},"class_list":["post-3308","page","type-page","status-publish","has-post-thumbnail","czr-hentry"],"_links":{"self":[{"href":"https:\/\/asociacioncomerciantesdepetrer.es\/index.php\/wp-json\/wp\/v2\/pages\/3308","targetHints":{"allow":["GET"]}}],"collection":[{"href":"https:\/\/asociacioncomerciantesdepetrer.es\/index.php\/wp-json\/wp\/v2\/pages"}],"about":[{"href":"https:\/\/asociacioncomerciantesdepetrer.es\/index.php\/wp-json\/wp\/v2\/types\/page"}],"author":[{"embeddable":true,"href":"https:\/\/asociacioncomerciantesdepetrer.es\/index.php\/wp-json\/wp\/v2\/users\/2"}],"replies":[{"embeddable":true,"href":"https:\/\/asociacioncomerciantesdepetrer.es\/index.php\/wp-json\/wp\/v2\/comments?post=3308"}],"version-history":[{"count":3,"href":"https:\/\/asociacioncomerciantesdepetrer.es\/index.php\/wp-json\/wp\/v2\/pages\/3308\/revisions"}],"predecessor-version":[{"id":3409,"href":"https:\/\/asociacioncomerciantesdepetrer.es\/index.php\/wp-json\/wp\/v2\/pages\/3308\/revisions\/3409"}],"wp:featuredmedia":[{"embeddable":true,"href":"https:\/\/asociacioncomerciantesdepetrer.es\/index.php\/wp-json\/wp\/v2\/media\/3263"}],"wp:attachment":[{"href":"https:\/\/asociacioncomerciantesdepetrer.es\/index.php\/wp-json\/wp\/v2\/media?parent=3308"}],"curies":[{"name":"wp","href":"https:\/\/api.w.org\/{rel}","templated":true}]}}