{"id":3356,"date":"2019-11-21T18:46:02","date_gmt":"2019-11-21T18:46:02","guid":{"rendered":"http:\/\/asociacioncomerciantesdepetrer.es\/?page_id=3356"},"modified":"2019-11-21T19:29:58","modified_gmt":"2019-11-21T19:29:58","slug":"politica-de-datos","status":"publish","type":"page","link":"https:\/\/asociacioncomerciantesdepetrer.es\/index.php\/politica-de-datos\/","title":{"rendered":"Pol\u00edtica de datos"},"content":{"rendered":"<p style=\"text-align: center;\">INFORMACI\u00d3N SOBRE EL TRATAMIENTO DE LOS DATOS DE CAR\u00c1CTER PERSONAL.<\/p>\n<p class=\"yiv3322697922MsoNormal\"><b><i>Los datos que Ud. nos facilita ser\u00e1n objeto de un tratamiento, cuyo responsable es la Asociaci\u00f3n Local de Comerciantes de Petrer, cuya finalidad es la de gestionar organizativamente esta campa\u00f1a.\u00a0 Sus datos no se ceder\u00e1n a terceros salvo obligaci\u00f3n legal. <\/i><\/b><\/p>\n<p class=\"yiv3322697922MsoNormal\"><b><i>Tiene la posibilidad de ejercitar los derechos de acceso, rectificaci\u00f3n, supresi\u00f3n, oposici\u00f3n, limitaci\u00f3n y portabilidad, solicit\u00e1ndolo a la direcci\u00f3n asociacioncomerciantesdepetrer@gmail o en el tel\u00e9fono 696761380.<\/i><\/b><\/p>\n<p class=\"yiv3322697922MsoNormal\"><b><i> Puede consultar nuestra pol\u00edtica de privacidad aqu\u00ed: <\/i><\/b><\/p>\n<p class=\"yiv3322697922MsoNormal\"><b><i><a href=\"http:\/\/asociacioncomerciantesdepetrer.es\/index.php\/politica-de-privacidad\/\">Pol\u00edtica de privacidad<\/a><\/i><\/b><\/p>\n","protected":false},"excerpt":{"rendered":"<p>INFORMACI\u00d3N SOBRE EL TRATAMIENTO DE LOS DATOS DE CAR\u00c1CTER PERSONAL. Los datos que Ud. nos facilita ser\u00e1n objeto de un tratamiento, cuyo responsable es la Asociaci\u00f3n Local de Comerciantes de Petrer, cuya finalidad es la de gestionar organizativamente esta campa\u00f1a.\u00a0 Sus datos no se ceder\u00e1n a terceros salvo obligaci\u00f3n legal. Tiene la posibilidad de ejercitar [&hellip;]<\/p>\n","protected":false},"author":2,"featured_media":0,"parent":0,"menu_order":0,"comment_status":"closed","ping_status":"closed","template":"","meta":{"footnotes":""},"class_list":["post-3356","page","type-page","status-publish","czr-hentry"],"_links":{"self":[{"href":"https:\/\/asociacioncomerciantesdepetrer.es\/index.php\/wp-json\/wp\/v2\/pages\/3356","targetHints":{"allow":["GET"]}}],"collection":[{"href":"https:\/\/asociacioncomerciantesdepetrer.es\/index.php\/wp-json\/wp\/v2\/pages"}],"about":[{"href":"https:\/\/asociacioncomerciantesdepetrer.es\/index.php\/wp-json\/wp\/v2\/types\/page"}],"author":[{"embeddable":true,"href":"https:\/\/asociacioncomerciantesdepetrer.es\/index.php\/wp-json\/wp\/v2\/users\/2"}],"replies":[{"embeddable":true,"href":"https:\/\/asociacioncomerciantesdepetrer.es\/index.php\/wp-json\/wp\/v2\/comments?post=3356"}],"version-history":[{"count":2,"href":"https:\/\/asociacioncomerciantesdepetrer.es\/index.php\/wp-json\/wp\/v2\/pages\/3356\/revisions"}],"predecessor-version":[{"id":3361,"href":"https:\/\/asociacioncomerciantesdepetrer.es\/index.php\/wp-json\/wp\/v2\/pages\/3356\/revisions\/3361"}],"wp:attachment":[{"href":"https:\/\/asociacioncomerciantesdepetrer.es\/index.php\/wp-json\/wp\/v2\/media?parent=3356"}],"curies":[{"name":"wp","href":"https:\/\/api.w.org\/{rel}","templated":true}]}}