{"id":3359,"date":"2019-11-21T19:28:57","date_gmt":"2019-11-21T19:28:57","guid":{"rendered":"http:\/\/asociacioncomerciantesdepetrer.es\/?page_id=3359"},"modified":"2019-11-21T19:28:58","modified_gmt":"2019-11-21T19:28:58","slug":"politica-de-privacidad","status":"publish","type":"page","link":"https:\/\/asociacioncomerciantesdepetrer.es\/index.php\/politica-de-privacidad\/","title":{"rendered":"Pol\u00edtica de privacidad"},"content":{"rendered":"<p>A los efectos previstos en Reglamento (UE) 2016\/679 del Parlamento Europeo y del Consejo, de 27 de abril de 2016, relativo a la protecci\u00f3n de las personas f\u00edsicas en lo que respecta al tratamiento de datos personales (RGPD), en la Ley Org\u00e1nica 3\/2018, de 5 de diciembre, de protecci\u00f3n de datos personales y garant\u00eda de los derechos digitales (LOPD-GDD) y dem\u00e1s legislaci\u00f3n que le sea aplicable.<\/p>\n<p>Los t\u00e9rminos recogidos a continuaci\u00f3n ser\u00e1n de obligado cumplimiento para todo el personal interno o externo que trabaje o pudiera trabajar con nosotros y que tengan acceso a los datos que nos sean facilitados, bien durante la navegaci\u00f3n en nuestra Web, en su caso, por la utilizaci\u00f3n de nuestros formularios, por la participaci\u00f3n en iniciativas propias (campa\u00f1as, sorteos, etc.) o durante la contrataci\u00f3n o prestaci\u00f3n de los servicios propios de nuestra asociaci\u00f3n.<\/p>\n<p>Responsable del tratamiento de Datos: <strong>ASOCIACI\u00d3N LOCAL <\/strong><strong>DE <\/strong><strong>COMERCIANTES <\/strong><strong>DE <\/strong><strong>PETRER<\/strong><\/p>\n<p>CIF:<strong>G03630542 <\/strong>&#8211; Direcci\u00f3n postal: <strong>PL. PACO LOPEZ PINA, 4 03610 PETRER ALICANTE\u00a0 <\/strong>&#8211; Tel\u00e9fono: <strong>696761380<\/strong>&#8211;<\/p>\n<p>Correo electr\u00f3nico: <a href=\"mailto:asociacioncomerciantesdepetrer@gmail.com\"><strong>asociacioncomerciantesdepetrer@gmail.com<\/strong><\/a><\/p>\n<p><strong>\u00a0<\/strong><\/p>\n<p><strong>* Finalidad<\/strong><\/p>\n<p>-Gestionar administrativamente el servicio\/producto solicitado y\/o contratado, por medios tradicionales o electr\u00f3nicos, as\u00ed como la gesti\u00f3n organizativa de iniciativas propias como sorteos, campa\u00f1as, etc.<\/p>\n<p>-Gestionar el servicio adicional tras la compra\/contrataci\u00f3n del\/los mismo\/s. Mantener la relaci\u00f3n contractual que, en su caso, nos une.<\/p>\n<p>-Informarle sobre productos, servicios o eventos de nuestra empresa, o grupo de empresas. que pudieran ser de su inter\u00e9s por medios tradicionales o electr\u00f3nicos.<\/p>\n<p>-Canalizar las solicitudes de informaci\u00f3n, sugerencias y reclamaciones de clientes para su gesti\u00f3n y resoluci\u00f3n.<\/p>\n<p>-Gesti\u00f3n de los procesos de selecci\u00f3n de personal.<\/p>\n<p>* La legitimidad del tratamiento recae en la ejecuci\u00f3n de un contrato, en su consentimiento previo o, en su caso, por inter\u00e9s leg\u00edtimo como por ejemplo por motivos de seguridad, prevenci\u00f3n del fraude, gestionar solicitudes, consultas o posibles reclamaciones.<\/p>\n<p>*Procedencia de los Datos. La informaci\u00f3n de car\u00e1cter personal tratada por nosotros procede de:<\/p>\n<p>-La aportaci\u00f3n directa de los interesados a trav\u00e9s de los formularios dispuestos para la recogida de datos.<\/p>\n<p>-Fuentes p\u00fablicas.<\/p>\n<p>-Informaci\u00f3n necesaria aportada por los interesados para la prestaci\u00f3n\/compra del servicio\/producto.<\/p>\n<p>*El periodo de conservaci\u00f3n de la informaci\u00f3n de car\u00e1cter personal se limitar\u00e1 al periodo de tiempo durante el cual sea necesaria para poder utilizarla seg\u00fan la finalidad para la que fue recogida o mientras no se ejerza el derecho de supresi\u00f3n, cancelaci\u00f3n y\/o limitaci\u00f3n del tratamiento de sus datos. En estos casos, mantendremos la informaci\u00f3n debidamente bloqueada, sin darle ning\u00fan uso, mientras pueda ser necesaria para el ejercicio o defensa de reclamaciones o pueda derivarse alg\u00fan tipo de responsabilidad judicial, legal o contractual de su tratamiento, que deba ser atendida y para lo cual sea necesaria su recuperaci\u00f3n.<\/p>\n<ul>\n<li>Sobre los cuales no se efectuar\u00e1 ninguna decisi\u00f3n de forma automatizada.<\/li>\n<\/ul>\n<ul>\n<li>Sobre los cuales no se realizar\u00e1 ning\u00fan tipo de cesi\u00f3n a terceros salvo obligaci\u00f3n legal.<\/li>\n<\/ul>\n<ul>\n<li>Sobre los cuales no se producir\u00e1 ning\u00fan tipo de transferencia internacional.<\/li>\n<\/ul>\n<ul>\n<li>Sobre el que podr\u00e1 ejercitar los derechos de rectificaci\u00f3n, supresi\u00f3n, oposici\u00f3n, limitaci\u00f3n del tratamiento y portabilidad de sus datos, remitiendo una solicitud por escrito a la direcci\u00f3n anteriormente indicada, acompa\u00f1ando un documento para su identificaci\u00f3n.<\/li>\n<\/ul>\n<ul>\n<li>Con la finalidad de proteger su informaci\u00f3n personal y su privacidad utilizamos las medidas t\u00e9cnicas y organizativas adecuadas, revisando dichas medidas peri\u00f3dicamente.<\/li>\n<\/ul>\n<ul>\n<li>La informaci\u00f3n y documentaci\u00f3n relacionada con el cumplimiento de la normativa vigente en materia de Protecci\u00f3n de Datos de Car\u00e1cter Personal ser\u00e1 revisada al menos una vez al a\u00f1o, o bien cuando se produzcan modificaciones en dicha legislaci\u00f3n o en alguno de los procedimientos de tratamiento de su informaci\u00f3n personal.<\/li>\n<\/ul>\n<p>Si considera que el tratamiento de sus datos personales vulnera la normativa o lo dispuesto en el presente documento, puede presentar una reclamaci\u00f3n ante la Agencia Espa\u00f1ola de Protecci\u00f3n de Datos, que es la autoridad de control competente en la protecci\u00f3n de sus datos personales, a trav\u00e9s de su sede electr\u00f3nica <a href=\"http:\/\/www.agpd.es\/\">www.agpd.es<\/a><\/p>\n<p>Si tiene cualquier tipo de consulta, comentario o inquietud sobre c\u00f3mo tratamos la informaci\u00f3n de car\u00e1cter personal puede ponerse en contacto con nosotros en el tel\u00e9fono <strong>696761380 <\/strong>o correo electr\u00f3nico <a href=\"mailto:asociacioncomerciantesdepetrer@gmail.com\"><strong>asociacioncomerciantesdepetrer@gmail.com<\/strong>.<\/a><\/p>\n","protected":false},"excerpt":{"rendered":"<p>A los efectos previstos en Reglamento (UE) 2016\/679 del Parlamento Europeo y del Consejo, de 27 de abril de 2016, relativo a la protecci\u00f3n de las personas f\u00edsicas en lo que respecta al tratamiento de datos personales (RGPD), en la Ley Org\u00e1nica 3\/2018, de 5 de diciembre, de protecci\u00f3n de datos personales y garant\u00eda de [&hellip;]<\/p>\n","protected":false},"author":2,"featured_media":0,"parent":0,"menu_order":0,"comment_status":"closed","ping_status":"closed","template":"","meta":{"footnotes":""},"class_list":["post-3359","page","type-page","status-publish","czr-hentry"],"_links":{"self":[{"href":"https:\/\/asociacioncomerciantesdepetrer.es\/index.php\/wp-json\/wp\/v2\/pages\/3359","targetHints":{"allow":["GET"]}}],"collection":[{"href":"https:\/\/asociacioncomerciantesdepetrer.es\/index.php\/wp-json\/wp\/v2\/pages"}],"about":[{"href":"https:\/\/asociacioncomerciantesdepetrer.es\/index.php\/wp-json\/wp\/v2\/types\/page"}],"author":[{"embeddable":true,"href":"https:\/\/asociacioncomerciantesdepetrer.es\/index.php\/wp-json\/wp\/v2\/users\/2"}],"replies":[{"embeddable":true,"href":"https:\/\/asociacioncomerciantesdepetrer.es\/index.php\/wp-json\/wp\/v2\/comments?post=3359"}],"version-history":[{"count":1,"href":"https:\/\/asociacioncomerciantesdepetrer.es\/index.php\/wp-json\/wp\/v2\/pages\/3359\/revisions"}],"predecessor-version":[{"id":3360,"href":"https:\/\/asociacioncomerciantesdepetrer.es\/index.php\/wp-json\/wp\/v2\/pages\/3359\/revisions\/3360"}],"wp:attachment":[{"href":"https:\/\/asociacioncomerciantesdepetrer.es\/index.php\/wp-json\/wp\/v2\/media?parent=3359"}],"curies":[{"name":"wp","href":"https:\/\/api.w.org\/{rel}","templated":true}]}}