{"id":3387,"date":"2020-01-20T09:02:00","date_gmt":"2020-01-20T09:02:00","guid":{"rendered":"http:\/\/asociacioncomerciantesdepetrer.es\/?p=3387"},"modified":"2020-01-20T10:39:43","modified_gmt":"2020-01-20T10:39:43","slug":"ciclos-sabater","status":"publish","type":"page","link":"https:\/\/asociacioncomerciantesdepetrer.es\/index.php\/ciclos-sabater\/","title":{"rendered":"Ciclos Sabater"},"content":{"rendered":"<div class=\"_39k5 _5s6c\">\n<div>\n<div>\n<div style=\"width: 820px;\" class=\"wp-video\"><video class=\"wp-video-shortcode\" id=\"video-3387-1\" width=\"820\" height=\"462\" preload=\"metadata\" controls=\"controls\"><source type=\"video\/mp4\" src=\"http:\/\/asociacioncomerciantesdepetrer.es\/wp-content\/uploads\/2020\/01\/anuncio-ciclos-sabater.mp4?_=1\" \/><a href=\"http:\/\/asociacioncomerciantesdepetrer.es\/wp-content\/uploads\/2020\/01\/anuncio-ciclos-sabater.mp4\">http:\/\/asociacioncomerciantesdepetrer.es\/wp-content\/uploads\/2020\/01\/anuncio-ciclos-sabater.mp4<\/a><\/video><\/div>\n<\/div>\n<div><\/div>\n<div><strong>Venta y reparaci\u00f3n multimarca de bicicletas<\/strong><\/div>\n<div><\/div>\n<div><\/div>\n<div class=\"_2cuy _3dgx _2vxa\">Llevamos el ciclismo en las venas. Competimos tanto en Ciclismo de carretera como en XCO lo que hace que sepamos lo que te sucede a ti y a tu bici cuando compites. No dejamos de actualizar nuestros conocimientos en mec\u00e1nica para estar al nivel que os merec\u00e9is. Por eso el a\u00f1o pasado conseguimos la acreditaci\u00f3n Shimano Service Center que garantiza tener antes que nadie las ultimas novedades de la compa\u00f1ia Shimano.<\/div>\n<div><\/div>\n<figure class=\"_2cuy _4nuy _2vxa\">\n<div class=\"_h2x _h2y\"><img decoding=\"async\" id=\"u_15_0\" class=\"_h2z _297z _usd img\" src=\"https:\/\/scontent-mad1-1.xx.fbcdn.net\/v\/t1.0-9\/p720x720\/70678770_2466175260286124_4587181958693388288_o.jpg?_nc_cat=103&amp;_nc_ohc=p5VSHUS13-oAX8QiubQ&amp;_nc_ht=scontent-mad1-1.xx&amp;_nc_tp=1002&amp;oh=c8e03d83bf44b85f0aba50b6c9066fd0&amp;oe=5E8ED4CA\" alt=\"\" \/><\/p>\n<div class=\"_h2w _50f8 _50f4\">Jorge Mart\u00edn mecanico de Ciclos Sabater<\/div>\n<\/div>\n<\/figure>\n<div><\/div>\n<div class=\"_2cuy _3dgx _2vxa\">Sergio Martinez nuestro responsable de ventas conoce mejor que nadie lo que necesitas. Muchos clientes satisfechos ya saben que cuentan con un asesor que sabra entender que bicicleta es la que mejor se adapta a tu tipo de ciclismo.<\/div>\n<div><\/div>\n<figure class=\"_2cuy _4nuy _2vxa\">\n<div class=\"_h2x _h2y\"><img decoding=\"async\" id=\"u_15_1\" class=\"_h2z _297z _usd img\" src=\"https:\/\/scontent-mad1-1.xx.fbcdn.net\/v\/t1.0-9\/p720x720\/71214677_2466178460285804_358593468152414208_o.jpg?_nc_cat=110&amp;_nc_ohc=Qkl2NpkCtWgAX_IgCrn&amp;_nc_ht=scontent-mad1-1.xx&amp;_nc_tp=1002&amp;oh=cd36fb599cdb093e94314d212d179f8c&amp;oe=5E990872\" alt=\"\" \/><\/p>\n<div class=\"_h2w _50f8 _50f4\">Sergio Martinez Responable de Ventas<\/div>\n<\/div>\n<\/figure>\n<div><\/div>\n<div class=\"_2cuy _3dgx _2vxa\">Jorge Mart\u00edn \u201cChiquillo\u201d es un reconocido Biker de la Comunidad Valenciana. Campe\u00f3n de del Circuito Monta\u00f1as Alicantinas, Campe\u00f3n XCO de la Comunidad Valenciana ademas de codearse con la \u00e9lite de este deporte en las pruebas Superprestigio. Su experiencia en competici\u00f3n la traslada a Ciclos Sabater donde ademas de reparar tu bici te aconsejara en todas tus dudas para la pr\u00f3xima carrera.<\/div>\n<div><\/div>\n<figure class=\"_2cuy _4nuy _2vxa\">\n<div class=\"_h2x _h2y\"><img decoding=\"async\" id=\"u_15_2\" class=\"_h2z _297z _usd img\" src=\"https:\/\/scontent-mad1-1.xx.fbcdn.net\/v\/t1.0-9\/p720x720\/70505364_2466181780285472_7273994141929832448_o.jpg?_nc_cat=111&amp;_nc_ohc=hZm0Eln9QL4AX_iugI1&amp;_nc_ht=scontent-mad1-1.xx&amp;_nc_tp=1002&amp;oh=cb92f7a4435fee0e052736bcdbe80e44&amp;oe=5ECD8384\" alt=\"\" \/><\/p>\n<div class=\"_h2w _50f8 _50f4\">Jorge Mart\u00edn mec\u00e1nico Ciclos Sabater<\/div>\n<\/div>\n<\/figure>\n<div><\/div>\n<div class=\"_2cuy _3dgx _2vxa\">No hay equipo sin un Capo. Y nosotros tenemos uno de altura. Antonio Sabater lleva viviendo el ciclismo desde ni\u00f1o. Su padre Jos\u00e9 Sabater fue un profesional del ciclismo al que Antonio seguir\u00eda los pasos. Al final decidi\u00f3 volcar toda su experiencia en el ciclismo en Ciclos Sabater. Consiguiendo aunar toda su experiencia y el amor al ciclismo en este proyecto.<\/div>\n<div><\/div>\n<figure class=\"_2cuy _4nuy _2vxa\">\n<div class=\"_h2x _h2y\"><img decoding=\"async\" id=\"u_15_3\" class=\"_h2z _297z _usd img\" src=\"https:\/\/scontent-mad1-1.xx.fbcdn.net\/v\/t1.0-9\/p720x720\/70633664_2466185806951736_6665593654876307456_o.jpg?_nc_cat=100&amp;_nc_ohc=ItF-dSRG9xYAX9uchj9&amp;_nc_ht=scontent-mad1-1.xx&amp;_nc_tp=1002&amp;oh=df10ae1e44310b3991ea65deefa36e07&amp;oe=5ED59EE6\" alt=\"\" \/><\/p>\n<div class=\"_h2w _50f8 _50f4\">Antonio Sabater CEO de Ciclos Sabater<\/div>\n<\/div>\n<\/figure>\n<div><\/div>\n<div class=\"_2cuy _3dgx _2vxa\" style=\"text-align: center;\"><strong>Ciclos Sabater, tu tienda de ciclismo en calle Poeta Paco Moll\u00e1 9\u00a0 (Petrer, Alicante).<\/strong><\/div>\n<div style=\"text-align: center;\">Tlf: 674291660 &#8211;<a href=\"https:\/\/www.facebook.com\/ciclosabater\/\"> Facebook<\/a>&#8211; Horario: L-V 10:00-14:00 y 16:30-21:00<\/div>\n<div><\/div>\n<div class=\"_2cuy _3dgx _2vxa\" style=\"text-align: center;\"><strong>Sabemos lo que le pasa a tu bici. Sabemos como ayudarte<\/strong><\/div>\n<div>\n<div class=\"datos-centro\">\n<div class=\"td-dato\"><\/div>\n<div class=\"td-dato\"><\/div>\n<\/div>\n<div class=\"descripcion-centro\">\n<div class=\"field field--name-body field--type-text-with-summary field--label-hidden field--item\">\n<\/div>\n<\/div>\n<\/div>\n<\/div>\n<\/div>\n","protected":false},"excerpt":{"rendered":"<p>Venta y reparaci\u00f3n multimarca de bicicletas Llevamos el ciclismo en las venas. Competimos tanto en Ciclismo de carretera como en XCO lo que hace que sepamos lo que te sucede a ti y a tu bici cuando compites. No dejamos de actualizar nuestros conocimientos en mec\u00e1nica para estar al nivel que os merec\u00e9is. Por eso [&hellip;]<\/p>\n","protected":false},"author":2,"featured_media":0,"parent":0,"menu_order":0,"comment_status":"open","ping_status":"open","template":"","meta":{"footnotes":""},"class_list":["post-3387","page","type-page","status-publish","czr-hentry"],"_links":{"self":[{"href":"https:\/\/asociacioncomerciantesdepetrer.es\/index.php\/wp-json\/wp\/v2\/pages\/3387","targetHints":{"allow":["GET"]}}],"collection":[{"href":"https:\/\/asociacioncomerciantesdepetrer.es\/index.php\/wp-json\/wp\/v2\/pages"}],"about":[{"href":"https:\/\/asociacioncomerciantesdepetrer.es\/index.php\/wp-json\/wp\/v2\/types\/page"}],"author":[{"embeddable":true,"href":"https:\/\/asociacioncomerciantesdepetrer.es\/index.php\/wp-json\/wp\/v2\/users\/2"}],"replies":[{"embeddable":true,"href":"https:\/\/asociacioncomerciantesdepetrer.es\/index.php\/wp-json\/wp\/v2\/comments?post=3387"}],"version-history":[{"count":3,"href":"https:\/\/asociacioncomerciantesdepetrer.es\/index.php\/wp-json\/wp\/v2\/pages\/3387\/revisions"}],"predecessor-version":[{"id":3401,"href":"https:\/\/asociacioncomerciantesdepetrer.es\/index.php\/wp-json\/wp\/v2\/pages\/3387\/revisions\/3401"}],"wp:attachment":[{"href":"https:\/\/asociacioncomerciantesdepetrer.es\/index.php\/wp-json\/wp\/v2\/media?parent=3387"}],"curies":[{"name":"wp","href":"https:\/\/api.w.org\/{rel}","templated":true}]}}