{"id":383,"date":"2014-04-11T11:31:13","date_gmt":"2014-04-11T11:31:13","guid":{"rendered":"http:\/\/prueba.asociacioncomerciantesdepetrer.es\/?page_id=383"},"modified":"2014-04-11T11:31:13","modified_gmt":"2014-04-11T11:31:13","slug":"cafeteria-albatros","status":"publish","type":"page","link":"https:\/\/asociacioncomerciantesdepetrer.es\/index.php\/cafeteria-albatros\/","title":{"rendered":"Cafeter\u00eda Albatros"},"content":{"rendered":"<p>Cafeter\u00eda Albatros. Estamos en Av. Reina Sof\u00eda, N\u00ba 4.<\/p>\n<p><small>Ver <a href=\"http:\/\/maps.google.es\/maps\/ms?msa=0&#038;msid=210805952194766788181.0004ba09b2bfecf9a98ac&#038;hl=es&#038;ie=UTF8&#038;ll=38.470878,-0.777661&#038;spn=0.037803,0.020498&#038;t=m&#038;iwloc=0004bcc2861fd5554df76&#038;source=embed\" style=\"color:#0000FF;text-align:left\">Mapa de asociados<\/a> en un mapa m\u00e1s grande<\/small> <\/p>\n<p> <img loading=\"lazy\" decoding=\"async\" class=\" size-full wp-image-381\" src=\"http:\/\/asociacioncomerciantesdepetrer.es\/wp-content\/uploads\/2014\/04\/03-Cafeteria-Albatros-01.JPG\" alt=\"alt\" style=\"border: 1px solid black;\" width=\"346\" height=\"230\" \/><\/p>\n<p> <img loading=\"lazy\" decoding=\"async\" class=\" size-full wp-image-382\" src=\"http:\/\/asociacioncomerciantesdepetrer.es\/wp-content\/uploads\/2014\/04\/04-Cafeteria-Albatros-02.JPG\" alt=\"alt\" style=\"border: 1px solid black;\" width=\"346\" height=\"230\" \/><\/p>\n","protected":false},"excerpt":{"rendered":"<p>Cafeter\u00eda Albatros. Estamos en Av. Reina Sof\u00eda, N\u00ba 4. Ver Mapa de asociados en un mapa m\u00e1s grande<\/p>\n","protected":false},"author":2,"featured_media":380,"parent":0,"menu_order":233,"comment_status":"closed","ping_status":"closed","template":"","meta":{"footnotes":""},"class_list":["post-383","page","type-page","status-publish","has-post-thumbnail","czr-hentry"],"_links":{"self":[{"href":"https:\/\/asociacioncomerciantesdepetrer.es\/index.php\/wp-json\/wp\/v2\/pages\/383","targetHints":{"allow":["GET"]}}],"collection":[{"href":"https:\/\/asociacioncomerciantesdepetrer.es\/index.php\/wp-json\/wp\/v2\/pages"}],"about":[{"href":"https:\/\/asociacioncomerciantesdepetrer.es\/index.php\/wp-json\/wp\/v2\/types\/page"}],"author":[{"embeddable":true,"href":"https:\/\/asociacioncomerciantesdepetrer.es\/index.php\/wp-json\/wp\/v2\/users\/2"}],"replies":[{"embeddable":true,"href":"https:\/\/asociacioncomerciantesdepetrer.es\/index.php\/wp-json\/wp\/v2\/comments?post=383"}],"version-history":[{"count":0,"href":"https:\/\/asociacioncomerciantesdepetrer.es\/index.php\/wp-json\/wp\/v2\/pages\/383\/revisions"}],"wp:featuredmedia":[{"embeddable":true,"href":"https:\/\/asociacioncomerciantesdepetrer.es\/index.php\/wp-json\/wp\/v2\/media\/380"}],"wp:attachment":[{"href":"https:\/\/asociacioncomerciantesdepetrer.es\/index.php\/wp-json\/wp\/v2\/media?parent=383"}],"curies":[{"name":"wp","href":"https:\/\/api.w.org\/{rel}","templated":true}]}}