{"id":396,"date":"2014-04-11T11:32:26","date_gmt":"2014-04-11T11:32:26","guid":{"rendered":"http:\/\/prueba.asociacioncomerciantesdepetrer.es\/?page_id=396"},"modified":"2014-04-11T11:32:26","modified_gmt":"2014-04-11T11:32:26","slug":"muebles-yago-s","status":"publish","type":"page","link":"https:\/\/asociacioncomerciantesdepetrer.es\/index.php\/muebles-yago-s\/","title":{"rendered":"Muebles Yago&#8217;s"},"content":{"rendered":"<p><strong>Especialistas en Sistemas de Descanso, Armarios Empotrados y Muebles a Medida.<\/strong><\/p>\n<p>Distribuidores de TEMPUR productos anti-presi\u00f3n, DUNLOPILLO Lates Talalay lo m\u00e1s natural, FUT\u00d3N STATI\u00d3N Tatamis de paja de arroz y futones japoneses los m\u00e1s ecol\u00f3gicos, BALTIMORE Camas de Agua estabilizada y todas las primeras marcas nacionales PIKOLIN, FLEX, RELAX, Etc.<\/p>\n<p><strong>Estamos en Av. de Madrid, n\u00ba 46 &#8211; PETRER (Alicante) <\/strong><\/p>\n<p><strong>Tel. 966950057\u00a0 E-mail info@mueblesyagos.com<\/strong><\/p>\n<p><img loading=\"lazy\" decoding=\"async\" class=\" size-full wp-image-394\" src=\"http:\/\/asociacioncomerciantesdepetrer.es\/wp-content\/uploads\/2014\/04\/pagina-3.jpg\" border=\"0\" width=\"576\" height=\"883\" \/><\/p>\n<p><img loading=\"lazy\" decoding=\"async\" class=\" size-full wp-image-395\" src=\"http:\/\/asociacioncomerciantesdepetrer.es\/wp-content\/uploads\/2014\/04\/muebles-yagos-oferta-piso-completo.jpg\" border=\"0\" width=\"576\" height=\"223\" \/><\/p>\n<p><iframe loading=\"lazy\" src=\"https:\/\/maps.google.com\/maps\/ms?msid=210805952194766788181.0004ba09b2bfecf9a98ac&amp;msa=0&amp;hl=es&amp;ie=UTF8&amp;t=h&amp;ll=38.481683,-0.785737&amp;spn=0.000735,0.00181&amp;z=19&amp;iwloc=0004bc7348189810aaec1&amp;output=embed\" frameborder=\"0\" marginwidth=\"0\" marginheight=\"0\" scrolling=\"no\" width=\"675\" height=\"350\"><\/iframe><br \/><small>Ver <a href=\"https:\/\/maps.google.com\/maps\/ms?msid=210805952194766788181.0004ba09b2bfecf9a98ac&amp;msa=0&amp;hl=es&amp;ie=UTF8&amp;t=h&amp;ll=38.481683,-0.785737&amp;spn=0.000735,0.00181&amp;z=19&amp;iwloc=0004bc7348189810aaec1&amp;source=embed\" style=\"color: #0000ff; text-align: left;\">Mapa de asociados<\/a> en un mapa m\u00e1s grande<\/small><\/p>\n<p>\u00a0<\/p>\n","protected":false},"excerpt":{"rendered":"<p>Especialistas en Sistemas de Descanso, Armarios Empotrados y Muebles a Medida. Distribuidores de TEMPUR productos anti-presi\u00f3n, DUNLOPILLO Lates Talalay lo m\u00e1s natural, FUT\u00d3N STATI\u00d3N Tatamis de paja de arroz y futones japoneses los m\u00e1s ecol\u00f3gicos, BALTIMORE Camas de Agua estabilizada y todas las primeras marcas nacionales PIKOLIN, FLEX, RELAX, Etc. Estamos en Av. de Madrid, [&hellip;]<\/p>\n","protected":false},"author":2,"featured_media":394,"parent":0,"menu_order":229,"comment_status":"closed","ping_status":"closed","template":"","meta":{"footnotes":""},"class_list":["post-396","page","type-page","status-publish","has-post-thumbnail","czr-hentry"],"_links":{"self":[{"href":"https:\/\/asociacioncomerciantesdepetrer.es\/index.php\/wp-json\/wp\/v2\/pages\/396","targetHints":{"allow":["GET"]}}],"collection":[{"href":"https:\/\/asociacioncomerciantesdepetrer.es\/index.php\/wp-json\/wp\/v2\/pages"}],"about":[{"href":"https:\/\/asociacioncomerciantesdepetrer.es\/index.php\/wp-json\/wp\/v2\/types\/page"}],"author":[{"embeddable":true,"href":"https:\/\/asociacioncomerciantesdepetrer.es\/index.php\/wp-json\/wp\/v2\/users\/2"}],"replies":[{"embeddable":true,"href":"https:\/\/asociacioncomerciantesdepetrer.es\/index.php\/wp-json\/wp\/v2\/comments?post=396"}],"version-history":[{"count":0,"href":"https:\/\/asociacioncomerciantesdepetrer.es\/index.php\/wp-json\/wp\/v2\/pages\/396\/revisions"}],"wp:featuredmedia":[{"embeddable":true,"href":"https:\/\/asociacioncomerciantesdepetrer.es\/index.php\/wp-json\/wp\/v2\/media\/394"}],"wp:attachment":[{"href":"https:\/\/asociacioncomerciantesdepetrer.es\/index.php\/wp-json\/wp\/v2\/media?parent=396"}],"curies":[{"name":"wp","href":"https:\/\/api.w.org\/{rel}","templated":true}]}}