{"id":448,"date":"2014-04-11T11:38:47","date_gmt":"2014-04-11T11:38:47","guid":{"rendered":"http:\/\/prueba.asociacioncomerciantesdepetrer.es\/?page_id=448"},"modified":"2014-04-11T11:38:47","modified_gmt":"2014-04-11T11:38:47","slug":"segismundo-falco","status":"publish","type":"page","link":"https:\/\/asociacioncomerciantesdepetrer.es\/index.php\/segismundo-falco\/","title":{"rendered":"Segismundo Falc\u00f3"},"content":{"rendered":"<p>Segismundo Falc\u00f3 materiales para la construcci\u00f3n. Estamos en C\/ Presvitero Conrado Poveda, N\u00ba 4.<\/p>\n<p><small>Ver <a href=\"http:\/\/maps.google.es\/maps\/ms?msa=0&#038;msid=210805952194766788181.0004ba09b2bfecf9a98ac&#038;hl=es&#038;ie=UTF8&#038;ll=38.470878,-0.777661&#038;spn=0.037803,0.020498&#038;t=m&#038;iwloc=0004bc3721ceed985115a&#038;source=embed\" style=\"color:#0000FF;text-align:left\">Mapa de asociados<\/a> en un mapa m\u00e1s grande<\/small> <\/p>\n<p> <img loading=\"lazy\" decoding=\"async\" class=\" size-full wp-image-446\" src=\"http:\/\/asociacioncomerciantesdepetrer.es\/wp-content\/uploads\/2014\/04\/SEGISMUNDO-FALCO-S.A.-MAT.CONST_.01.jpg\" alt=\"alt\" style=\"border: 1px solid black;\" width=\"320\" height=\"213\" \/><\/p>\n<p> <img loading=\"lazy\" decoding=\"async\" class=\" size-full wp-image-447\" src=\"http:\/\/asociacioncomerciantesdepetrer.es\/wp-content\/uploads\/2014\/04\/SEGISMUNDO-FALCO-S.A.-MAT.CONST_.02.jpg\" alt=\"alt\" style=\"border: 1px solid black;\" width=\"320\" height=\"406\" \/><\/p>\n","protected":false},"excerpt":{"rendered":"<p>Segismundo Falc\u00f3 materiales para la construcci\u00f3n. Estamos en C\/ Presvitero Conrado Poveda, N\u00ba 4. Ver Mapa de asociados en un mapa m\u00e1s grande<\/p>\n","protected":false},"author":2,"featured_media":445,"parent":0,"menu_order":213,"comment_status":"closed","ping_status":"closed","template":"","meta":{"footnotes":""},"class_list":["post-448","page","type-page","status-publish","has-post-thumbnail","czr-hentry"],"_links":{"self":[{"href":"https:\/\/asociacioncomerciantesdepetrer.es\/index.php\/wp-json\/wp\/v2\/pages\/448","targetHints":{"allow":["GET"]}}],"collection":[{"href":"https:\/\/asociacioncomerciantesdepetrer.es\/index.php\/wp-json\/wp\/v2\/pages"}],"about":[{"href":"https:\/\/asociacioncomerciantesdepetrer.es\/index.php\/wp-json\/wp\/v2\/types\/page"}],"author":[{"embeddable":true,"href":"https:\/\/asociacioncomerciantesdepetrer.es\/index.php\/wp-json\/wp\/v2\/users\/2"}],"replies":[{"embeddable":true,"href":"https:\/\/asociacioncomerciantesdepetrer.es\/index.php\/wp-json\/wp\/v2\/comments?post=448"}],"version-history":[{"count":0,"href":"https:\/\/asociacioncomerciantesdepetrer.es\/index.php\/wp-json\/wp\/v2\/pages\/448\/revisions"}],"wp:featuredmedia":[{"embeddable":true,"href":"https:\/\/asociacioncomerciantesdepetrer.es\/index.php\/wp-json\/wp\/v2\/media\/445"}],"wp:attachment":[{"href":"https:\/\/asociacioncomerciantesdepetrer.es\/index.php\/wp-json\/wp\/v2\/media?parent=448"}],"curies":[{"name":"wp","href":"https:\/\/api.w.org\/{rel}","templated":true}]}}