{"id":52,"date":"2014-04-11T09:05:16","date_gmt":"2014-04-11T09:05:16","guid":{"rendered":"http:\/\/prueba.asociacioncomerciantesdepetrer.es\/?page_id=52"},"modified":"2014-04-11T09:05:16","modified_gmt":"2014-04-11T09:05:16","slug":"administracion-de-loterias-vinalopo","status":"publish","type":"page","link":"https:\/\/asociacioncomerciantesdepetrer.es\/index.php\/administracion-de-loterias-vinalopo\/","title":{"rendered":"ADMINISTRACI\u00d3N DE LOTER\u00cdAS VINALOP\u00d3"},"content":{"rendered":"<p>Administraci\u00f3n de loter\u00edas Vinalop\u00f3.\u00a0AVDA. FELIPE V, 15. Tel\u00e9fono de contacto:\u00a0966 95 16 00.<\/p>\n<p><img loading=\"lazy\" decoding=\"async\" class=\" size-full wp-image-51\" src=\"http:\/\/asociacioncomerciantesdepetrer.es\/wp-content\/uploads\/2014\/04\/adminvinalopo.jpg\" border=\"0\" width=\"553\" height=\"352\" \/><\/p>\n","protected":false},"excerpt":{"rendered":"<p>Administraci\u00f3n de loter\u00edas Vinalop\u00f3.\u00a0AVDA. FELIPE V, 15. Tel\u00e9fono de contacto:\u00a0966 95 16 00.<\/p>\n","protected":false},"author":2,"featured_media":51,"parent":0,"menu_order":347,"comment_status":"closed","ping_status":"closed","template":"","meta":{"footnotes":""},"class_list":["post-52","page","type-page","status-publish","has-post-thumbnail","czr-hentry"],"_links":{"self":[{"href":"https:\/\/asociacioncomerciantesdepetrer.es\/index.php\/wp-json\/wp\/v2\/pages\/52","targetHints":{"allow":["GET"]}}],"collection":[{"href":"https:\/\/asociacioncomerciantesdepetrer.es\/index.php\/wp-json\/wp\/v2\/pages"}],"about":[{"href":"https:\/\/asociacioncomerciantesdepetrer.es\/index.php\/wp-json\/wp\/v2\/types\/page"}],"author":[{"embeddable":true,"href":"https:\/\/asociacioncomerciantesdepetrer.es\/index.php\/wp-json\/wp\/v2\/users\/2"}],"replies":[{"embeddable":true,"href":"https:\/\/asociacioncomerciantesdepetrer.es\/index.php\/wp-json\/wp\/v2\/comments?post=52"}],"version-history":[{"count":0,"href":"https:\/\/asociacioncomerciantesdepetrer.es\/index.php\/wp-json\/wp\/v2\/pages\/52\/revisions"}],"wp:featuredmedia":[{"embeddable":true,"href":"https:\/\/asociacioncomerciantesdepetrer.es\/index.php\/wp-json\/wp\/v2\/media\/51"}],"wp:attachment":[{"href":"https:\/\/asociacioncomerciantesdepetrer.es\/index.php\/wp-json\/wp\/v2\/media?parent=52"}],"curies":[{"name":"wp","href":"https:\/\/api.w.org\/{rel}","templated":true}]}}