{"id":539,"date":"2014-04-11T11:51:03","date_gmt":"2014-04-11T11:51:03","guid":{"rendered":"http:\/\/prueba.asociacioncomerciantesdepetrer.es\/?page_id=539"},"modified":"2014-04-11T11:51:03","modified_gmt":"2014-04-11T11:51:03","slug":"morote-construccion-y-fontaneria","status":"publish","type":"page","link":"https:\/\/asociacioncomerciantesdepetrer.es\/index.php\/morote-construccion-y-fontaneria\/","title":{"rendered":"Morote Construcci\u00f3n y Fontaner\u00eda"},"content":{"rendered":"<p>Morote Construcci\u00f3n y Fontaner\u00eda. Estamos en Av. de Elda, N\u00ba 6.<\/p>\n<p><iframe loading=\"lazy\" src=\"http:\/\/maps.google.es\/maps\/ms?msa=0&amp;msid=210805952194766788181.0004ba09b2bfecf9a98ac&amp;hl=es&amp;ie=UTF8&amp;ll=38.48215,-0.780297&amp;spn=0.002217,0.012947&amp;t=m&amp;iwloc=0004baab29cbbff728dcf&amp;output=embed\" frameborder=\"0\" marginwidth=\"0\" marginheight=\"0\" scrolling=\"no\" width=\"425\" height=\"350\"><\/iframe><br \/><small>Ver <a href=\"http:\/\/maps.google.es\/maps\/ms?msa=0&amp;msid=210805952194766788181.0004ba09b2bfecf9a98ac&amp;hl=es&amp;ie=UTF8&amp;ll=38.470878,-0.777661&amp;spn=0.037803,0.020498&amp;t=m&amp;iwloc=0004bbe7607852a16a0a7&amp;source=embed\" style=\"color: #0000ff; text-align: left;\">Mapa de asociados<\/a> en un mapa m\u00e1s grande<\/small><\/p>\n<p><img loading=\"lazy\" decoding=\"async\" class=\" size-full wp-image-538\" src=\"http:\/\/asociacioncomerciantesdepetrer.es\/wp-content\/uploads\/2014\/04\/todo-integrado.jpg\" border=\"0\" alt=\"\" width=\"576\" height=\"815\" \/><\/p>\n","protected":false},"excerpt":{"rendered":"<p>Morote Construcci\u00f3n y Fontaner\u00eda. Estamos en Av. de Elda, N\u00ba 6. Ver Mapa de asociados en un mapa m\u00e1s grande<\/p>\n","protected":false},"author":2,"featured_media":538,"parent":0,"menu_order":189,"comment_status":"closed","ping_status":"closed","template":"","meta":{"footnotes":""},"class_list":["post-539","page","type-page","status-publish","has-post-thumbnail","czr-hentry"],"_links":{"self":[{"href":"https:\/\/asociacioncomerciantesdepetrer.es\/index.php\/wp-json\/wp\/v2\/pages\/539","targetHints":{"allow":["GET"]}}],"collection":[{"href":"https:\/\/asociacioncomerciantesdepetrer.es\/index.php\/wp-json\/wp\/v2\/pages"}],"about":[{"href":"https:\/\/asociacioncomerciantesdepetrer.es\/index.php\/wp-json\/wp\/v2\/types\/page"}],"author":[{"embeddable":true,"href":"https:\/\/asociacioncomerciantesdepetrer.es\/index.php\/wp-json\/wp\/v2\/users\/2"}],"replies":[{"embeddable":true,"href":"https:\/\/asociacioncomerciantesdepetrer.es\/index.php\/wp-json\/wp\/v2\/comments?post=539"}],"version-history":[{"count":0,"href":"https:\/\/asociacioncomerciantesdepetrer.es\/index.php\/wp-json\/wp\/v2\/pages\/539\/revisions"}],"wp:featuredmedia":[{"embeddable":true,"href":"https:\/\/asociacioncomerciantesdepetrer.es\/index.php\/wp-json\/wp\/v2\/media\/538"}],"wp:attachment":[{"href":"https:\/\/asociacioncomerciantesdepetrer.es\/index.php\/wp-json\/wp\/v2\/media?parent=539"}],"curies":[{"name":"wp","href":"https:\/\/api.w.org\/{rel}","templated":true}]}}