{"id":54,"date":"2014-04-11T09:05:37","date_gmt":"2014-04-11T09:05:37","guid":{"rendered":"http:\/\/prueba.asociacioncomerciantesdepetrer.es\/?page_id=54"},"modified":"2014-04-11T09:05:37","modified_gmt":"2014-04-11T09:05:37","slug":"administracion-de-loterias-el-cid","status":"publish","type":"page","link":"https:\/\/asociacioncomerciantesdepetrer.es\/index.php\/administracion-de-loterias-el-cid\/","title":{"rendered":"ADMINISTRACI\u00d3N DE LOTER\u00cdAS EL CID"},"content":{"rendered":"<p>Administraci\u00f3n de loter\u00edas El Cid. Estamos en\u00a0C\/ GABRIEL PAYA, 9. Tel\u00e9fono de contacto:\u00a0965 37 03 90.<\/p>\n<p><img loading=\"lazy\" decoding=\"async\" class=\" size-full wp-image-53\" src=\"http:\/\/asociacioncomerciantesdepetrer.es\/wp-content\/uploads\/2014\/04\/elcid.jpg\" border=\"0\" width=\"425\" height=\"352\" \/><\/p>\n","protected":false},"excerpt":{"rendered":"<p>Administraci\u00f3n de loter\u00edas El Cid. Estamos en\u00a0C\/ GABRIEL PAYA, 9. Tel\u00e9fono de contacto:\u00a0965 37 03 90.<\/p>\n","protected":false},"author":2,"featured_media":53,"parent":0,"menu_order":348,"comment_status":"closed","ping_status":"closed","template":"","meta":{"footnotes":""},"class_list":["post-54","page","type-page","status-publish","has-post-thumbnail","czr-hentry"],"_links":{"self":[{"href":"https:\/\/asociacioncomerciantesdepetrer.es\/index.php\/wp-json\/wp\/v2\/pages\/54","targetHints":{"allow":["GET"]}}],"collection":[{"href":"https:\/\/asociacioncomerciantesdepetrer.es\/index.php\/wp-json\/wp\/v2\/pages"}],"about":[{"href":"https:\/\/asociacioncomerciantesdepetrer.es\/index.php\/wp-json\/wp\/v2\/types\/page"}],"author":[{"embeddable":true,"href":"https:\/\/asociacioncomerciantesdepetrer.es\/index.php\/wp-json\/wp\/v2\/users\/2"}],"replies":[{"embeddable":true,"href":"https:\/\/asociacioncomerciantesdepetrer.es\/index.php\/wp-json\/wp\/v2\/comments?post=54"}],"version-history":[{"count":0,"href":"https:\/\/asociacioncomerciantesdepetrer.es\/index.php\/wp-json\/wp\/v2\/pages\/54\/revisions"}],"wp:featuredmedia":[{"embeddable":true,"href":"https:\/\/asociacioncomerciantesdepetrer.es\/index.php\/wp-json\/wp\/v2\/media\/53"}],"wp:attachment":[{"href":"https:\/\/asociacioncomerciantesdepetrer.es\/index.php\/wp-json\/wp\/v2\/media?parent=54"}],"curies":[{"name":"wp","href":"https:\/\/api.w.org\/{rel}","templated":true}]}}