{"id":650,"date":"2014-04-14T09:44:23","date_gmt":"2014-04-14T09:44:23","guid":{"rendered":"http:\/\/prueba.asociacioncomerciantesdepetrer.es\/?page_id=650"},"modified":"2014-04-14T09:44:23","modified_gmt":"2014-04-14T09:44:23","slug":"jose-luis-electronica","status":"publish","type":"page","link":"https:\/\/asociacioncomerciantesdepetrer.es\/index.php\/jose-luis-electronica\/","title":{"rendered":"Jos\u00e9 Luis El\u00e9ctronica"},"content":{"rendered":"<p>Jos\u00e9 Luis El\u00e9ctronica. Estamos en Av. de Elda, N\u00ba 72.<\/p>\n<p><small>Ver <a href=\"http:\/\/maps.google.es\/maps\/ms?msa=0&#038;msid=210805952194766788181.0004ba09b2bfecf9a98ac&#038;hl=es&#038;ie=UTF8&#038;ll=38.477988,-0.77903&#038;spn=0.023582,0.017759&#038;t=m&#038;iwloc=0004bbbeee284a5ea49b3&#038;source=embed\" style=\"color:#0000FF;text-align:left\">Mapa de asociados<\/a> en un mapa m\u00e1s grande<\/small> <\/p>\n<p> <img loading=\"lazy\" decoding=\"async\" class=\" size-full wp-image-648\" src=\"http:\/\/asociacioncomerciantesdepetrer.es\/wp-content\/uploads\/2014\/04\/JOSE-LUIS-ELECTRONICA01.jpg\" alt=\"alt\" style=\"border: 1px solid black;\" width=\"350\" height=\"200\" \/><\/p>\n<p> <img loading=\"lazy\" decoding=\"async\" class=\" size-full wp-image-649\" src=\"http:\/\/asociacioncomerciantesdepetrer.es\/wp-content\/uploads\/2014\/04\/JOSE-LUIS-ELECTRONICA02.jpg\" alt=\"alt\" style=\"border: 1px solid black;\" width=\"320\" height=\"240\" \/><\/p>\n","protected":false},"excerpt":{"rendered":"<p>Jos\u00e9 Luis El\u00e9ctronica. Estamos en Av. de Elda, N\u00ba 72. Ver Mapa de asociados en un mapa m\u00e1s grande<\/p>\n","protected":false},"author":2,"featured_media":647,"parent":0,"menu_order":157,"comment_status":"closed","ping_status":"closed","template":"","meta":{"footnotes":""},"class_list":["post-650","page","type-page","status-publish","has-post-thumbnail","czr-hentry"],"_links":{"self":[{"href":"https:\/\/asociacioncomerciantesdepetrer.es\/index.php\/wp-json\/wp\/v2\/pages\/650","targetHints":{"allow":["GET"]}}],"collection":[{"href":"https:\/\/asociacioncomerciantesdepetrer.es\/index.php\/wp-json\/wp\/v2\/pages"}],"about":[{"href":"https:\/\/asociacioncomerciantesdepetrer.es\/index.php\/wp-json\/wp\/v2\/types\/page"}],"author":[{"embeddable":true,"href":"https:\/\/asociacioncomerciantesdepetrer.es\/index.php\/wp-json\/wp\/v2\/users\/2"}],"replies":[{"embeddable":true,"href":"https:\/\/asociacioncomerciantesdepetrer.es\/index.php\/wp-json\/wp\/v2\/comments?post=650"}],"version-history":[{"count":0,"href":"https:\/\/asociacioncomerciantesdepetrer.es\/index.php\/wp-json\/wp\/v2\/pages\/650\/revisions"}],"wp:featuredmedia":[{"embeddable":true,"href":"https:\/\/asociacioncomerciantesdepetrer.es\/index.php\/wp-json\/wp\/v2\/media\/647"}],"wp:attachment":[{"href":"https:\/\/asociacioncomerciantesdepetrer.es\/index.php\/wp-json\/wp\/v2\/media?parent=650"}],"curies":[{"name":"wp","href":"https:\/\/api.w.org\/{rel}","templated":true}]}}