{"id":679,"date":"2014-04-14T10:38:58","date_gmt":"2014-04-14T10:38:58","guid":{"rendered":"http:\/\/prueba.asociacioncomerciantesdepetrer.es\/?page_id=679"},"modified":"2014-04-14T10:38:58","modified_gmt":"2014-04-14T10:38:58","slug":"horno-el-campet","status":"publish","type":"page","link":"https:\/\/asociacioncomerciantesdepetrer.es\/index.php\/horno-el-campet\/","title":{"rendered":"Horno el Campet"},"content":{"rendered":"<p><strong>Horno el Campet. Estamos en Av. Reina Sof\u00eda, 19 (Petrer, 03610) &#8211; Tel\u00e9fono 607190476<\/strong><\/p>\n<p><strong><small>Ver <a href=\"http:\/\/maps.google.es\/maps\/ms?msa=0&amp;msid=210805952194766788181.0004ba09b2bfecf9a98ac&amp;hl=es&amp;ie=UTF8&amp;ll=38.47774,-0.778699&amp;spn=0.023087,0.017096&amp;t=m&amp;iwloc=0004bbabad991e6bdf5c7&amp;source=embed\" style=\"color: #0000ff; text-align: left;\">Mapa de asociados<\/a> en un mapa m\u00e1s grande<\/small><\/strong><\/p>\n<p><img loading=\"lazy\" decoding=\"async\" class=\" size-full wp-image-677\" src=\"http:\/\/asociacioncomerciantesdepetrer.es\/wp-content\/uploads\/2014\/04\/HORNO-EL-CAMPET01.JPG\" border=\"0\" alt=\"alt\" style=\"border: 1px solid black;\" width=\"320\" height=\"339\" \/><\/p>\n<p><img loading=\"lazy\" decoding=\"async\" class=\" size-full wp-image-678\" src=\"http:\/\/asociacioncomerciantesdepetrer.es\/wp-content\/uploads\/2014\/04\/HORNO-EL-CAMPET02.JPG\" border=\"0\" alt=\"alt\" style=\"border: 1px solid black;\" width=\"320\" height=\"240\" \/><\/p>\n","protected":false},"excerpt":{"rendered":"<p>Horno el Campet. Estamos en Av. Reina Sof\u00eda, 19 (Petrer, 03610) &#8211; Tel\u00e9fono 607190476 Ver Mapa de asociados en un mapa m\u00e1s grande<\/p>\n","protected":false},"author":2,"featured_media":676,"parent":0,"menu_order":149,"comment_status":"closed","ping_status":"closed","template":"","meta":{"footnotes":""},"class_list":["post-679","page","type-page","status-publish","has-post-thumbnail","czr-hentry"],"_links":{"self":[{"href":"https:\/\/asociacioncomerciantesdepetrer.es\/index.php\/wp-json\/wp\/v2\/pages\/679","targetHints":{"allow":["GET"]}}],"collection":[{"href":"https:\/\/asociacioncomerciantesdepetrer.es\/index.php\/wp-json\/wp\/v2\/pages"}],"about":[{"href":"https:\/\/asociacioncomerciantesdepetrer.es\/index.php\/wp-json\/wp\/v2\/types\/page"}],"author":[{"embeddable":true,"href":"https:\/\/asociacioncomerciantesdepetrer.es\/index.php\/wp-json\/wp\/v2\/users\/2"}],"replies":[{"embeddable":true,"href":"https:\/\/asociacioncomerciantesdepetrer.es\/index.php\/wp-json\/wp\/v2\/comments?post=679"}],"version-history":[{"count":0,"href":"https:\/\/asociacioncomerciantesdepetrer.es\/index.php\/wp-json\/wp\/v2\/pages\/679\/revisions"}],"wp:featuredmedia":[{"embeddable":true,"href":"https:\/\/asociacioncomerciantesdepetrer.es\/index.php\/wp-json\/wp\/v2\/media\/676"}],"wp:attachment":[{"href":"https:\/\/asociacioncomerciantesdepetrer.es\/index.php\/wp-json\/wp\/v2\/media?parent=679"}],"curies":[{"name":"wp","href":"https:\/\/api.w.org\/{rel}","templated":true}]}}