{"id":699,"date":"2014-04-14T10:41:11","date_gmt":"2014-04-14T10:41:11","guid":{"rendered":"http:\/\/prueba.asociacioncomerciantesdepetrer.es\/?page_id=699"},"modified":"2014-04-14T10:41:11","modified_gmt":"2014-04-14T10:41:11","slug":"carniceria-hermanos-garcia","status":"publish","type":"page","link":"https:\/\/asociacioncomerciantesdepetrer.es\/index.php\/carniceria-hermanos-garcia\/","title":{"rendered":"Carnicer\u00eda Hermanos Garc\u00eda"},"content":{"rendered":"<p>Carnicer\u00eda Hermanos Garc\u00eda. Estamos en Jardines Juan Carlos I, N\u00ba 12. Tlf: 966950045<\/p>\n<p><small>Ver <a href=\"http:\/\/maps.google.es\/maps\/ms?msa=0&amp;msid=210805952194766788181.0004ba09b2bfecf9a98ac&amp;hl=es&amp;ie=UTF8&amp;ll=38.47774,-0.778699&amp;spn=0.023087,0.017096&amp;t=m&amp;iwloc=0004bbaaf652091a219a7&amp;source=embed\" style=\"color: #0000ff; text-align: left;\">Mapa de asociados<\/a> en un mapa m\u00e1s grande<\/small><\/p>\n<p>\u00a0<\/p>\n<p><img loading=\"lazy\" decoding=\"async\" class=\" size-full wp-image-697\" src=\"http:\/\/asociacioncomerciantesdepetrer.es\/wp-content\/uploads\/2014\/04\/HERMANOS-GARCIA-CARNICERIA01.jpg\" border=\"0\" style=\"border: 1px solid black;\" width=\"320\" height=\"230\" \/><\/p>\n<p><img loading=\"lazy\" decoding=\"async\" class=\" size-full wp-image-698\" src=\"http:\/\/asociacioncomerciantesdepetrer.es\/wp-content\/uploads\/2014\/04\/HERMANOS-GARCIA-CARNICERIA02.jpg\" border=\"0\" style=\"border: 1px solid black;\" width=\"320\" height=\"240\" \/><\/p>\n","protected":false},"excerpt":{"rendered":"<p>Carnicer\u00eda Hermanos Garc\u00eda. Estamos en Jardines Juan Carlos I, N\u00ba 12. Tlf: 966950045 Ver Mapa de asociados en un mapa m\u00e1s grande \u00a0<\/p>\n","protected":false},"author":2,"featured_media":697,"parent":0,"menu_order":143,"comment_status":"closed","ping_status":"closed","template":"","meta":{"footnotes":""},"class_list":["post-699","page","type-page","status-publish","has-post-thumbnail","czr-hentry"],"_links":{"self":[{"href":"https:\/\/asociacioncomerciantesdepetrer.es\/index.php\/wp-json\/wp\/v2\/pages\/699","targetHints":{"allow":["GET"]}}],"collection":[{"href":"https:\/\/asociacioncomerciantesdepetrer.es\/index.php\/wp-json\/wp\/v2\/pages"}],"about":[{"href":"https:\/\/asociacioncomerciantesdepetrer.es\/index.php\/wp-json\/wp\/v2\/types\/page"}],"author":[{"embeddable":true,"href":"https:\/\/asociacioncomerciantesdepetrer.es\/index.php\/wp-json\/wp\/v2\/users\/2"}],"replies":[{"embeddable":true,"href":"https:\/\/asociacioncomerciantesdepetrer.es\/index.php\/wp-json\/wp\/v2\/comments?post=699"}],"version-history":[{"count":0,"href":"https:\/\/asociacioncomerciantesdepetrer.es\/index.php\/wp-json\/wp\/v2\/pages\/699\/revisions"}],"wp:featuredmedia":[{"embeddable":true,"href":"https:\/\/asociacioncomerciantesdepetrer.es\/index.php\/wp-json\/wp\/v2\/media\/697"}],"wp:attachment":[{"href":"https:\/\/asociacioncomerciantesdepetrer.es\/index.php\/wp-json\/wp\/v2\/media?parent=699"}],"curies":[{"name":"wp","href":"https:\/\/api.w.org\/{rel}","templated":true}]}}