{"id":740,"date":"2014-04-14T10:52:11","date_gmt":"2014-04-14T10:52:11","guid":{"rendered":"http:\/\/prueba.asociacioncomerciantesdepetrer.es\/?page_id=740"},"modified":"2014-04-14T10:52:11","modified_gmt":"2014-04-14T10:52:11","slug":"elvira-navalon-confeccion","status":"publish","type":"page","link":"https:\/\/asociacioncomerciantesdepetrer.es\/index.php\/elvira-navalon-confeccion\/","title":{"rendered":"Elvira Naval\u00f3n confecci\u00f3n"},"content":{"rendered":"<p>Elvira Naval\u00f3n confecci\u00f3n. Estamos en C\/ Camino Viejo de Elda, N\u00ba 18. Mercado Frontera, puesto 38.<\/p>\n<p><small>Ver <a href=\"http:\/\/maps.google.es\/maps\/ms?msa=0&#038;msid=210805952194766788181.0004ba09b2bfecf9a98ac&#038;hl=es&#038;ie=UTF8&#038;ll=38.47774,-0.77895&#038;spn=0.023087,0.016595&#038;t=m&#038;iwloc=0004bb5a29491fcdd5639&#038;source=embed\" style=\"color:#0000FF;text-align:left\">Mapa de asociados<\/a> en un mapa m\u00e1s grande<\/small> <\/p>\n<p> <img loading=\"lazy\" decoding=\"async\" class=\" size-full wp-image-738\" src=\"http:\/\/asociacioncomerciantesdepetrer.es\/wp-content\/uploads\/2014\/04\/ELVIRA-NAVALON-CONFECCION01.jpg\" alt=\"alt\" style=\"border: 1px solid black;\" width=\"320\" height=\"210\" \/><\/p>\n<p> <img loading=\"lazy\" decoding=\"async\" class=\" size-full wp-image-739\" src=\"http:\/\/asociacioncomerciantesdepetrer.es\/wp-content\/uploads\/2014\/04\/ELVIRA-NAVALON-CONFECCION02.jpg\" alt=\"alt\" style=\"border: 1px solid black;\" width=\"320\" height=\"240\" \/><\/p>\n","protected":false},"excerpt":{"rendered":"<p>Elvira Naval\u00f3n confecci\u00f3n. Estamos en C\/ Camino Viejo de Elda, N\u00ba 18. Mercado Frontera, puesto 38. Ver Mapa de asociados en un mapa m\u00e1s grande<\/p>\n","protected":false},"author":2,"featured_media":737,"parent":0,"menu_order":131,"comment_status":"closed","ping_status":"closed","template":"","meta":{"footnotes":""},"class_list":["post-740","page","type-page","status-publish","has-post-thumbnail","czr-hentry"],"_links":{"self":[{"href":"https:\/\/asociacioncomerciantesdepetrer.es\/index.php\/wp-json\/wp\/v2\/pages\/740","targetHints":{"allow":["GET"]}}],"collection":[{"href":"https:\/\/asociacioncomerciantesdepetrer.es\/index.php\/wp-json\/wp\/v2\/pages"}],"about":[{"href":"https:\/\/asociacioncomerciantesdepetrer.es\/index.php\/wp-json\/wp\/v2\/types\/page"}],"author":[{"embeddable":true,"href":"https:\/\/asociacioncomerciantesdepetrer.es\/index.php\/wp-json\/wp\/v2\/users\/2"}],"replies":[{"embeddable":true,"href":"https:\/\/asociacioncomerciantesdepetrer.es\/index.php\/wp-json\/wp\/v2\/comments?post=740"}],"version-history":[{"count":0,"href":"https:\/\/asociacioncomerciantesdepetrer.es\/index.php\/wp-json\/wp\/v2\/pages\/740\/revisions"}],"wp:featuredmedia":[{"embeddable":true,"href":"https:\/\/asociacioncomerciantesdepetrer.es\/index.php\/wp-json\/wp\/v2\/media\/737"}],"wp:attachment":[{"href":"https:\/\/asociacioncomerciantesdepetrer.es\/index.php\/wp-json\/wp\/v2\/media?parent=740"}],"curies":[{"name":"wp","href":"https:\/\/api.w.org\/{rel}","templated":true}]}}