{"id":898,"date":"2014-04-14T11:08:40","date_gmt":"2014-04-14T11:08:40","guid":{"rendered":"http:\/\/prueba.asociacioncomerciantesdepetrer.es\/?page_id=898"},"modified":"2014-04-14T11:08:40","modified_gmt":"2014-04-14T11:08:40","slug":"maquinaria-antonio-castillo-manas","status":"publish","type":"page","link":"https:\/\/asociacioncomerciantesdepetrer.es\/index.php\/maquinaria-antonio-castillo-manas\/","title":{"rendered":"Maquinar\u00eda Antonio Castillo Ma\u00f1as"},"content":{"rendered":"<p>Maquinas de coser Antonio Castillo Ma\u00f1as. Estamos en Av. de Elda N\u00ba 52<\/p>\n<p><p><small>Ver <a href=\"http:\/\/maps.google.es\/maps\/ms?msa=0&#038;msid=210805952194766788181.0004ba09b2bfecf9a98ac&#038;hl=es&#038;ie=UTF8&#038;ll=38.481846,-0.780297&#038;spn=0.005142,0.012947&#038;t=v&#038;iwloc=0004baccea308a6eee875&#038;source=embed\" style=\"color:#0000FF;text-align:left\">Mapa de asociados<\/a> en un mapa m\u00e1s grande<\/small> <\/p>\n<p> <img loading=\"lazy\" decoding=\"async\" class=\" size-full wp-image-896\" src=\"http:\/\/asociacioncomerciantesdepetrer.es\/wp-content\/uploads\/2014\/04\/antonio-castillo-maas-maquinar.01.jpg\" alt=\"alt\" style=\"border: 1px solid black;\" width=\"320\" height=\"240\" \/><\/p>\n<p> <img loading=\"lazy\" decoding=\"async\" class=\" size-full wp-image-897\" src=\"http:\/\/asociacioncomerciantesdepetrer.es\/wp-content\/uploads\/2014\/04\/antonio-castillo-maas-maquinar.02.jpg\" alt=\"alt\" style=\"border: 1px solid black;\" width=\"366\" height=\"200\" \/><\/p>\n","protected":false},"excerpt":{"rendered":"<p>Maquinas de coser Antonio Castillo Ma\u00f1as. Estamos en Av. de Elda N\u00ba 52 Ver Mapa de asociados en un mapa m\u00e1s grande<\/p>\n","protected":false},"author":2,"featured_media":895,"parent":0,"menu_order":86,"comment_status":"closed","ping_status":"closed","template":"","meta":{"footnotes":""},"class_list":["post-898","page","type-page","status-publish","has-post-thumbnail","czr-hentry"],"_links":{"self":[{"href":"https:\/\/asociacioncomerciantesdepetrer.es\/index.php\/wp-json\/wp\/v2\/pages\/898","targetHints":{"allow":["GET"]}}],"collection":[{"href":"https:\/\/asociacioncomerciantesdepetrer.es\/index.php\/wp-json\/wp\/v2\/pages"}],"about":[{"href":"https:\/\/asociacioncomerciantesdepetrer.es\/index.php\/wp-json\/wp\/v2\/types\/page"}],"author":[{"embeddable":true,"href":"https:\/\/asociacioncomerciantesdepetrer.es\/index.php\/wp-json\/wp\/v2\/users\/2"}],"replies":[{"embeddable":true,"href":"https:\/\/asociacioncomerciantesdepetrer.es\/index.php\/wp-json\/wp\/v2\/comments?post=898"}],"version-history":[{"count":0,"href":"https:\/\/asociacioncomerciantesdepetrer.es\/index.php\/wp-json\/wp\/v2\/pages\/898\/revisions"}],"wp:featuredmedia":[{"embeddable":true,"href":"https:\/\/asociacioncomerciantesdepetrer.es\/index.php\/wp-json\/wp\/v2\/media\/895"}],"wp:attachment":[{"href":"https:\/\/asociacioncomerciantesdepetrer.es\/index.php\/wp-json\/wp\/v2\/media?parent=898"}],"curies":[{"name":"wp","href":"https:\/\/api.w.org\/{rel}","templated":true}]}}