{"id":934,"date":"2014-04-14T11:37:28","date_gmt":"2014-04-14T11:37:28","guid":{"rendered":"http:\/\/prueba.asociacioncomerciantesdepetrer.es\/?page_id=934"},"modified":"2022-04-28T09:21:36","modified_gmt":"2022-04-28T09:21:36","slug":"alimentacion","status":"publish","type":"page","link":"https:\/\/asociacioncomerciantesdepetrer.es\/index.php\/alimentacion\/","title":{"rendered":"ALIMENTACI\u00d3N"},"content":{"rendered":"<p style=\"text-align: center;\"><img loading=\"lazy\" decoding=\"async\" class=\" size-full wp-image-928\" src=\"http:\/\/asociacioncomerciantesdepetrer.es\/wp-content\/uploads\/2014\/04\/carniceriaseparacion.png\" width=\"576\" height=\"30\" border=\"0\" \/><\/p>\n<h1 style=\"text-align: center;\"><a href=\"http:\/\/asociacioncomerciantesdepetrer.es\/?page_id=1248\">EL GANIVET &#8211; CARNICERIA\/CHARCUTERIA<\/a><\/h1>\n<h1 style=\"text-align: center;\"><a href=\"http:\/\/asociacioncomerciantesdepetrer.es\/?page_id=699\">HERMANOS GARCIA &#8211; CARNICERIA<\/a><\/h1>\n<h1 style=\"text-align: center;\"><a href=\"http:\/\/asociacioncomerciantesdepetrer.es\/?page_id=614\">LUIS &#8211; CARNICERIA<\/a><\/h1>\n<h1 style=\"text-align: center;\"><a href=\"http:\/\/asociacioncomerciantesdepetrer.es\/?page_id=1483\">PACO &#8211; CARNICERIA<\/a><\/h1>\n<p style=\"text-align: center;\"><img loading=\"lazy\" decoding=\"async\" class=\" size-full wp-image-929\" src=\"http:\/\/asociacioncomerciantesdepetrer.es\/wp-content\/uploads\/2014\/04\/congeladoseparacion.png\" width=\"576\" height=\"30\" border=\"0\" \/><\/p>\n<h1 style=\"text-align: center;\"><a href=\"http:\/\/asociacioncomerciantesdepetrer.es\/?page_id=902\">ANA Y PAQUI &#8211; CONGELADOS-SALAZONES<\/a><\/h1>\n<h1 style=\"text-align: center;\"><a href=\"http:\/\/asociacioncomerciantesdepetrer.es\/?page_id=475\">REME \u00a0&#8211; CONGELADOS<\/a><\/h1>\n<p style=\"text-align: center;\"><img loading=\"lazy\" decoding=\"async\" class=\" size-full wp-image-930\" src=\"http:\/\/asociacioncomerciantesdepetrer.es\/wp-content\/uploads\/2014\/04\/frutasyverdurasseparacion.png\" width=\"576\" height=\"30\" border=\"0\" \/><\/p>\n<h1 style=\"text-align: center;\"><a href=\"http:\/\/asociacioncomerciantesdepetrer.es\/?page_id=163\">AGRICULTURA ECOL\u00d3GICA LA RESERVA <\/a><\/h1>\n<h1 style=\"text-align: center;\"><a href=\"http:\/\/asociacioncomerciantesdepetrer.es\/index.php\/3285-2\/\">HERMANOS PICAZO PELL\u00cdN &#8211; FRUTAS Y VERDURAS<\/a><\/h1>\n<h1 style=\"text-align: center;\"><a href=\"http:\/\/asociacioncomerciantesdepetrer.es\/?page_id=646\">JOVER FRUITS &#8211; ALMAC\u00c9N DE FRUTAS<\/a><\/h1>\n<h1 style=\"text-align: center;\"><a href=\"http:\/\/asociacioncomerciantesdepetrer.es\/?page_id=494\">PELLIFRUIT &#8211; FRUTER\u00cdA<\/a><\/h1>\n<p style=\"text-align: center;\"><img loading=\"lazy\" decoding=\"async\" class=\" size-full wp-image-931\" src=\"http:\/\/asociacioncomerciantesdepetrer.es\/wp-content\/uploads\/2014\/04\/panaderiasypastasseparacion.png\" width=\"576\" height=\"30\" border=\"0\" \/><\/p>\n<h1 style=\"text-align: center;\"><a href=\"http:\/\/asociacioncomerciantesdepetrer.es\/?page_id=860\">BODALO &#8211; PASTELER\u00cdA &#8211; CAFETER\u00cdA<\/a><\/h1>\n<h1 style=\"text-align: center;\"><a href=\"http:\/\/asociacioncomerciantesdepetrer.es\/?page_id=1488\">BOIX &#8211; PANADER\u00cdA<\/a><\/h1>\n<h1 style=\"text-align: center;\"><a href=\"http:\/\/asociacioncomerciantesdepetrer.es\/?page_id=1492\">CARA DE P\u00c0 &#8211; DESPACHO DE PAN<\/a><\/h1>\n<h1 style=\"text-align: center;\"><a href=\"http:\/\/asociacioncomerciantesdepetrer.es\/index.php\/panaderia-herrero\/\">HERRERO &#8211; PANADER\u00cdA<\/a><\/h1>\n<h1 style=\"text-align: center;\"><a href=\"http:\/\/asociacioncomerciantesdepetrer.es\/?page_id=679\">HORNO D\u00b4EL CAMPET &#8211; PANADER\u00cdA<\/a><\/h1>\n<h1 style=\"text-align: center;\"><a href=\"http:\/\/asociacioncomerciantesdepetrer.es\/index.php\/el-horno-de-ceres\/\">\u00a0HORNO DE CERES <\/a><\/h1>\n<h1 style=\"text-align: center;\"><a href=\"http:\/\/asociacioncomerciantesdepetrer.es\/?page_id=1496\">VANESSA &#8211; PANADER\u00cdA Y BOLLER\u00cdA<\/a><\/h1>\n<p style=\"text-align: center;\"><img loading=\"lazy\" decoding=\"async\" class=\" size-full wp-image-932\" src=\"http:\/\/asociacioncomerciantesdepetrer.es\/wp-content\/uploads\/2014\/04\/supermercadosseparacion.png\" width=\"576\" height=\"30\" border=\"0\" \/><\/p>\n<h1 style=\"text-align: center;\"><a href=\"http:\/\/asociacioncomerciantesdepetrer.es\/?page_id=854\">BON MERCAT &#8211; SUPERMERCADO<\/a><\/h1>\n<h1 style=\"text-align: center;\"><a href=\"http:\/\/asociacioncomerciantesdepetrer.es\/?page_id=210\">EL SUPER DE PETRER &#8211; DANIFAT<\/a><\/h1>\n<h1 style=\"text-align: center;\"><a href=\"http:\/\/asociacioncomerciantesdepetrer.es\/index.php\/supermercado-navalon\/\">NAVAL\u00d3N SUPERMERCADO<\/a><\/h1>\n<h1 style=\"text-align: center;\"><a href=\"http:\/\/asociacioncomerciantesdepetrer.es\/?page_id=1423\">MINI MARKET 24H LA CANAL<\/a><\/h1>\n<p style=\"text-align: center;\"><img loading=\"lazy\" decoding=\"async\" class=\" size-full wp-image-933\" src=\"http:\/\/asociacioncomerciantesdepetrer.es\/wp-content\/uploads\/2014\/04\/variosseparacion.png\" width=\"576\" height=\"30\" border=\"0\" \/><\/p>\n<h1 style=\"text-align: center;\"><a href=\"http:\/\/asociacioncomerciantesdepetrer.es\/?page_id=1186\">ART I RAIM &#8211; VENTA DE VINO, GOURMET Y TABERNA<\/a><\/h1>\n<h1 style=\"text-align: center;\"><a href=\"http:\/\/asociacioncomerciantesdepetrer.es\/?page_id=760\">ASADOR EL PARQUE<\/a><\/h1>\n<h1 style=\"text-align: center;\"><a href=\"http:\/\/asociacioncomerciantesdepetrer.es\/?page_id=640\">BODEGA ALIMENTACI\u00d3N LA BODEGUETA <\/a><\/h1>\n<h1 style=\"text-align: center;\"><a href=\"http:\/\/asociacioncomerciantesdepetrer.es\/?page_id=813\">COOPERATIVA. AGRICOLA PETRER<\/a><\/h1>\n<h1 style=\"text-align: center;\"><a href=\"http:\/\/asociacioncomerciantesdepetrer.es\/?page_id=1316\">DISTRIBUCIONES ALIMENTARIAS LOS SALAOS<\/a><\/h1>\n<h1 style=\"text-align: center;\"><a href=\"http:\/\/asociacioncomerciantesdepetrer.es\/?page_id=1092\">ELCASAL COMIDAS PREPARADAS<\/a><\/h1>\n<h1 style=\"text-align: center;\"><a href=\"http:\/\/asociacioncomerciantesdepetrer.es\/index.php\/j-g-ramirez-encurtidos-y-aceitunas\/\">J.G. RAM\u00cdREZ -ACEITUNAS Y ENCURTIDOS<\/a><\/h1>\n<h1 style=\"text-align: center;\"><a href=\"http:\/\/asociacioncomerciantesdepetrer.es\/?page_id=152\">PREELABORADOS ALIM. JUAN A. GARC\u00cdA<\/a><\/h1>\n<p style=\"text-align: center;\">\n","protected":false},"excerpt":{"rendered":"<p>EL GANIVET &#8211; CARNICERIA\/CHARCUTERIA HERMANOS GARCIA &#8211; CARNICERIA LUIS &#8211; CARNICERIA PACO &#8211; CARNICERIA ANA Y PAQUI &#8211; CONGELADOS-SALAZONES REME \u00a0&#8211; CONGELADOS AGRICULTURA ECOL\u00d3GICA LA RESERVA HERMANOS PICAZO PELL\u00cdN &#8211; FRUTAS Y VERDURAS JOVER FRUITS &#8211; ALMAC\u00c9N DE FRUTAS PELLIFRUIT &#8211; FRUTER\u00cdA BODALO &#8211; PASTELER\u00cdA &#8211; CAFETER\u00cdA BOIX &#8211; PANADER\u00cdA CARA DE P\u00c0 &#8211; DESPACHO [&hellip;]<\/p>\n","protected":false},"author":2,"featured_media":928,"parent":0,"menu_order":25,"comment_status":"closed","ping_status":"closed","template":"","meta":{"footnotes":""},"class_list":["post-934","page","type-page","status-publish","has-post-thumbnail","czr-hentry"],"_links":{"self":[{"href":"https:\/\/asociacioncomerciantesdepetrer.es\/index.php\/wp-json\/wp\/v2\/pages\/934","targetHints":{"allow":["GET"]}}],"collection":[{"href":"https:\/\/asociacioncomerciantesdepetrer.es\/index.php\/wp-json\/wp\/v2\/pages"}],"about":[{"href":"https:\/\/asociacioncomerciantesdepetrer.es\/index.php\/wp-json\/wp\/v2\/types\/page"}],"author":[{"embeddable":true,"href":"https:\/\/asociacioncomerciantesdepetrer.es\/index.php\/wp-json\/wp\/v2\/users\/2"}],"replies":[{"embeddable":true,"href":"https:\/\/asociacioncomerciantesdepetrer.es\/index.php\/wp-json\/wp\/v2\/comments?post=934"}],"version-history":[{"count":9,"href":"https:\/\/asociacioncomerciantesdepetrer.es\/index.php\/wp-json\/wp\/v2\/pages\/934\/revisions"}],"predecessor-version":[{"id":3736,"href":"https:\/\/asociacioncomerciantesdepetrer.es\/index.php\/wp-json\/wp\/v2\/pages\/934\/revisions\/3736"}],"wp:featuredmedia":[{"embeddable":true,"href":"https:\/\/asociacioncomerciantesdepetrer.es\/index.php\/wp-json\/wp\/v2\/media\/928"}],"wp:attachment":[{"href":"https:\/\/asociacioncomerciantesdepetrer.es\/index.php\/wp-json\/wp\/v2\/media?parent=934"}],"curies":[{"name":"wp","href":"https:\/\/api.w.org\/{rel}","templated":true}]}}