{"id":938,"date":"2014-04-14T11:40:02","date_gmt":"2014-04-14T11:40:02","guid":{"rendered":"http:\/\/prueba.asociacioncomerciantesdepetrer.es\/?page_id=938"},"modified":"2022-04-28T09:27:14","modified_gmt":"2022-04-28T09:27:14","slug":"automoviles-servicios-y-mantenimiento","status":"publish","type":"page","link":"https:\/\/asociacioncomerciantesdepetrer.es\/index.php\/automoviles-servicios-y-mantenimiento\/","title":{"rendered":"AUTOMOVILES, MOTOS, SERVICIOS Y MANTENIMIENTO"},"content":{"rendered":"<h1 style=\"text-align: center;\"><a href=\"http:\/\/asociacioncomerciantesdepetrer.es\/?page_id=1122\">ALPE &#8211; AUTOTALLER<\/a><\/h1>\n<h1 style=\"text-align: center;\"><a href=\"http:\/\/asociacioncomerciantesdepetrer.es\/?page_id=1403\">ARAG\u00d3N CHAPA Y PINTURA TALLERES<\/a><\/h1>\n<h1 style=\"text-align: center;\"><a href=\"http:\/\/asociacioncomerciantesdepetrer.es\/?page_id=732\">ERNESTO &#8211; TALLERES<\/a><\/h1>\n<h1 style=\"text-align: center;\"><a href=\"http:\/\/asociacioncomerciantesdepetrer.es\/?page_id=709\">GIGANTE, S.L. &#8211; NEUM\u00c1TICOS<\/a><\/h1>\n<h1 style=\"text-align: center;\"><a href=\"http:\/\/asociacioncomerciantesdepetrer.es\/?page_id=1120\">JAVIER IBORRA &#8211; MOTOS, VENTA Y REPARACI\u00d3N<\/a><\/h1>\n<h1 style=\"text-align: center;\"><a href=\"http:\/\/asociacioncomerciantesdepetrer.es\/index.php\/lozano-mx-center-motos\/\">LOZANO MX CENTER &#8211; TALLER DE MOTOS<\/a><\/h1>\n<h1 style=\"text-align: center;\"><a href=\"http:\/\/asociacioncomerciantesdepetrer.es\/?page_id=328\">LUNYSEGUR, S.L. &#8211; LUNAS VEH\u00cdCULOS<\/a><\/h1>\n<h1 style=\"text-align: center;\"><a href=\"http:\/\/asociacioncomerciantesdepetrer.es\/?page_id=103\">MEDITERR\u00c1NEO &#8211; CHAPA Y PINTURA<\/a><\/h1>\n<h1 style=\"text-align: center;\"><a href=\"http:\/\/asociacioncomerciantesdepetrer.es\/?page_id=340\">MOLLA Y FALCO &#8211; MEC\u00c1NICA<\/a><\/h1>\n","protected":false},"excerpt":{"rendered":"<p>ALPE &#8211; AUTOTALLER ARAG\u00d3N CHAPA Y PINTURA TALLERES ERNESTO &#8211; TALLERES GIGANTE, S.L. &#8211; NEUM\u00c1TICOS JAVIER IBORRA &#8211; MOTOS, VENTA Y REPARACI\u00d3N LOZANO MX CENTER &#8211; TALLER DE MOTOS LUNYSEGUR, S.L. &#8211; LUNAS VEH\u00cdCULOS MEDITERR\u00c1NEO &#8211; CHAPA Y PINTURA MOLLA Y FALCO &#8211; MEC\u00c1NICA<\/p>\n","protected":false},"author":2,"featured_media":0,"parent":0,"menu_order":21,"comment_status":"closed","ping_status":"closed","template":"","meta":{"footnotes":""},"class_list":["post-938","page","type-page","status-publish","czr-hentry"],"_links":{"self":[{"href":"https:\/\/asociacioncomerciantesdepetrer.es\/index.php\/wp-json\/wp\/v2\/pages\/938","targetHints":{"allow":["GET"]}}],"collection":[{"href":"https:\/\/asociacioncomerciantesdepetrer.es\/index.php\/wp-json\/wp\/v2\/pages"}],"about":[{"href":"https:\/\/asociacioncomerciantesdepetrer.es\/index.php\/wp-json\/wp\/v2\/types\/page"}],"author":[{"embeddable":true,"href":"https:\/\/asociacioncomerciantesdepetrer.es\/index.php\/wp-json\/wp\/v2\/users\/2"}],"replies":[{"embeddable":true,"href":"https:\/\/asociacioncomerciantesdepetrer.es\/index.php\/wp-json\/wp\/v2\/comments?post=938"}],"version-history":[{"count":6,"href":"https:\/\/asociacioncomerciantesdepetrer.es\/index.php\/wp-json\/wp\/v2\/pages\/938\/revisions"}],"predecessor-version":[{"id":3741,"href":"https:\/\/asociacioncomerciantesdepetrer.es\/index.php\/wp-json\/wp\/v2\/pages\/938\/revisions\/3741"}],"wp:attachment":[{"href":"https:\/\/asociacioncomerciantesdepetrer.es\/index.php\/wp-json\/wp\/v2\/media?parent=938"}],"curies":[{"name":"wp","href":"https:\/\/api.w.org\/{rel}","templated":true}]}}