{"id":941,"date":"2014-04-14T11:40:24","date_gmt":"2014-04-14T11:40:24","guid":{"rendered":"http:\/\/prueba.asociacioncomerciantesdepetrer.es\/?page_id=941"},"modified":"2022-04-28T09:29:06","modified_gmt":"2022-04-28T09:29:06","slug":"bares-resturantes-y-cafeterias","status":"publish","type":"page","link":"https:\/\/asociacioncomerciantesdepetrer.es\/index.php\/bares-resturantes-y-cafeterias\/","title":{"rendered":"BARES &#8211; RESTURANTES Y CAFETER\u00cdAS"},"content":{"rendered":"<p style=\"text-align: center;\"><img loading=\"lazy\" decoding=\"async\" class=\" size-full wp-image-939\" style=\"font-size: 12.16px; line-height: 1.3em;\" src=\"http:\/\/asociacioncomerciantesdepetrer.es\/wp-content\/uploads\/2014\/04\/baresyrestauranteseparacion.png\" width=\"576\" height=\"30\" border=\"0\" \/><\/p>\n<h1 style=\"text-align: center;\"><a href=\"http:\/\/asociacioncomerciantesdepetrer.es\/?page_id=252\">BUENOS AIRES &#8211; RESTAURANTE<\/a><\/h1>\n<h1 style=\"text-align: center;\"><a href=\"http:\/\/asociacioncomerciantesdepetrer.es\/?page_id=149\">CA\u00b4TOMAS &#8211; BAR<\/a><\/h1>\n<h1 style=\"text-align: center;\"><a href=\"http:\/\/asociacioncomerciantesdepetrer.es\/?page_id=367\">ENRIQUE &#8211; CERVECER\u00cdA<\/a><\/h1>\n<h1 style=\"text-align: center;\"><a href=\"http:\/\/asociacioncomerciantesdepetrer.es\/?page_id=200\">GOLDEN CITY &#8211; RESTAURANTE<\/a><\/h1>\n<h1 style=\"text-align: center;\"><a href=\"http:\/\/asociacioncomerciantesdepetrer.es\/?page_id=287\">INDALO &#8211; SAL\u00d3N BANQUETES<\/a><\/h1>\n<h1 style=\"text-align: center;\"><a href=\"http:\/\/asociacioncomerciantesdepetrer.es\/?page_id=303\">JARD\u00cdN BELLO &#8211; RESTAURANTE BAR<\/a><\/h1>\n<h1 style=\"text-align: center;\"><a href=\"http:\/\/asociacioncomerciantesdepetrer.es\/?page_id=1450\">MCDONALD&#8217;S SERVICIO R\u00c1PIDO<\/a><\/h1>\n<h1 style=\"text-align: center;\"><a href=\"http:\/\/asociacioncomerciantesdepetrer.es\/?page_id=1151\">RAQUEL &#8211; GOFRES Y CREPES<\/a><\/h1>\n<h1 style=\"text-align: center;\"><a href=\"http:\/\/asociacioncomerciantesdepetrer.es\/?page_id=1368\">SUCRE RESTAURANT &#8211; CAFE<\/a><\/h1>\n<p style=\"text-align: center;\"><img loading=\"lazy\" decoding=\"async\" class=\" size-full wp-image-940\" src=\"http:\/\/asociacioncomerciantesdepetrer.es\/wp-content\/uploads\/2014\/04\/cafeteriasseparacion.png\" width=\"576\" height=\"30\" border=\"0\" \/><\/p>\n<h1 style=\"text-align: center;\"><a href=\"http:\/\/asociacioncomerciantesdepetrer.es\/?page_id=383\">ALBATROS CAF\u00c9 &#8211; CAFETER\u00cdA<\/a><\/h1>\n<h1 style=\"text-align: center;\"><a href=\"http:\/\/asociacioncomerciantesdepetrer.es\/?page_id=306\">AVENIDA 38 &#8211; CAF\u00c9 PUB<\/a><\/h1>\n<h1 style=\"text-align: center;\"><a href=\"http:\/\/asociacioncomerciantesdepetrer.es\/?page_id=126\">GREGORI &#8211; CAFETER\u00cdA-PASTELER\u00cdA<\/a><\/h1>\n<h1 style=\"text-align: center;\"><a href=\"http:\/\/asociacioncomerciantesdepetrer.es\/index.php\/la-capritxosa-bar-cafeteria\/\">CAPRITXOSA &#8211; CAFETER\u00cdA-PASTELER\u00cdA<\/a><\/h1>\n<h1 style=\"text-align: center;\"><a href=\"http:\/\/asociacioncomerciantesdepetrer.es\/?page_id=124\">LA COVETA &#8211; CAFETER\u00cdA<\/a><\/h1>\n<h1 style=\"text-align: center;\"><a href=\"http:\/\/asociacioncomerciantesdepetrer.es\/?page_id=122\">LA JIJONENCA &#8211; CAFETER\u00cdA &#8211; HELADER\u00cdA<\/a><\/h1>\n<h1 style=\"text-align: center;\"><a href=\"http:\/\/asociacioncomerciantesdepetrer.es\/?page_id=118\">MAJID &#8211; CAFETER\u00cdA<\/a><\/h1>\n<h1 style=\"text-align: center;\"><a href=\"http:\/\/asociacioncomerciantesdepetrer.es\/?page_id=112\">TIERRA &#8211; CAF\u00c9<\/a><\/h1>\n<p style=\"text-align: center;\">\n<p style=\"text-align: center;\">\n","protected":false},"excerpt":{"rendered":"<p>BUENOS AIRES &#8211; RESTAURANTE CA\u00b4TOMAS &#8211; BAR ENRIQUE &#8211; CERVECER\u00cdA GOLDEN CITY &#8211; RESTAURANTE INDALO &#8211; SAL\u00d3N BANQUETES JARD\u00cdN BELLO &#8211; RESTAURANTE BAR MCDONALD&#8217;S SERVICIO R\u00c1PIDO RAQUEL &#8211; GOFRES Y CREPES SUCRE RESTAURANT &#8211; CAFE ALBATROS CAF\u00c9 &#8211; CAFETER\u00cdA AVENIDA 38 &#8211; CAF\u00c9 PUB GREGORI &#8211; CAFETER\u00cdA-PASTELER\u00cdA CAPRITXOSA &#8211; CAFETER\u00cdA-PASTELER\u00cdA LA COVETA &#8211; CAFETER\u00cdA LA [&hellip;]<\/p>\n","protected":false},"author":2,"featured_media":939,"parent":0,"menu_order":81,"comment_status":"closed","ping_status":"closed","template":"","meta":{"footnotes":""},"class_list":["post-941","page","type-page","status-publish","has-post-thumbnail","czr-hentry"],"_links":{"self":[{"href":"https:\/\/asociacioncomerciantesdepetrer.es\/index.php\/wp-json\/wp\/v2\/pages\/941","targetHints":{"allow":["GET"]}}],"collection":[{"href":"https:\/\/asociacioncomerciantesdepetrer.es\/index.php\/wp-json\/wp\/v2\/pages"}],"about":[{"href":"https:\/\/asociacioncomerciantesdepetrer.es\/index.php\/wp-json\/wp\/v2\/types\/page"}],"author":[{"embeddable":true,"href":"https:\/\/asociacioncomerciantesdepetrer.es\/index.php\/wp-json\/wp\/v2\/users\/2"}],"replies":[{"embeddable":true,"href":"https:\/\/asociacioncomerciantesdepetrer.es\/index.php\/wp-json\/wp\/v2\/comments?post=941"}],"version-history":[{"count":7,"href":"https:\/\/asociacioncomerciantesdepetrer.es\/index.php\/wp-json\/wp\/v2\/pages\/941\/revisions"}],"predecessor-version":[{"id":3743,"href":"https:\/\/asociacioncomerciantesdepetrer.es\/index.php\/wp-json\/wp\/v2\/pages\/941\/revisions\/3743"}],"wp:featuredmedia":[{"embeddable":true,"href":"https:\/\/asociacioncomerciantesdepetrer.es\/index.php\/wp-json\/wp\/v2\/media\/939"}],"wp:attachment":[{"href":"https:\/\/asociacioncomerciantesdepetrer.es\/index.php\/wp-json\/wp\/v2\/media?parent=941"}],"curies":[{"name":"wp","href":"https:\/\/api.w.org\/{rel}","templated":true}]}}