{"id":949,"date":"2014-04-14T11:40:49","date_gmt":"2014-04-14T11:40:49","guid":{"rendered":"http:\/\/prueba.asociacioncomerciantesdepetrer.es\/?page_id=949"},"modified":"2019-03-04T13:14:39","modified_gmt":"2019-03-04T13:14:39","slug":"construccion-servicios-y-materiales","status":"publish","type":"page","link":"https:\/\/asociacioncomerciantesdepetrer.es\/index.php\/construccion-servicios-y-materiales\/","title":{"rendered":"CONSTRUCCI\u00d3N &#8211; SERVICIOS Y MATERIALES"},"content":{"rendered":"<p style=\"text-align: center;\"><span style=\"line-height: 1.3em;\">\u00a0<\/span><img loading=\"lazy\" decoding=\"async\" class=\" size-full wp-image-942\" style=\"line-height: 1.3em;\" src=\"http:\/\/asociacioncomerciantesdepetrer.es\/wp-content\/uploads\/2014\/04\/construccionseparacion.png\" width=\"576\" height=\"30\" border=\"0\" \/><\/p>\n<h1 style=\"text-align: center;\"><a href=\"http:\/\/asociacioncomerciantesdepetrer.es\/?page_id=823\">CASCALES &#8211; OBRAS Y REPARACIONES<\/a><\/h1>\n<h1 style=\"text-align: center;\"><a href=\"http:\/\/asociacioncomerciantesdepetrer.es\/?page_id=1563\">MIGUEL CABALLERO CABALLER<\/a><\/h1>\n<h1 style=\"text-align: center;\"><a href=\"http:\/\/asociacioncomerciantesdepetrer.es\/?page_id=539\">MOROTE &#8211; CONSTRUCCIONES Y FONTAN.<\/a><\/h1>\n<p style=\"text-align: center;\"><img loading=\"lazy\" decoding=\"async\" class=\" size-full wp-image-944\" src=\"http:\/\/asociacioncomerciantesdepetrer.es\/wp-content\/uploads\/2014\/04\/electricidadseparacion.png\" width=\"576\" height=\"30\" border=\"0\" \/><\/p>\n<h1 style=\"text-align: center;\"><a href=\"http:\/\/asociacioncomerciantesdepetrer.es\/?page_id=746\">DAL-MA &#8211; ELECTRICIDAD<\/a><\/h1>\n<h1 style=\"text-align: center;\"><a href=\"http:\/\/asociacioncomerciantesdepetrer.es\/?page_id=742\">PETRER &#8211; ELECTRICIDAD<\/a><\/h1>\n<h1 style=\"text-align: center;\"><a href=\"http:\/\/asociacioncomerciantesdepetrer.es\/?page_id=244\">SIM\u00d3N &#8211; ELECTRICIDAD<\/a><\/h1>\n<p style=\"text-align: center;\"><img loading=\"lazy\" decoding=\"async\" class=\" size-full wp-image-945\" src=\"http:\/\/asociacioncomerciantesdepetrer.es\/wp-content\/uploads\/2014\/04\/SEPARADOR-fontanera.png\" width=\"576\" height=\"30\" border=\"0\" \/><\/p>\n<h1 style=\"text-align: center;\"><a href=\"http:\/\/asociacioncomerciantesdepetrer.es\/?page_id=203\">VENUS &#8211; SANEAMIENTOS Y FONTANER\u00cdA<\/a><\/h1>\n<p style=\"text-align: center;\"><img loading=\"lazy\" decoding=\"async\" class=\" size-full wp-image-946\" src=\"http:\/\/asociacioncomerciantesdepetrer.es\/wp-content\/uploads\/2014\/04\/materilesseparacion.png\" width=\"576\" height=\"30\" border=\"0\" \/><\/p>\n<h1 style=\"text-align: center;\"><a href=\"http:\/\/asociacioncomerciantesdepetrer.es\/?page_id=845\">CAIXETA &#8211; MAGATZEM<\/a><\/h1>\n<h1 style=\"text-align: center;\"><a href=\"http:\/\/asociacioncomerciantesdepetrer.es\/?page_id=227\">SANEAMIENTOS LA AVENIDA &#8211; MATERIALES<\/a><\/h1>\n<h1 style=\"text-align: center;\"><a href=\"http:\/\/asociacioncomerciantesdepetrer.es\/?page_id=448\">SEGISMUNDO FALC\u00d3 &#8211; MATERIALES CONSTRUCCI\u00d3N<\/a><\/h1>\n<p style=\"text-align: center;\"><img loading=\"lazy\" decoding=\"async\" class=\" size-full wp-image-947\" src=\"http:\/\/asociacioncomerciantesdepetrer.es\/wp-content\/uploads\/2014\/04\/SEPARADOR-pinturas-y-decoracion.png\" width=\"576\" height=\"30\" border=\"0\" \/><\/p>\n<h1 style=\"text-align: center;\"><a href=\"http:\/\/asociacioncomerciantesdepetrer.es\/index.php\/decoraciones-payoyo-2\/\">PAYOYO &#8211; PINTURAS Y DECORACIONES<\/a><\/h1>\n<h1 style=\"text-align: center;\"><a href=\"http:\/\/asociacioncomerciantesdepetrer.es\/index.php\/petrer-decoraciones\/\">PETRER DECORACIONES<\/a><\/h1>\n<p style=\"text-align: center;\"><img loading=\"lazy\" decoding=\"async\" class=\" size-full wp-image-948\" src=\"http:\/\/asociacioncomerciantesdepetrer.es\/wp-content\/uploads\/2014\/04\/SEPARADOR-tcnicos.png\" width=\"576\" height=\"30\" border=\"0\" \/><\/p>\n<h1 style=\"text-align: center;\"><a href=\"http:\/\/asociacioncomerciantesdepetrer.es\/?page_id=1373\">ARQUITECTOS &#8211; PABLO MU\u00d1OZ PAY\u00c1<\/a><\/h1>\n","protected":false},"excerpt":{"rendered":"<p>\u00a0 CASCALES &#8211; OBRAS Y REPARACIONES MIGUEL CABALLERO CABALLER MOROTE &#8211; CONSTRUCCIONES Y FONTAN. DAL-MA &#8211; ELECTRICIDAD PETRER &#8211; ELECTRICIDAD SIM\u00d3N &#8211; ELECTRICIDAD VENUS &#8211; SANEAMIENTOS Y FONTANER\u00cdA CAIXETA &#8211; MAGATZEM SANEAMIENTOS LA AVENIDA &#8211; MATERIALES SEGISMUNDO FALC\u00d3 &#8211; MATERIALES CONSTRUCCI\u00d3N PAYOYO &#8211; PINTURAS Y DECORACIONES PETRER DECORACIONES ARQUITECTOS &#8211; PABLO MU\u00d1OZ PAY\u00c1<\/p>\n","protected":false},"author":2,"featured_media":942,"parent":0,"menu_order":20,"comment_status":"closed","ping_status":"closed","template":"","meta":{"footnotes":""},"class_list":["post-949","page","type-page","status-publish","has-post-thumbnail","czr-hentry"],"_links":{"self":[{"href":"https:\/\/asociacioncomerciantesdepetrer.es\/index.php\/wp-json\/wp\/v2\/pages\/949","targetHints":{"allow":["GET"]}}],"collection":[{"href":"https:\/\/asociacioncomerciantesdepetrer.es\/index.php\/wp-json\/wp\/v2\/pages"}],"about":[{"href":"https:\/\/asociacioncomerciantesdepetrer.es\/index.php\/wp-json\/wp\/v2\/types\/page"}],"author":[{"embeddable":true,"href":"https:\/\/asociacioncomerciantesdepetrer.es\/index.php\/wp-json\/wp\/v2\/users\/2"}],"replies":[{"embeddable":true,"href":"https:\/\/asociacioncomerciantesdepetrer.es\/index.php\/wp-json\/wp\/v2\/comments?post=949"}],"version-history":[{"count":5,"href":"https:\/\/asociacioncomerciantesdepetrer.es\/index.php\/wp-json\/wp\/v2\/pages\/949\/revisions"}],"predecessor-version":[{"id":3191,"href":"https:\/\/asociacioncomerciantesdepetrer.es\/index.php\/wp-json\/wp\/v2\/pages\/949\/revisions\/3191"}],"wp:featuredmedia":[{"embeddable":true,"href":"https:\/\/asociacioncomerciantesdepetrer.es\/index.php\/wp-json\/wp\/v2\/media\/942"}],"wp:attachment":[{"href":"https:\/\/asociacioncomerciantesdepetrer.es\/index.php\/wp-json\/wp\/v2\/media?parent=949"}],"curies":[{"name":"wp","href":"https:\/\/api.w.org\/{rel}","templated":true}]}}