{"id":952,"date":"2014-04-14T11:41:10","date_gmt":"2014-04-14T11:41:10","guid":{"rendered":"http:\/\/prueba.asociacioncomerciantesdepetrer.es\/?page_id=952"},"modified":"2019-03-04T11:38:05","modified_gmt":"2019-03-04T11:38:05","slug":"decoracion-regalos-y-bazares","status":"publish","type":"page","link":"https:\/\/asociacioncomerciantesdepetrer.es\/index.php\/decoracion-regalos-y-bazares\/","title":{"rendered":"DECORACI\u00d3N &#8211; REGALOS Y BAZARES"},"content":{"rendered":"<p style=\"text-align: center;\"><img loading=\"lazy\" decoding=\"async\" class=\" size-full wp-image-950\" style=\"line-height: 1.3em;\" src=\"http:\/\/asociacioncomerciantesdepetrer.es\/wp-content\/uploads\/2014\/04\/decoracionyregalosseparacion.png\" width=\"576\" height=\"30\" border=\"0\" \/><\/p>\n<h1 style=\"text-align: center;\"><a href=\"http:\/\/asociacioncomerciantesdepetrer.es\/?page_id=913\">ALEGR\u00cdA &#8211; TU REGALO DIFERENTE<\/a><\/h1>\n<h1 style=\"text-align: center;\"><a href=\"http:\/\/asociacioncomerciantesdepetrer.es\/?page_id=1288\">FLORISTER\u00cdA FEYMA<\/a><\/h1>\n<h1 style=\"text-align: center;\"><a href=\"http:\/\/asociacioncomerciantesdepetrer.es\/?page_id=537\">NATURALEZA TROPICAL &#8211; FLORISTER\u00cdA<\/a><\/h1>\n<h1 style=\"text-align: center;\"><a href=\"http:\/\/asociacioncomerciantesdepetrer.es\/?page_id=196\">XTREM FINISH &#8211; CUADROS IMP. DIGITAL <\/a><\/h1>\n<p style=\"text-align: center;\"><img loading=\"lazy\" decoding=\"async\" class=\" size-full wp-image-951\" src=\"http:\/\/asociacioncomerciantesdepetrer.es\/wp-content\/uploads\/2014\/04\/bazaresymultiprecioseparacion.png\" width=\"576\" height=\"30\" border=\"0\" \/><\/p>\n<h1 style=\"text-align: center;\"><a href=\"http:\/\/asociacioncomerciantesdepetrer.es\/?page_id=386\">LIN &#8211; LIN &#8211; BAZAR\u00a0<\/a><\/h1>\n<h1 style=\"text-align: center;\"><a href=\"http:\/\/asociacioncomerciantesdepetrer.es\/?page_id=876\">\u00a0PLAZA ESPA\u00d1A BAZAR<\/a><\/h1>\n<h1 style=\"text-align: center;\"><a href=\"http:\/\/asociacioncomerciantesdepetrer.es\/?page_id=347\">QUIN QUIN- BAZAR\u00a0<\/a><\/h1>\n","protected":false},"excerpt":{"rendered":"<p>ALEGR\u00cdA &#8211; TU REGALO DIFERENTE FLORISTER\u00cdA FEYMA NATURALEZA TROPICAL &#8211; FLORISTER\u00cdA XTREM FINISH &#8211; CUADROS IMP. DIGITAL LIN &#8211; LIN &#8211; BAZAR\u00a0 \u00a0PLAZA ESPA\u00d1A BAZAR QUIN QUIN- BAZAR\u00a0<\/p>\n","protected":false},"author":2,"featured_media":950,"parent":0,"menu_order":19,"comment_status":"closed","ping_status":"closed","template":"","meta":{"footnotes":""},"class_list":["post-952","page","type-page","status-publish","has-post-thumbnail","czr-hentry"],"_links":{"self":[{"href":"https:\/\/asociacioncomerciantesdepetrer.es\/index.php\/wp-json\/wp\/v2\/pages\/952","targetHints":{"allow":["GET"]}}],"collection":[{"href":"https:\/\/asociacioncomerciantesdepetrer.es\/index.php\/wp-json\/wp\/v2\/pages"}],"about":[{"href":"https:\/\/asociacioncomerciantesdepetrer.es\/index.php\/wp-json\/wp\/v2\/types\/page"}],"author":[{"embeddable":true,"href":"https:\/\/asociacioncomerciantesdepetrer.es\/index.php\/wp-json\/wp\/v2\/users\/2"}],"replies":[{"embeddable":true,"href":"https:\/\/asociacioncomerciantesdepetrer.es\/index.php\/wp-json\/wp\/v2\/comments?post=952"}],"version-history":[{"count":2,"href":"https:\/\/asociacioncomerciantesdepetrer.es\/index.php\/wp-json\/wp\/v2\/pages\/952\/revisions"}],"predecessor-version":[{"id":3162,"href":"https:\/\/asociacioncomerciantesdepetrer.es\/index.php\/wp-json\/wp\/v2\/pages\/952\/revisions\/3162"}],"wp:featuredmedia":[{"embeddable":true,"href":"https:\/\/asociacioncomerciantesdepetrer.es\/index.php\/wp-json\/wp\/v2\/media\/950"}],"wp:attachment":[{"href":"https:\/\/asociacioncomerciantesdepetrer.es\/index.php\/wp-json\/wp\/v2\/media?parent=952"}],"curies":[{"name":"wp","href":"https:\/\/api.w.org\/{rel}","templated":true}]}}