{"id":955,"date":"2014-04-14T11:42:05","date_gmt":"2014-04-14T11:42:05","guid":{"rendered":"http:\/\/prueba.asociacioncomerciantesdepetrer.es\/?page_id=955"},"modified":"2020-03-04T15:22:03","modified_gmt":"2020-03-04T15:22:03","slug":"electrodomesticos","status":"publish","type":"page","link":"https:\/\/asociacioncomerciantesdepetrer.es\/index.php\/electrodomesticos\/","title":{"rendered":"ELECTRODOM\u00c9STICOS"},"content":{"rendered":"<h1 style=\"text-align: center;\"><a href=\"http:\/\/asociacioncomerciantesdepetrer.es\/?page_id=851\">BOREAL &#8211; ELECTRODOM\u00c9STICOS<\/a><\/h1>\n<h1 style=\"text-align: center;\"><a href=\"http:\/\/asociacioncomerciantesdepetrer.es\/?page_id=728\">EURONICS &#8211; ELECTRODOM\u00c9STICOS<\/a><\/h1>\n<h1 style=\"text-align: center;\"><a href=\"http:\/\/asociacioncomerciantesdepetrer.es\/?page_id=363\">EXPERT NU\u00d1EZ &#8211; ELECTRODOM\u00c9STICOS<\/a><\/h1>\n<h1 style=\"text-align: center;\"><a href=\"http:\/\/asociacioncomerciantesdepetrer.es\/?page_id=1292\">EL CHOLLAZO &#8211; ELECTRODOM\u00c9STICOS<\/a><\/h1>\n<p style=\"text-align: center;\">\n","protected":false},"excerpt":{"rendered":"<p>BOREAL &#8211; ELECTRODOM\u00c9STICOS EURONICS &#8211; ELECTRODOM\u00c9STICOS EXPERT NU\u00d1EZ &#8211; ELECTRODOM\u00c9STICOS EL CHOLLAZO &#8211; ELECTRODOM\u00c9STICOS<\/p>\n","protected":false},"author":2,"featured_media":0,"parent":0,"menu_order":16,"comment_status":"closed","ping_status":"closed","template":"","meta":{"footnotes":""},"class_list":["post-955","page","type-page","status-publish","czr-hentry"],"_links":{"self":[{"href":"https:\/\/asociacioncomerciantesdepetrer.es\/index.php\/wp-json\/wp\/v2\/pages\/955","targetHints":{"allow":["GET"]}}],"collection":[{"href":"https:\/\/asociacioncomerciantesdepetrer.es\/index.php\/wp-json\/wp\/v2\/pages"}],"about":[{"href":"https:\/\/asociacioncomerciantesdepetrer.es\/index.php\/wp-json\/wp\/v2\/types\/page"}],"author":[{"embeddable":true,"href":"https:\/\/asociacioncomerciantesdepetrer.es\/index.php\/wp-json\/wp\/v2\/users\/2"}],"replies":[{"embeddable":true,"href":"https:\/\/asociacioncomerciantesdepetrer.es\/index.php\/wp-json\/wp\/v2\/comments?post=955"}],"version-history":[{"count":1,"href":"https:\/\/asociacioncomerciantesdepetrer.es\/index.php\/wp-json\/wp\/v2\/pages\/955\/revisions"}],"predecessor-version":[{"id":3488,"href":"https:\/\/asociacioncomerciantesdepetrer.es\/index.php\/wp-json\/wp\/v2\/pages\/955\/revisions\/3488"}],"wp:attachment":[{"href":"https:\/\/asociacioncomerciantesdepetrer.es\/index.php\/wp-json\/wp\/v2\/media?parent=955"}],"curies":[{"name":"wp","href":"https:\/\/api.w.org\/{rel}","templated":true}]}}