{"id":987,"date":"2014-04-14T11:43:31","date_gmt":"2014-04-14T11:43:31","guid":{"rendered":"http:\/\/prueba.asociacioncomerciantesdepetrer.es\/?page_id=987"},"modified":"2022-04-28T09:35:44","modified_gmt":"2022-04-28T09:35:44","slug":"joyerias-y-relojerias","status":"publish","type":"page","link":"https:\/\/asociacioncomerciantesdepetrer.es\/index.php\/joyerias-y-relojerias\/","title":{"rendered":"JOYER\u00cdAS Y RELOJER\u00cdAS"},"content":{"rendered":"<h1 style=\"text-align: center;\"><a href=\"http:\/\/asociacioncomerciantesdepetrer.es\/?page_id=214\">18 KILATES &#8211; TALLER DE JOYER\u00cdA<\/a><\/h1>\n<h1 style=\"text-align: center;\"><a href=\"http:\/\/asociacioncomerciantesdepetrer.es\/?page_id=802\">DANIEL PAY\u00c1 &#8211; JOYERO<\/a><\/h1>\n<h1 style=\"text-align: center;\"><a href=\"http:\/\/asociacioncomerciantesdepetrer.es\/?page_id=1243\">DAVID &#8211; JOYER\u00cdA Y RELOJER\u00cdA<\/a><\/h1>\n<h1 style=\"text-align: center;\"><a href=\"http:\/\/asociacioncomerciantesdepetrer.es\/?page_id=596\">MANUEL JOYERO Y PLATEROS, S.L.<\/a><\/h1>\n","protected":false},"excerpt":{"rendered":"<p>18 KILATES &#8211; TALLER DE JOYER\u00cdA DANIEL PAY\u00c1 &#8211; JOYERO DAVID &#8211; JOYER\u00cdA Y RELOJER\u00cdA MANUEL JOYERO Y PLATEROS, S.L.<\/p>\n","protected":false},"author":2,"featured_media":0,"parent":0,"menu_order":13,"comment_status":"closed","ping_status":"closed","template":"","meta":{"footnotes":""},"class_list":["post-987","page","type-page","status-publish","czr-hentry"],"_links":{"self":[{"href":"https:\/\/asociacioncomerciantesdepetrer.es\/index.php\/wp-json\/wp\/v2\/pages\/987","targetHints":{"allow":["GET"]}}],"collection":[{"href":"https:\/\/asociacioncomerciantesdepetrer.es\/index.php\/wp-json\/wp\/v2\/pages"}],"about":[{"href":"https:\/\/asociacioncomerciantesdepetrer.es\/index.php\/wp-json\/wp\/v2\/types\/page"}],"author":[{"embeddable":true,"href":"https:\/\/asociacioncomerciantesdepetrer.es\/index.php\/wp-json\/wp\/v2\/users\/2"}],"replies":[{"embeddable":true,"href":"https:\/\/asociacioncomerciantesdepetrer.es\/index.php\/wp-json\/wp\/v2\/comments?post=987"}],"version-history":[{"count":2,"href":"https:\/\/asociacioncomerciantesdepetrer.es\/index.php\/wp-json\/wp\/v2\/pages\/987\/revisions"}],"predecessor-version":[{"id":3751,"href":"https:\/\/asociacioncomerciantesdepetrer.es\/index.php\/wp-json\/wp\/v2\/pages\/987\/revisions\/3751"}],"wp:attachment":[{"href":"https:\/\/asociacioncomerciantesdepetrer.es\/index.php\/wp-json\/wp\/v2\/media?parent=987"}],"curies":[{"name":"wp","href":"https:\/\/api.w.org\/{rel}","templated":true}]}}