{"id":989,"date":"2014-04-14T11:44:04","date_gmt":"2014-04-14T11:44:04","guid":{"rendered":"http:\/\/prueba.asociacioncomerciantesdepetrer.es\/?page_id=989"},"modified":"2014-04-14T11:44:04","modified_gmt":"2014-04-14T11:44:04","slug":"mercerias-lencerias-y-droguerias","status":"publish","type":"page","link":"https:\/\/asociacioncomerciantesdepetrer.es\/index.php\/mercerias-lencerias-y-droguerias\/","title":{"rendered":"MERCER\u00cdAS, LENCER\u00cdAS Y DROGUER\u00cdAS"},"content":{"rendered":"<h1 style=\"text-align: center;\"><a href=\"http:\/\/asociacioncomerciantesdepetrer.es\/?page_id=1531\">ANA DROGUER\u00cdA Y PERFUMER\u00cdA<\/a><\/h1>\n<h1 style=\"text-align: center;\"><a href=\"http:\/\/asociacioncomerciantesdepetrer.es\/?page_id=634\">\u00a0<span style=\"line-height: 1.3em;\">LA CANILLA &#8211; LENCER\u00cdA<\/span><\/a><a href=\"http:\/\/asociacioncomerciantesdepetrer.es\/?page_id=428\"><\/a><\/h1>\n<h1 style=\"text-align: center;\"><a href=\"http:\/\/asociacioncomerciantesdepetrer.es\/?page_id=866\">BENJAM\u00cdN PROFESIONAL,S.L-DROGUER\u00cdA<\/a><\/h1>\n<h1 style=\"text-align: center;\"><a href=\"http:\/\/asociacioncomerciantesdepetrer.es\/?page_id=582\">MARI-DROGUER\u00cdA,PERFUMER\u00cdA,LENC.<\/a><\/h1>\n<p>\u00a0<\/p>\n<p>\u00a0<\/p>\n<p>\u00a0<\/p>\n","protected":false},"excerpt":{"rendered":"<p>ANA DROGUER\u00cdA Y PERFUMER\u00cdA \u00a0LA CANILLA &#8211; LENCER\u00cdA BENJAM\u00cdN PROFESIONAL,S.L-DROGUER\u00cdA MARI-DROGUER\u00cdA,PERFUMER\u00cdA,LENC. \u00a0 \u00a0 \u00a0<\/p>\n","protected":false},"author":2,"featured_media":0,"parent":0,"menu_order":10,"comment_status":"closed","ping_status":"closed","template":"","meta":{"footnotes":""},"class_list":["post-989","page","type-page","status-publish","czr-hentry"],"_links":{"self":[{"href":"https:\/\/asociacioncomerciantesdepetrer.es\/index.php\/wp-json\/wp\/v2\/pages\/989","targetHints":{"allow":["GET"]}}],"collection":[{"href":"https:\/\/asociacioncomerciantesdepetrer.es\/index.php\/wp-json\/wp\/v2\/pages"}],"about":[{"href":"https:\/\/asociacioncomerciantesdepetrer.es\/index.php\/wp-json\/wp\/v2\/types\/page"}],"author":[{"embeddable":true,"href":"https:\/\/asociacioncomerciantesdepetrer.es\/index.php\/wp-json\/wp\/v2\/users\/2"}],"replies":[{"embeddable":true,"href":"https:\/\/asociacioncomerciantesdepetrer.es\/index.php\/wp-json\/wp\/v2\/comments?post=989"}],"version-history":[{"count":0,"href":"https:\/\/asociacioncomerciantesdepetrer.es\/index.php\/wp-json\/wp\/v2\/pages\/989\/revisions"}],"wp:attachment":[{"href":"https:\/\/asociacioncomerciantesdepetrer.es\/index.php\/wp-json\/wp\/v2\/media?parent=989"}],"curies":[{"name":"wp","href":"https:\/\/api.w.org\/{rel}","templated":true}]}}