{"id":997,"date":"2014-04-14T11:47:48","date_gmt":"2014-04-14T11:47:48","guid":{"rendered":"http:\/\/prueba.asociacioncomerciantesdepetrer.es\/?page_id=997"},"modified":"2022-04-28T09:43:25","modified_gmt":"2022-04-28T09:43:25","slug":"textil-y-moda","status":"publish","type":"page","link":"https:\/\/asociacioncomerciantesdepetrer.es\/index.php\/textil-y-moda\/","title":{"rendered":"TEXTIL Y MODA"},"content":{"rendered":"<h1 style=\"text-align: center;\"><a href=\"http:\/\/asociacioncomerciantesdepetrer.es\/?page_id=806\">BERNABEU &#8211; CONFECCIONES<\/a><\/h1>\n<h1 style=\"text-align: center;\"><a href=\"http:\/\/asociacioncomerciantesdepetrer.es\/?page_id=750\">EL SOTANO &#8211; LENCER\u00cdA<\/a><\/h1>\n<h1 style=\"text-align: center;\"><a href=\"http:\/\/asociacioncomerciantesdepetrer.es\/?page_id=740\">ELVIRA NAVAL\u00d3N &#8211; CONFECCI\u00d3N<\/a><\/h1>\n<h1 style=\"text-align: center;\"><a href=\"http:\/\/www.asociacioncomerciantesdepetrer.es\/index.php\/component\/content\/article\/10-asociados\/416-josefa-moda-y-complementos-2-avenida-reina-sofia\">JOSEFA COSTA &#8211; MODA Y COMPLEMENTOS<\/a><\/h1>\n<h1 style=\"text-align: center;\"><a href=\"http:\/\/asociacioncomerciantesdepetrer.es\/?page_id=69\">MARGA &#8211; MODA Y COMPLEMENTOS<\/a><\/h1>\n<h1 style=\"text-align: center;\"><a href=\"http:\/\/asociacioncomerciantesdepetrer.es\/index.php\/pelicano-confecciones\/\">PEL\u00cdCANO CONFECCIONES<\/a><\/h1>\n<h1 style=\"text-align: center;\"><a href=\"http:\/\/asociacioncomerciantesdepetrer.es\/?page_id=1164\">SE\u00d1ORPUFF &#8211; ROPA Y COMPLEMENTOS<\/a><\/h1>\n","protected":false},"excerpt":{"rendered":"<p>BERNABEU &#8211; CONFECCIONES EL SOTANO &#8211; LENCER\u00cdA ELVIRA NAVAL\u00d3N &#8211; CONFECCI\u00d3N JOSEFA COSTA &#8211; MODA Y COMPLEMENTOS MARGA &#8211; MODA Y COMPLEMENTOS PEL\u00cdCANO CONFECCIONES SE\u00d1ORPUFF &#8211; ROPA Y COMPLEMENTOS<\/p>\n","protected":false},"author":2,"featured_media":0,"parent":0,"menu_order":5,"comment_status":"closed","ping_status":"closed","template":"","meta":{"footnotes":""},"class_list":["post-997","page","type-page","status-publish","czr-hentry"],"_links":{"self":[{"href":"https:\/\/asociacioncomerciantesdepetrer.es\/index.php\/wp-json\/wp\/v2\/pages\/997","targetHints":{"allow":["GET"]}}],"collection":[{"href":"https:\/\/asociacioncomerciantesdepetrer.es\/index.php\/wp-json\/wp\/v2\/pages"}],"about":[{"href":"https:\/\/asociacioncomerciantesdepetrer.es\/index.php\/wp-json\/wp\/v2\/types\/page"}],"author":[{"embeddable":true,"href":"https:\/\/asociacioncomerciantesdepetrer.es\/index.php\/wp-json\/wp\/v2\/users\/2"}],"replies":[{"embeddable":true,"href":"https:\/\/asociacioncomerciantesdepetrer.es\/index.php\/wp-json\/wp\/v2\/comments?post=997"}],"version-history":[{"count":5,"href":"https:\/\/asociacioncomerciantesdepetrer.es\/index.php\/wp-json\/wp\/v2\/pages\/997\/revisions"}],"predecessor-version":[{"id":3757,"href":"https:\/\/asociacioncomerciantesdepetrer.es\/index.php\/wp-json\/wp\/v2\/pages\/997\/revisions\/3757"}],"wp:attachment":[{"href":"https:\/\/asociacioncomerciantesdepetrer.es\/index.php\/wp-json\/wp\/v2\/media?parent=997"}],"curies":[{"name":"wp","href":"https:\/\/api.w.org\/{rel}","templated":true}]}}